{"id":3847,"date":"2025-03-25T09:38:11","date_gmt":"2025-03-25T08:38:11","guid":{"rendered":"https:\/\/www.matrix-sa.com\/serveis-denginyeria\/"},"modified":"2025-07-31T12:32:57","modified_gmt":"2025-07-31T10:32:57","slug":"serveis-denginyeria","status":"publish","type":"page","link":"https:\/\/www.matrix-sa.com\/ca\/serveis-denginyeria\/","title":{"rendered":"Serveis d&#8217;Enginyeria"},"content":{"rendered":"\t\t<div data-elementor-type=\"wp-page\" data-elementor-id=\"3847\" class=\"elementor elementor-3847 elementor-2177\" data-elementor-post-type=\"page\">\n\t\t\t\t<div class=\"elementor-element elementor-element-ab05af7 e-flex e-con-boxed e-con e-parent\" data-id=\"ab05af7\" data-element_type=\"container\">\n\t\t\t\t\t<div class=\"e-con-inner\">\n\t\t\t\t<div class=\"elementor-element elementor-element-547d742 breadcrumbsmatrix elementor-widget elementor-widget-dce-breadcrumbs\" data-id=\"547d742\" data-element_type=\"widget\" data-widget_type=\"dce-breadcrumbs.default\">\n\t\t\t\t<div class=\"elementor-widget-container\">\n\t\t\t\t\t<div><span><span><a href=\"https:\/\/www.matrix-sa.com\/ca\/inici\/\">Inici<\/a><\/span><\/span><\/div>\t\t\t\t<\/div>\n\t\t\t\t<\/div>\n\t\t\t\t\t<\/div>\n\t\t\t\t<\/div>\n\t\t<div data-dce-background-overlay-color=\"#000000\" data-dce-background-image-url=\"https:\/\/matrix-sa.com\/wp-content\/uploads\/2025\/03\/Engineering.jpg\" class=\"elementor-element elementor-element-704c799 e-flex e-con-boxed e-con e-parent\" data-id=\"704c799\" data-element_type=\"container\" data-settings=\"{&quot;background_background&quot;:&quot;classic&quot;}\">\n\t\t\t\t\t<div class=\"e-con-inner\">\n\t\t\t\t<div class=\"elementor-element elementor-element-16200eb elementor-widget elementor-widget-heading\" data-id=\"16200eb\" data-element_type=\"widget\" data-widget_type=\"heading.default\">\n\t\t\t\t<div class=\"elementor-widget-container\">\n\t\t\t\t\t<h1 class=\"elementor-heading-title elementor-size-default\">Solucions d'Enginyeria<\/h1>\t\t\t\t<\/div>\n\t\t\t\t<\/div>\n\t\t\t\t\t<\/div>\n\t\t\t\t<\/div>\n\t\t<div class=\"elementor-element elementor-element-962cac5 e-grid e-con-boxed e-con e-parent\" data-id=\"962cac5\" data-element_type=\"container\">\n\t\t\t\t\t<div class=\"e-con-inner\">\n\t\t\t\t<div class=\"elementor-element elementor-element-da15084 dce_masking-none elementor-widget elementor-widget-image\" data-id=\"da15084\" data-element_type=\"widget\" data-widget_type=\"image.default\">\n\t\t\t\t<div class=\"elementor-widget-container\">\n\t\t\t\t\t\t\t\t\t\t\t\t\t\t\t<img decoding=\"async\" width=\"600\" height=\"2\" src=\"https:\/\/www.matrix-sa.com\/wp-content\/uploads\/2025\/02\/fake.webp\" class=\"attachment-large size-large wp-image-2861\" alt=\"\" srcset=\"https:\/\/www.matrix-sa.com\/wp-content\/uploads\/2025\/02\/fake.webp 600w, https:\/\/www.matrix-sa.com\/wp-content\/uploads\/2025\/02\/fake-300x1.webp 300w, https:\/\/www.matrix-sa.com\/wp-content\/uploads\/2025\/02\/fake-150x2.webp 150w\" sizes=\"(max-width: 600px) 100vw, 600px\" \/>\t\t\t\t\t\t\t\t\t\t\t\t\t\t\t<\/div>\n\t\t\t\t<\/div>\n\t\t<div class=\"elementor-element elementor-element-e714aed e-con-full e-flex e-con e-child\" data-id=\"e714aed\" data-element_type=\"container\">\n\t\t\t\t<div data-dce-title-color=\"#1A1A1A\" class=\"elementor-element elementor-element-31861e6 elementor-widget elementor-widget-heading\" data-id=\"31861e6\" data-element_type=\"widget\" data-widget_type=\"heading.default\">\n\t\t\t\t<div class=\"elementor-widget-container\">\n\t\t\t\t\t<h2 class=\"elementor-heading-title elementor-size-default\">A Matrix oferim solucions integrals d'enginyeria per al disseny i desenvolupament de motlles d'injecci\u00f3 d'alta precisi\u00f3.<\/h2>\t\t\t\t<\/div>\n\t\t\t\t<\/div>\n\t\t\t\t<div data-dce-text-color=\"#424242\" class=\"elementor-element elementor-element-d13117a elementor-widget elementor-widget-text-editor\" data-id=\"d13117a\" data-element_type=\"widget\" data-widget_type=\"text-editor.default\">\n\t\t\t\t<div class=\"elementor-widget-container\">\n\t\t\t\t\t\t\t\t\t<p>Els nostres serveis estan dissenyats per garantir que cada projecte assoleixi l&#8217;efici\u00e8ncia, la qualitat i la funcionalitat requerides, des de la fase inicial del concepte fins a la producci\u00f3 final.<\/p><p>El nostre proc\u00e9s es basa en un flux de treball integrat, on cada etapa est\u00e0 dissenyada per garantir que la precisi\u00f3 i el rendiment van de la m\u00e0 en cada motlle que fabriquem.<\/p>\t\t\t\t\t\t\t\t<\/div>\n\t\t\t\t<\/div>\n\t\t\t\t<\/div>\n\t\t\t\t<div class=\"elementor-element elementor-element-0db0fa6 dce_masking-none elementor-widget elementor-widget-image\" data-id=\"0db0fa6\" data-element_type=\"widget\" data-widget_type=\"image.default\">\n\t\t\t\t<div class=\"elementor-widget-container\">\n\t\t\t\t\t\t\t\t\t\t\t\t\t\t\t<img decoding=\"async\" width=\"600\" height=\"2\" src=\"https:\/\/www.matrix-sa.com\/wp-content\/uploads\/2025\/02\/fake.webp\" class=\"attachment-large size-large wp-image-2861\" alt=\"\" srcset=\"https:\/\/www.matrix-sa.com\/wp-content\/uploads\/2025\/02\/fake.webp 600w, https:\/\/www.matrix-sa.com\/wp-content\/uploads\/2025\/02\/fake-300x1.webp 300w, https:\/\/www.matrix-sa.com\/wp-content\/uploads\/2025\/02\/fake-150x2.webp 150w\" sizes=\"(max-width: 600px) 100vw, 600px\" \/>\t\t\t\t\t\t\t\t\t\t\t\t\t\t\t<\/div>\n\t\t\t\t<\/div>\n\t\t\t\t\t<\/div>\n\t\t\t\t<\/div>\n\t\t<div class=\"elementor-element elementor-element-3149aa0 e-flex e-con-boxed e-con e-parent\" data-id=\"3149aa0\" data-element_type=\"container\">\n\t\t\t\t\t<div class=\"e-con-inner\">\n\t\t\t\t<div data-dce-title-color=\"#1A1A1A\" class=\"elementor-element elementor-element-de68373 elementor-hidden-desktop elementor-hidden-tablet elementor-hidden-mobile elementor-widget elementor-widget-heading\" data-id=\"de68373\" data-element_type=\"widget\" data-widget_type=\"heading.default\">\n\t\t\t\t<div class=\"elementor-widget-container\">\n\t\t\t\t\t<h2 class=\"elementor-heading-title elementor-size-default\">Serveis d'Enginyeria<\/h2>\t\t\t\t<\/div>\n\t\t\t\t<\/div>\n\t\t\t\t\t<\/div>\n\t\t\t\t<\/div>\n\t\t<div class=\"elementor-element elementor-element-7b69ca1 e-flex e-con-boxed e-con e-parent\" data-id=\"7b69ca1\" data-element_type=\"container\">\n\t\t\t\t\t<div class=\"e-con-inner\">\n\t\t<div class=\"elementor-element elementor-element-c9ed68a e-con-full e-flex e-con e-child\" data-id=\"c9ed68a\" data-element_type=\"container\" data-settings=\"{&quot;background_background&quot;:&quot;video&quot;,&quot;background_video_link&quot;:&quot;https:\\\/\\\/youtu.be\\\/6H5SW5dbxNk&quot;,&quot;background_play_on_mobile&quot;:&quot;yes&quot;}\">\n\t\t<div class=\"elementor-background-video-container\" aria-hidden=\"true\">\n\t\t\t\t\t\t\t<div class=\"elementor-background-video-embed\"><\/div>\n\t\t\t\t\t\t<\/div>\t\t<\/div>\n\t\t<div class=\"elementor-element elementor-element-a4a214e e-con-full e-flex e-con e-child\" data-id=\"a4a214e\" data-element_type=\"container\">\n\t\t\t\t<div class=\"elementor-element elementor-element-97e50c9 ratlla49x2esquerra elementor-widget elementor-widget-heading\" data-id=\"97e50c9\" data-element_type=\"widget\" data-widget_type=\"heading.default\">\n\t\t\t\t<div class=\"elementor-widget-container\">\n\t\t\t\t\t<h3 class=\"elementor-heading-title elementor-size-default\">Disseny de motlles<\/h3>\t\t\t\t<\/div>\n\t\t\t\t<\/div>\n\t\t\t\t<div class=\"elementor-element elementor-element-0c9c0e7 elementor-widget elementor-widget-text-editor\" data-id=\"0c9c0e7\" data-element_type=\"widget\" data-widget_type=\"text-editor.default\">\n\t\t\t\t<div class=\"elementor-widget-container\">\n\t\t\t\t\t\t\t\t\t<p>L\u2019efici\u00e8ncia i la durabilitat del motlle d\u2019injecci\u00f3 depenen d\u2019un <strong>disseny prec\u00eds <\/strong>i d\u2019un conjunt<strong> mec\u00e0nic robust.<\/strong><\/p><p>El nostre coneixement expert dels diferents sistemes de c\u00e0mera calenta (HRS) i de les darreres novetats en components i elements normalitzats del mercat ens permet oferir <strong>solucions innovadores i personalitzades<\/strong> per a cada projecte.<\/p><p>Durant tot el proc\u00e9s de disseny, establim un <strong>flux constant de comunicaci\u00f3<\/strong> entre l&#8217;enginyer principal del projecte, el responsable del projecte i el client. Aix\u00f2 ens permet prendre <strong>decisions s\u00f2lides i basades en dades<\/strong> , assegurant que cada detall s&#8217;alinea amb les necessitats del client i les especificacions t\u00e8cniques del projecte. <\/p>\t\t\t\t\t\t\t\t<\/div>\n\t\t\t\t<\/div>\n\t\t\t\t<\/div>\n\t\t\t\t\t<\/div>\n\t\t\t\t<\/div>\n\t\t<div class=\"elementor-element elementor-element-1ac7a30 e-flex e-con-boxed e-con e-parent\" data-id=\"1ac7a30\" data-element_type=\"container\">\n\t\t\t\t\t<div class=\"e-con-inner\">\n\t\t<div data-dce-background-image-url=\"https:\/\/matrix-sa.com\/wp-content\/uploads\/2025\/03\/Plastic-Part-Advice-and-Design.webp\" class=\"elementor-element elementor-element-f068ec2 e-con-full e-flex e-con e-child\" data-id=\"f068ec2\" data-element_type=\"container\" data-settings=\"{&quot;background_background&quot;:&quot;classic&quot;}\">\n\t\t\t\t<\/div>\n\t\t<div class=\"elementor-element elementor-element-cf428b0 e-con-full e-flex e-con e-child\" data-id=\"cf428b0\" data-element_type=\"container\">\n\t\t\t\t<div class=\"elementor-element elementor-element-8ff0e6b ratlla49x2esquerra elementor-widget elementor-widget-heading\" data-id=\"8ff0e6b\" data-element_type=\"widget\" data-widget_type=\"heading.default\">\n\t\t\t\t<div class=\"elementor-widget-container\">\n\t\t\t\t\t<h3 class=\"elementor-heading-title elementor-size-default\">Assessorament i Disseny de peces de pl\u00e0stic<\/h3>\t\t\t\t<\/div>\n\t\t\t\t<\/div>\n\t\t\t\t<div class=\"elementor-element elementor-element-6b159c5 elementor-widget elementor-widget-text-editor\" data-id=\"6b159c5\" data-element_type=\"widget\" data-widget_type=\"text-editor.default\">\n\t\t\t\t<div class=\"elementor-widget-container\">\n\t\t\t\t\t\t\t\t\t<p>El nostre equip d&#8217;enginyers treballa estretament amb els clients per definir <strong>els requisits de disseny<\/strong> , tenint en compte les necessitats del projecte, les especificacions dels materials i els angles m\u00e9s adequats per al desemmotllament.<\/p><p>El nostre objectiu \u00e9s aconseguir l&#8217; <strong>equilibri perfecte<\/strong> entre el <strong>disseny de la pe\u00e7a<\/strong> original i la seva <strong>industrialitzaci\u00f3<\/strong> . Oferim solucions que garanteixen un cicle d&#8217;emmotllament r\u00e0pid i una pe\u00e7a altament est\u00e8tica i funcional. <\/p>\t\t\t\t\t\t\t\t<\/div>\n\t\t\t\t<\/div>\n\t\t\t\t<\/div>\n\t\t\t\t\t<\/div>\n\t\t\t\t<\/div>\n\t\t<div class=\"elementor-element elementor-element-d1b00f0 e-flex e-con-boxed e-con e-parent\" data-id=\"d1b00f0\" data-element_type=\"container\">\n\t\t\t\t\t<div class=\"e-con-inner\">\n\t\t<div data-dce-background-image-url=\"https:\/\/matrix-sa.com\/wp-content\/uploads\/2025\/03\/Moldex-CAE-Matrix.gif\" class=\"elementor-element elementor-element-d212f8b e-con-full e-flex e-con e-child\" data-id=\"d212f8b\" data-element_type=\"container\" data-settings=\"{&quot;background_background&quot;:&quot;classic&quot;}\">\n\t\t\t\t<\/div>\n\t\t<div class=\"elementor-element elementor-element-ed3ccb3 e-con-full e-flex e-con e-child\" data-id=\"ed3ccb3\" data-element_type=\"container\">\n\t\t\t\t<div class=\"elementor-element elementor-element-ada2652 ratlla49x2esquerra elementor-widget elementor-widget-heading\" data-id=\"ada2652\" data-element_type=\"widget\" data-widget_type=\"heading.default\">\n\t\t\t\t<div class=\"elementor-widget-container\">\n\t\t\t\t\t<h3 class=\"elementor-heading-title elementor-size-default\">Simulacions amb Moldex 3D<\/h3>\t\t\t\t<\/div>\n\t\t\t\t<\/div>\n\t\t\t\t<div class=\"elementor-element elementor-element-2293b4c BulletsLine elementor-widget elementor-widget-text-editor\" data-id=\"2293b4c\" data-element_type=\"widget\" data-widget_type=\"text-editor.default\">\n\t\t\t\t<div class=\"elementor-widget-container\">\n\t\t\t\t\t\t\t\t\t<p>La simulaci\u00f3 CAE (Computer-Aided Engineering) \u00e9s una eina clau per anticipar i resoldre problemes abans de la producci\u00f3. Utilitzem <strong>Moldex3D<\/strong> per: <\/p><ul><li aria-level=\"1\">Minimitzar els costos de prova i fabricaci\u00f3 de motlles.<\/li><li aria-level=\"1\">Preveure els defectes del producte i allarga la vida \u00fatil del motlle.<\/li><li aria-level=\"1\">Predir els patrons de flux i el comportament del front de fusi\u00f3.<\/li><li aria-level=\"1\">Optimitzar la ubicaci\u00f3 i el disseny de les boquilles<\/li><li aria-level=\"1\">Diagnosticar problemes com buits d\u2019aire o l\u00ednies de rebaba.<\/li><li aria-level=\"1\">Millorar l\u2019efici\u00e8ncia del refredament i reduir el temps de cicle.<\/li><\/ul><p>Aquesta fase garanteix que cada motlle estigui totalment optimitzat per a la producci\u00f3 industrial, <strong>minimitzant els riscos<\/strong> i <strong>maximitzant els resultats<\/strong> .<\/p>\t\t\t\t\t\t\t\t<\/div>\n\t\t\t\t<\/div>\n\t\t\t\t<\/div>\n\t\t\t\t\t<\/div>\n\t\t\t\t<\/div>\n\t\t<div class=\"elementor-element elementor-element-22877516 e-flex e-con-boxed e-con e-parent\" data-id=\"22877516\" data-element_type=\"container\">\n\t\t\t\t\t<div class=\"e-con-inner\">\n\t\t<div class=\"elementor-element elementor-element-23b339e3 e-con-full e-flex e-con e-child\" data-id=\"23b339e3\" data-element_type=\"container\">\n\t\t<div class=\"elementor-element elementor-element-550bc4dd e-grid e-con-full e-con e-child\" data-id=\"550bc4dd\" data-element_type=\"container\">\n\t\t\t\t<div class=\"elementor-element elementor-element-5560d09f dce_masking-none elementor-widget elementor-widget-image\" data-id=\"5560d09f\" data-element_type=\"widget\" data-widget_type=\"image.default\">\n\t\t\t\t<div class=\"elementor-widget-container\">\n\t\t\t\t\t\t\t\t\t\t\t\t\t\t\t<img decoding=\"async\" width=\"600\" height=\"2\" src=\"https:\/\/www.matrix-sa.com\/wp-content\/uploads\/2025\/07\/fake.webp\" class=\"attachment-large size-large wp-image-5115\" alt=\"\" srcset=\"https:\/\/www.matrix-sa.com\/wp-content\/uploads\/2025\/07\/fake.webp 600w, https:\/\/www.matrix-sa.com\/wp-content\/uploads\/2025\/07\/fake-300x1.webp 300w, https:\/\/www.matrix-sa.com\/wp-content\/uploads\/2025\/07\/fake-150x2.webp 150w\" sizes=\"(max-width: 600px) 100vw, 600px\" \/>\t\t\t\t\t\t\t\t\t\t\t\t\t\t\t<\/div>\n\t\t\t\t<\/div>\n\t\t<div class=\"elementor-element elementor-element-7b610ffb e-con-full e-flex e-con e-child\" data-id=\"7b610ffb\" data-element_type=\"container\">\n\t\t<a class=\"elementor-element elementor-element-e1bfc5c e-con-full e-flex e-con e-child\" data-id=\"e1bfc5c\" data-element_type=\"container\" href=\"https:\/\/dies.matrix-sa.com\/quality-lab\/\">\n\t\t\t\t<\/a>\n\t\t<a class=\"elementor-element elementor-element-24b4bc02 e-con-full e-flex e-con e-child\" data-id=\"24b4bc02\" data-element_type=\"container\" href=\"https:\/\/www.matrix-sa.com\/ca\/taller-davantguarda\/\">\n\t\t\t\t<div data-dce-text-color=\"#424242\" class=\"elementor-element elementor-element-ca08349 elementor-widget elementor-widget-text-editor\" data-id=\"ca08349\" data-element_type=\"widget\" data-widget_type=\"text-editor.default\">\n\t\t\t\t<div class=\"elementor-widget-container\">\n\t\t\t\t\t\t\t\t\t<p>Taller d&#8217;avantguarda<\/p>\t\t\t\t\t\t\t\t<\/div>\n\t\t\t\t<\/div>\n\t\t\t\t<div class=\"elementor-element elementor-element-6dfcd7a dce_masking-none elementor-widget elementor-widget-image\" data-id=\"6dfcd7a\" data-element_type=\"widget\" data-widget_type=\"image.default\">\n\t\t\t\t<div class=\"elementor-widget-container\">\n\t\t\t\t\t\t\t\t\t\t\t\t\t\t\t<img decoding=\"async\" width=\"64\" height=\"64\" src=\"https:\/\/www.matrix-sa.com\/wp-content\/uploads\/2025\/02\/button-circle-right.svg\" class=\"attachment-large size-large wp-image-2870\" alt=\"\" \/>\t\t\t\t\t\t\t\t\t\t\t\t\t\t\t<\/div>\n\t\t\t\t<\/div>\n\t\t\t\t<\/a>\n\t\t\t\t<\/div>\n\t\t\t\t<div class=\"elementor-element elementor-element-4d1db36f dce_masking-none elementor-widget elementor-widget-image\" data-id=\"4d1db36f\" data-element_type=\"widget\" data-widget_type=\"image.default\">\n\t\t\t\t<div class=\"elementor-widget-container\">\n\t\t\t\t\t\t\t\t\t\t\t\t\t\t\t<img decoding=\"async\" width=\"600\" height=\"2\" src=\"https:\/\/www.matrix-sa.com\/wp-content\/uploads\/2025\/07\/fake.webp\" class=\"attachment-large size-large wp-image-5115\" alt=\"\" srcset=\"https:\/\/www.matrix-sa.com\/wp-content\/uploads\/2025\/07\/fake.webp 600w, https:\/\/www.matrix-sa.com\/wp-content\/uploads\/2025\/07\/fake-300x1.webp 300w, https:\/\/www.matrix-sa.com\/wp-content\/uploads\/2025\/07\/fake-150x2.webp 150w\" sizes=\"(max-width: 600px) 100vw, 600px\" \/>\t\t\t\t\t\t\t\t\t\t\t\t\t\t\t<\/div>\n\t\t\t\t<\/div>\n\t\t\t\t<\/div>\n\t\t\t\t<\/div>\n\t\t\t\t\t<\/div>\n\t\t\t\t<\/div>\n\t\t\t\t<\/div>\n\t\t","protected":false},"excerpt":{"rendered":"<p>Inici Solucions d&#8217;Enginyeria A Matrix oferim solucions integrals d&#8217;enginyeria per al disseny i desenvolupament de motlles d&#8217;injecci\u00f3 d&#8217;alta precisi\u00f3. Els nostres serveis estan dissenyats per garantir que cada projecte assoleixi l&#8217;efici\u00e8ncia, la qualitat i la funcionalitat requerides, des de la fase inicial del concepte fins a la producci\u00f3 final. El nostre proc\u00e9s es basa en [&hellip;]<\/p>\n","protected":false},"author":1,"featured_media":0,"parent":0,"menu_order":0,"comment_status":"closed","ping_status":"closed","template":"","meta":{"product_image_gallery":"","footnotes":""},"class_list":["post-3847","page","type-page","status-publish","hentry"],"yoast_head":"<!-- This site is optimized with the Yoast SEO plugin v27.3 - https:\/\/yoast.com\/product\/yoast-seo-wordpress\/ -->\n<title>Serveis d&#039;Enginyeria - Matrix<\/title>\n<meta name=\"description\" content=\"A Matrix oferim solucions integrals d&#039;enginyeria per al disseny i desenvolupament de motlles d&#039;injecci\u00f3 d&#039;alta precisi\u00f3.\" \/>\n<meta name=\"robots\" content=\"index, follow, max-snippet:-1, max-image-preview:large, max-video-preview:-1\" \/>\n<link rel=\"canonical\" href=\"https:\/\/www.matrix-sa.com\/ca\/serveis-denginyeria\/\" \/>\n<meta property=\"og:locale\" content=\"ca_ES\" \/>\n<meta property=\"og:type\" content=\"article\" \/>\n<meta property=\"og:title\" content=\"Serveis d&#039;Enginyeria - Matrix\" \/>\n<meta property=\"og:description\" content=\"A Matrix oferim solucions integrals d&#039;enginyeria per al disseny i desenvolupament de motlles d&#039;injecci\u00f3 d&#039;alta precisi\u00f3.\" \/>\n<meta property=\"og:url\" content=\"https:\/\/www.matrix-sa.com\/ca\/serveis-denginyeria\/\" \/>\n<meta property=\"og:site_name\" content=\"Matrix\" \/>\n<meta property=\"article:modified_time\" content=\"2025-07-31T10:32:57+00:00\" \/>\n<meta property=\"og:image\" content=\"https:\/\/www.matrix-sa.com\/wp-content\/uploads\/2025\/02\/fake.webp\" \/>\n\t<meta property=\"og:image:width\" content=\"600\" \/>\n\t<meta property=\"og:image:height\" content=\"2\" \/>\n\t<meta property=\"og:image:type\" content=\"image\/webp\" \/>\n<meta name=\"twitter:card\" content=\"summary_large_image\" \/>\n<meta name=\"twitter:label1\" content=\"Temps estimat de lectura\" \/>\n\t<meta name=\"twitter:data1\" content=\"2 minut\" \/>\n<script type=\"application\/ld+json\" class=\"yoast-schema-graph\">{\"@context\":\"https:\\\/\\\/schema.org\",\"@graph\":[{\"@type\":\"WebPage\",\"@id\":\"https:\\\/\\\/www.matrix-sa.com\\\/ca\\\/serveis-denginyeria\\\/\",\"url\":\"https:\\\/\\\/www.matrix-sa.com\\\/ca\\\/serveis-denginyeria\\\/\",\"name\":\"Serveis d'Enginyeria - Matrix\",\"isPartOf\":{\"@id\":\"https:\\\/\\\/www.matrix-sa.com\\\/ca\\\/#website\"},\"primaryImageOfPage\":{\"@id\":\"https:\\\/\\\/www.matrix-sa.com\\\/ca\\\/serveis-denginyeria\\\/#primaryimage\"},\"image\":{\"@id\":\"https:\\\/\\\/www.matrix-sa.com\\\/ca\\\/serveis-denginyeria\\\/#primaryimage\"},\"thumbnailUrl\":\"https:\\\/\\\/www.matrix-sa.com\\\/wp-content\\\/uploads\\\/2025\\\/02\\\/fake.webp\",\"datePublished\":\"2025-03-25T08:38:11+00:00\",\"dateModified\":\"2025-07-31T10:32:57+00:00\",\"description\":\"A Matrix oferim solucions integrals d'enginyeria per al disseny i desenvolupament de motlles d'injecci\u00f3 d'alta precisi\u00f3.\",\"breadcrumb\":{\"@id\":\"https:\\\/\\\/www.matrix-sa.com\\\/ca\\\/serveis-denginyeria\\\/#breadcrumb\"},\"inLanguage\":\"ca\",\"potentialAction\":[{\"@type\":\"ReadAction\",\"target\":[\"https:\\\/\\\/www.matrix-sa.com\\\/ca\\\/serveis-denginyeria\\\/\"]}]},{\"@type\":\"ImageObject\",\"inLanguage\":\"ca\",\"@id\":\"https:\\\/\\\/www.matrix-sa.com\\\/ca\\\/serveis-denginyeria\\\/#primaryimage\",\"url\":\"https:\\\/\\\/www.matrix-sa.com\\\/wp-content\\\/uploads\\\/2025\\\/02\\\/fake.webp\",\"contentUrl\":\"https:\\\/\\\/www.matrix-sa.com\\\/wp-content\\\/uploads\\\/2025\\\/02\\\/fake.webp\"},{\"@type\":\"BreadcrumbList\",\"@id\":\"https:\\\/\\\/www.matrix-sa.com\\\/ca\\\/serveis-denginyeria\\\/#breadcrumb\",\"itemListElement\":[{\"@type\":\"ListItem\",\"position\":1,\"name\":\"Inici\",\"item\":\"https:\\\/\\\/www.matrix-sa.com\\\/ca\\\/inici\\\/\"},{\"@type\":\"ListItem\",\"position\":2,\"name\":\"Serveis d&#8217;Enginyeria\"}]},{\"@type\":\"WebSite\",\"@id\":\"https:\\\/\\\/www.matrix-sa.com\\\/ca\\\/#website\",\"url\":\"https:\\\/\\\/www.matrix-sa.com\\\/ca\\\/\",\"name\":\"Matrix - Injection Moulds\",\"description\":\"MATRIX is a company dedicated to designing and manufacturing high precision injection moulds using the most advanced technology integrated in CAD\\\/CAM\\\/CAE.\",\"publisher\":{\"@id\":\"https:\\\/\\\/www.matrix-sa.com\\\/ca\\\/#organization\"},\"potentialAction\":[{\"@type\":\"SearchAction\",\"target\":{\"@type\":\"EntryPoint\",\"urlTemplate\":\"https:\\\/\\\/www.matrix-sa.com\\\/ca\\\/?s={search_term_string}\"},\"query-input\":{\"@type\":\"PropertyValueSpecification\",\"valueRequired\":true,\"valueName\":\"search_term_string\"}}],\"inLanguage\":\"ca\"},{\"@type\":\"Organization\",\"@id\":\"https:\\\/\\\/www.matrix-sa.com\\\/ca\\\/#organization\",\"name\":\"Matrix\",\"url\":\"https:\\\/\\\/www.matrix-sa.com\\\/ca\\\/\",\"logo\":{\"@type\":\"ImageObject\",\"inLanguage\":\"ca\",\"@id\":\"https:\\\/\\\/www.matrix-sa.com\\\/ca\\\/#\\\/schema\\\/logo\\\/image\\\/\",\"url\":\"https:\\\/\\\/www.matrix-sa.com\\\/wp-content\\\/uploads\\\/2025\\\/02\\\/Favicon.svg\",\"contentUrl\":\"https:\\\/\\\/www.matrix-sa.com\\\/wp-content\\\/uploads\\\/2025\\\/02\\\/Favicon.svg\",\"width\":44,\"height\":44,\"caption\":\"Matrix\"},\"image\":{\"@id\":\"https:\\\/\\\/www.matrix-sa.com\\\/ca\\\/#\\\/schema\\\/logo\\\/image\\\/\"}}]}<\/script>\n<!-- \/ Yoast SEO plugin. -->","yoast_head_json":{"title":"Serveis d'Enginyeria - Matrix","description":"A Matrix oferim solucions integrals d'enginyeria per al disseny i desenvolupament de motlles d'injecci\u00f3 d'alta precisi\u00f3.","robots":{"index":"index","follow":"follow","max-snippet":"max-snippet:-1","max-image-preview":"max-image-preview:large","max-video-preview":"max-video-preview:-1"},"canonical":"https:\/\/www.matrix-sa.com\/ca\/serveis-denginyeria\/","og_locale":"ca_ES","og_type":"article","og_title":"Serveis d'Enginyeria - Matrix","og_description":"A Matrix oferim solucions integrals d'enginyeria per al disseny i desenvolupament de motlles d'injecci\u00f3 d'alta precisi\u00f3.","og_url":"https:\/\/www.matrix-sa.com\/ca\/serveis-denginyeria\/","og_site_name":"Matrix","article_modified_time":"2025-07-31T10:32:57+00:00","og_image":[{"width":600,"height":2,"url":"https:\/\/www.matrix-sa.com\/wp-content\/uploads\/2025\/02\/fake.webp","type":"image\/webp"}],"twitter_card":"summary_large_image","twitter_misc":{"Temps estimat de lectura":"2 minut"},"schema":{"@context":"https:\/\/schema.org","@graph":[{"@type":"WebPage","@id":"https:\/\/www.matrix-sa.com\/ca\/serveis-denginyeria\/","url":"https:\/\/www.matrix-sa.com\/ca\/serveis-denginyeria\/","name":"Serveis d'Enginyeria - Matrix","isPartOf":{"@id":"https:\/\/www.matrix-sa.com\/ca\/#website"},"primaryImageOfPage":{"@id":"https:\/\/www.matrix-sa.com\/ca\/serveis-denginyeria\/#primaryimage"},"image":{"@id":"https:\/\/www.matrix-sa.com\/ca\/serveis-denginyeria\/#primaryimage"},"thumbnailUrl":"https:\/\/www.matrix-sa.com\/wp-content\/uploads\/2025\/02\/fake.webp","datePublished":"2025-03-25T08:38:11+00:00","dateModified":"2025-07-31T10:32:57+00:00","description":"A Matrix oferim solucions integrals d'enginyeria per al disseny i desenvolupament de motlles d'injecci\u00f3 d'alta precisi\u00f3.","breadcrumb":{"@id":"https:\/\/www.matrix-sa.com\/ca\/serveis-denginyeria\/#breadcrumb"},"inLanguage":"ca","potentialAction":[{"@type":"ReadAction","target":["https:\/\/www.matrix-sa.com\/ca\/serveis-denginyeria\/"]}]},{"@type":"ImageObject","inLanguage":"ca","@id":"https:\/\/www.matrix-sa.com\/ca\/serveis-denginyeria\/#primaryimage","url":"https:\/\/www.matrix-sa.com\/wp-content\/uploads\/2025\/02\/fake.webp","contentUrl":"https:\/\/www.matrix-sa.com\/wp-content\/uploads\/2025\/02\/fake.webp"},{"@type":"BreadcrumbList","@id":"https:\/\/www.matrix-sa.com\/ca\/serveis-denginyeria\/#breadcrumb","itemListElement":[{"@type":"ListItem","position":1,"name":"Inici","item":"https:\/\/www.matrix-sa.com\/ca\/inici\/"},{"@type":"ListItem","position":2,"name":"Serveis d&#8217;Enginyeria"}]},{"@type":"WebSite","@id":"https:\/\/www.matrix-sa.com\/ca\/#website","url":"https:\/\/www.matrix-sa.com\/ca\/","name":"Matrix - Injection Moulds","description":"MATRIX is a company dedicated to designing and manufacturing high precision injection moulds using the most advanced technology integrated in CAD\/CAM\/CAE.","publisher":{"@id":"https:\/\/www.matrix-sa.com\/ca\/#organization"},"potentialAction":[{"@type":"SearchAction","target":{"@type":"EntryPoint","urlTemplate":"https:\/\/www.matrix-sa.com\/ca\/?s={search_term_string}"},"query-input":{"@type":"PropertyValueSpecification","valueRequired":true,"valueName":"search_term_string"}}],"inLanguage":"ca"},{"@type":"Organization","@id":"https:\/\/www.matrix-sa.com\/ca\/#organization","name":"Matrix","url":"https:\/\/www.matrix-sa.com\/ca\/","logo":{"@type":"ImageObject","inLanguage":"ca","@id":"https:\/\/www.matrix-sa.com\/ca\/#\/schema\/logo\/image\/","url":"https:\/\/www.matrix-sa.com\/wp-content\/uploads\/2025\/02\/Favicon.svg","contentUrl":"https:\/\/www.matrix-sa.com\/wp-content\/uploads\/2025\/02\/Favicon.svg","width":44,"height":44,"caption":"Matrix"},"image":{"@id":"https:\/\/www.matrix-sa.com\/ca\/#\/schema\/logo\/image\/"}}]}},"_links":{"self":[{"href":"https:\/\/www.matrix-sa.com\/ca\/wp-json\/wp\/v2\/pages\/3847","targetHints":{"allow":["GET"]}}],"collection":[{"href":"https:\/\/www.matrix-sa.com\/ca\/wp-json\/wp\/v2\/pages"}],"about":[{"href":"https:\/\/www.matrix-sa.com\/ca\/wp-json\/wp\/v2\/types\/page"}],"author":[{"embeddable":true,"href":"https:\/\/www.matrix-sa.com\/ca\/wp-json\/wp\/v2\/users\/1"}],"replies":[{"embeddable":true,"href":"https:\/\/www.matrix-sa.com\/ca\/wp-json\/wp\/v2\/comments?post=3847"}],"version-history":[{"count":5,"href":"https:\/\/www.matrix-sa.com\/ca\/wp-json\/wp\/v2\/pages\/3847\/revisions"}],"predecessor-version":[{"id":5280,"href":"https:\/\/www.matrix-sa.com\/ca\/wp-json\/wp\/v2\/pages\/3847\/revisions\/5280"}],"wp:attachment":[{"href":"https:\/\/www.matrix-sa.com\/ca\/wp-json\/wp\/v2\/media?parent=3847"}],"curies":[{"name":"wp","href":"https:\/\/api.w.org\/{rel}","templated":true}]}}