{"id":3880,"date":"2025-03-06T07:37:31","date_gmt":"2025-03-06T07:37:31","guid":{"rendered":"https:\/\/www.matrix-sa.com\/produccio-interna\/"},"modified":"2025-04-09T08:02:58","modified_gmt":"2025-04-09T08:02:58","slug":"produccio-interna","status":"publish","type":"page","link":"https:\/\/www.matrix-sa.com\/ca\/produccio-interna\/","title":{"rendered":"Producci\u00f3 interna"},"content":{"rendered":"\t\t<div data-elementor-type=\"wp-page\" data-elementor-id=\"3880\" class=\"elementor elementor-3880 elementor-1424\" data-elementor-post-type=\"page\">\n\t\t\t\t<div class=\"elementor-element elementor-element-1c6a024 e-flex e-con-boxed e-con e-parent\" data-id=\"1c6a024\" data-element_type=\"container\">\n\t\t\t\t\t<div class=\"e-con-inner\">\n\t\t\t\t<div class=\"elementor-element elementor-element-1180d0f elementor-widget elementor-widget-dce-breadcrumbs\" data-id=\"1180d0f\" data-element_type=\"widget\" data-widget_type=\"dce-breadcrumbs.default\">\n\t\t\t\t<div class=\"elementor-widget-container\">\n\t\t\t\t\t<div><span><span><a href=\"https:\/\/www.matrix-sa.com\/ca\/inici\/\">Inici<\/a><\/span><\/span><\/div>\t\t\t\t<\/div>\n\t\t\t\t<\/div>\n\t\t\t\t\t<\/div>\n\t\t\t\t<\/div>\n\t\t<div class=\"elementor-element elementor-element-088c02a e-flex e-con-boxed e-con e-parent\" data-id=\"088c02a\" data-element_type=\"container\">\n\t\t\t\t\t<div class=\"e-con-inner\">\n\t\t\t\t<div class=\"elementor-element elementor-element-15e782a elementor-widget elementor-widget-heading\" data-id=\"15e782a\" data-element_type=\"widget\" data-widget_type=\"heading.default\">\n\t\t\t\t<div class=\"elementor-widget-container\">\n\t\t\t\t\t<h1 class=\"elementor-heading-title elementor-size-default\">Producci\u00f3 interna<\/h1>\t\t\t\t<\/div>\n\t\t\t\t<\/div>\n\t\t\t\t\t<\/div>\n\t\t\t\t<\/div>\n\t\t<div data-dce-background-image-url=\"https:\/\/matrix-sa.com\/wp-content\/uploads\/2025\/02\/presentacio.webp\" class=\"elementor-element elementor-element-cc486bb e-flex e-con-boxed e-con e-parent\" data-id=\"cc486bb\" data-element_type=\"container\" data-settings=\"{&quot;background_background&quot;:&quot;classic&quot;}\">\n\t\t\t\t\t<div class=\"e-con-inner\">\n\t\t\t\t\t<\/div>\n\t\t\t\t<\/div>\n\t\t<div class=\"elementor-element elementor-element-080424d e-grid e-con-boxed e-con e-parent\" data-id=\"080424d\" data-element_type=\"container\">\n\t\t\t\t\t<div class=\"e-con-inner\">\n\t\t\t\t<div class=\"elementor-element elementor-element-648d9d8 dce_masking-none elementor-widget elementor-widget-image\" data-id=\"648d9d8\" data-element_type=\"widget\" data-widget_type=\"image.default\">\n\t\t\t\t<div class=\"elementor-widget-container\">\n\t\t\t\t\t\t\t\t\t\t\t\t\t\t\t<img decoding=\"async\" width=\"600\" height=\"2\" src=\"https:\/\/www.matrix-sa.com\/wp-content\/uploads\/2025\/02\/fake.webp\" class=\"attachment-large size-large wp-image-2861\" alt=\"\" srcset=\"https:\/\/www.matrix-sa.com\/wp-content\/uploads\/2025\/02\/fake.webp 600w, https:\/\/www.matrix-sa.com\/wp-content\/uploads\/2025\/02\/fake-300x1.webp 300w, https:\/\/www.matrix-sa.com\/wp-content\/uploads\/2025\/02\/fake-150x2.webp 150w\" sizes=\"(max-width: 600px) 100vw, 600px\" \/>\t\t\t\t\t\t\t\t\t\t\t\t\t\t\t<\/div>\n\t\t\t\t<\/div>\n\t\t<div class=\"elementor-element elementor-element-a162eb9 e-con-full e-flex e-con e-child\" data-id=\"a162eb9\" data-element_type=\"container\">\n\t\t\t\t<div data-dce-text-color=\"#424242\" class=\"elementor-element elementor-element-382b5bf elementor-widget elementor-widget-text-editor\" data-id=\"382b5bf\" data-element_type=\"widget\" data-widget_type=\"text-editor.default\">\n\t\t\t\t<div class=\"elementor-widget-container\">\n\t\t\t\t\t\t\t\t\t<p>A Matrix, creiem en la <strong>manufactura de qualitat<\/strong> , i per aix\u00f2 el nostre taller \u00e9s el <strong>cor de la nostra companyia<\/strong> . Els nostres operaris, organitzats en <strong>tres torns de treball<\/strong> , estan altament qualificats per treballar amb els <strong>m\u00e9s alts est\u00e0ndards de precisi\u00f3 i exig\u00e8ncia<\/strong> .<\/p><p>El taller de Matrix \u00e9s un espai <strong>totalment climatitzat, il\u00b7luminat i ordenat<\/strong> , dissenyat per garantir un entorn de treball \u00f2ptim que reflecteix el nostre comprom\u00eds amb la qualitat i la satisfacci\u00f3 dels nostres clients.<\/p>\t\t\t\t\t\t\t\t<\/div>\n\t\t\t\t<\/div>\n\t\t\t\t<\/div>\n\t\t\t\t<div class=\"elementor-element elementor-element-c5b40eb dce_masking-none elementor-widget elementor-widget-image\" data-id=\"c5b40eb\" data-element_type=\"widget\" data-widget_type=\"image.default\">\n\t\t\t\t<div class=\"elementor-widget-container\">\n\t\t\t\t\t\t\t\t\t\t\t\t\t\t\t<img decoding=\"async\" width=\"600\" height=\"2\" src=\"https:\/\/www.matrix-sa.com\/wp-content\/uploads\/2025\/02\/fake.webp\" class=\"attachment-large size-large wp-image-2861\" alt=\"\" srcset=\"https:\/\/www.matrix-sa.com\/wp-content\/uploads\/2025\/02\/fake.webp 600w, https:\/\/www.matrix-sa.com\/wp-content\/uploads\/2025\/02\/fake-300x1.webp 300w, https:\/\/www.matrix-sa.com\/wp-content\/uploads\/2025\/02\/fake-150x2.webp 150w\" sizes=\"(max-width: 600px) 100vw, 600px\" \/>\t\t\t\t\t\t\t\t\t\t\t\t\t\t\t<\/div>\n\t\t\t\t<\/div>\n\t\t\t\t\t<\/div>\n\t\t\t\t<\/div>\n\t\t\t\t<\/div>\n\t\t","protected":false},"excerpt":{"rendered":"<p>Producci\u00f3 interna A Matrix, creiem en la manufactura de qualitat , i per aix\u00f2 el nostre taller \u00e9s el cor de la nostra companyia . Els nostres operaris, organitzats en tres torns de treball , estan altament qualificats per treballar amb els m\u00e9s alts est\u00e0ndards de precisi\u00f3 i exig\u00e8ncia . El taller de Matrix \u00e9s [&hellip;]<\/p>\n","protected":false},"author":1,"featured_media":0,"parent":0,"menu_order":0,"comment_status":"closed","ping_status":"closed","template":"","meta":{"product_image_gallery":"","footnotes":""},"class_list":["post-3880","page","type-page","status-publish","hentry"],"yoast_head":"<!-- This site is optimized with the Yoast SEO plugin v27.3 - https:\/\/yoast.com\/product\/yoast-seo-wordpress\/ -->\n<title>Producci\u00f3 interna - Matrix<\/title>\n<meta name=\"robots\" content=\"index, follow, max-snippet:-1, max-image-preview:large, max-video-preview:-1\" \/>\n<link rel=\"canonical\" href=\"https:\/\/www.matrix-sa.com\/ca\/produccio-interna\/\" \/>\n<meta property=\"og:locale\" content=\"ca_ES\" \/>\n<meta property=\"og:type\" content=\"article\" \/>\n<meta property=\"og:title\" content=\"Producci\u00f3 interna - Matrix\" \/>\n<meta property=\"og:description\" content=\"Producci\u00f3 interna A Matrix, creiem en la manufactura de qualitat , i per aix\u00f2 el nostre taller \u00e9s el cor de la nostra companyia . Els nostres operaris, organitzats en tres torns de treball , estan altament qualificats per treballar amb els m\u00e9s alts est\u00e0ndards de precisi\u00f3 i exig\u00e8ncia . El taller de Matrix \u00e9s [&hellip;]\" \/>\n<meta property=\"og:url\" content=\"https:\/\/www.matrix-sa.com\/ca\/produccio-interna\/\" \/>\n<meta property=\"og:site_name\" content=\"Matrix\" \/>\n<meta property=\"article:modified_time\" content=\"2025-04-09T08:02:58+00:00\" \/>\n<meta property=\"og:image\" content=\"https:\/\/www.matrix-sa.com\/wp-content\/uploads\/2025\/02\/fake.webp\" \/>\n<meta name=\"twitter:card\" content=\"summary_large_image\" \/>\n<script type=\"application\/ld+json\" class=\"yoast-schema-graph\">{\"@context\":\"https:\\\/\\\/schema.org\",\"@graph\":[{\"@type\":\"WebPage\",\"@id\":\"https:\\\/\\\/www.matrix-sa.com\\\/ca\\\/produccio-interna\\\/\",\"url\":\"https:\\\/\\\/www.matrix-sa.com\\\/ca\\\/produccio-interna\\\/\",\"name\":\"Producci\u00f3 interna - Matrix\",\"isPartOf\":{\"@id\":\"https:\\\/\\\/www.matrix-sa.com\\\/ca\\\/#website\"},\"primaryImageOfPage\":{\"@id\":\"https:\\\/\\\/www.matrix-sa.com\\\/ca\\\/produccio-interna\\\/#primaryimage\"},\"image\":{\"@id\":\"https:\\\/\\\/www.matrix-sa.com\\\/ca\\\/produccio-interna\\\/#primaryimage\"},\"thumbnailUrl\":\"https:\\\/\\\/www.matrix-sa.com\\\/wp-content\\\/uploads\\\/2025\\\/02\\\/fake.webp\",\"datePublished\":\"2025-03-06T07:37:31+00:00\",\"dateModified\":\"2025-04-09T08:02:58+00:00\",\"breadcrumb\":{\"@id\":\"https:\\\/\\\/www.matrix-sa.com\\\/ca\\\/produccio-interna\\\/#breadcrumb\"},\"inLanguage\":\"ca\",\"potentialAction\":[{\"@type\":\"ReadAction\",\"target\":[\"https:\\\/\\\/www.matrix-sa.com\\\/ca\\\/produccio-interna\\\/\"]}]},{\"@type\":\"ImageObject\",\"inLanguage\":\"ca\",\"@id\":\"https:\\\/\\\/www.matrix-sa.com\\\/ca\\\/produccio-interna\\\/#primaryimage\",\"url\":\"https:\\\/\\\/www.matrix-sa.com\\\/wp-content\\\/uploads\\\/2025\\\/02\\\/fake.webp\",\"contentUrl\":\"https:\\\/\\\/www.matrix-sa.com\\\/wp-content\\\/uploads\\\/2025\\\/02\\\/fake.webp\"},{\"@type\":\"BreadcrumbList\",\"@id\":\"https:\\\/\\\/www.matrix-sa.com\\\/ca\\\/produccio-interna\\\/#breadcrumb\",\"itemListElement\":[{\"@type\":\"ListItem\",\"position\":1,\"name\":\"Inici\",\"item\":\"https:\\\/\\\/www.matrix-sa.com\\\/ca\\\/inici\\\/\"},{\"@type\":\"ListItem\",\"position\":2,\"name\":\"Producci\u00f3 interna\"}]},{\"@type\":\"WebSite\",\"@id\":\"https:\\\/\\\/www.matrix-sa.com\\\/ca\\\/#website\",\"url\":\"https:\\\/\\\/www.matrix-sa.com\\\/ca\\\/\",\"name\":\"Matrix - Injection Moulds\",\"description\":\"MATRIX is a company dedicated to designing and manufacturing high precision injection moulds using the most advanced technology integrated in CAD\\\/CAM\\\/CAE.\",\"publisher\":{\"@id\":\"https:\\\/\\\/www.matrix-sa.com\\\/ca\\\/#organization\"},\"potentialAction\":[{\"@type\":\"SearchAction\",\"target\":{\"@type\":\"EntryPoint\",\"urlTemplate\":\"https:\\\/\\\/www.matrix-sa.com\\\/ca\\\/?s={search_term_string}\"},\"query-input\":{\"@type\":\"PropertyValueSpecification\",\"valueRequired\":true,\"valueName\":\"search_term_string\"}}],\"inLanguage\":\"ca\"},{\"@type\":\"Organization\",\"@id\":\"https:\\\/\\\/www.matrix-sa.com\\\/ca\\\/#organization\",\"name\":\"Matrix\",\"url\":\"https:\\\/\\\/www.matrix-sa.com\\\/ca\\\/\",\"logo\":{\"@type\":\"ImageObject\",\"inLanguage\":\"ca\",\"@id\":\"https:\\\/\\\/www.matrix-sa.com\\\/ca\\\/#\\\/schema\\\/logo\\\/image\\\/\",\"url\":\"https:\\\/\\\/www.matrix-sa.com\\\/wp-content\\\/uploads\\\/2025\\\/02\\\/Favicon.svg\",\"contentUrl\":\"https:\\\/\\\/www.matrix-sa.com\\\/wp-content\\\/uploads\\\/2025\\\/02\\\/Favicon.svg\",\"width\":44,\"height\":44,\"caption\":\"Matrix\"},\"image\":{\"@id\":\"https:\\\/\\\/www.matrix-sa.com\\\/ca\\\/#\\\/schema\\\/logo\\\/image\\\/\"}}]}<\/script>\n<!-- \/ Yoast SEO plugin. -->","yoast_head_json":{"title":"Producci\u00f3 interna - Matrix","robots":{"index":"index","follow":"follow","max-snippet":"max-snippet:-1","max-image-preview":"max-image-preview:large","max-video-preview":"max-video-preview:-1"},"canonical":"https:\/\/www.matrix-sa.com\/ca\/produccio-interna\/","og_locale":"ca_ES","og_type":"article","og_title":"Producci\u00f3 interna - Matrix","og_description":"Producci\u00f3 interna A Matrix, creiem en la manufactura de qualitat , i per aix\u00f2 el nostre taller \u00e9s el cor de la nostra companyia . Els nostres operaris, organitzats en tres torns de treball , estan altament qualificats per treballar amb els m\u00e9s alts est\u00e0ndards de precisi\u00f3 i exig\u00e8ncia . El taller de Matrix \u00e9s [&hellip;]","og_url":"https:\/\/www.matrix-sa.com\/ca\/produccio-interna\/","og_site_name":"Matrix","article_modified_time":"2025-04-09T08:02:58+00:00","og_image":[{"url":"https:\/\/www.matrix-sa.com\/wp-content\/uploads\/2025\/02\/fake.webp","type":"","width":"","height":""}],"twitter_card":"summary_large_image","schema":{"@context":"https:\/\/schema.org","@graph":[{"@type":"WebPage","@id":"https:\/\/www.matrix-sa.com\/ca\/produccio-interna\/","url":"https:\/\/www.matrix-sa.com\/ca\/produccio-interna\/","name":"Producci\u00f3 interna - Matrix","isPartOf":{"@id":"https:\/\/www.matrix-sa.com\/ca\/#website"},"primaryImageOfPage":{"@id":"https:\/\/www.matrix-sa.com\/ca\/produccio-interna\/#primaryimage"},"image":{"@id":"https:\/\/www.matrix-sa.com\/ca\/produccio-interna\/#primaryimage"},"thumbnailUrl":"https:\/\/www.matrix-sa.com\/wp-content\/uploads\/2025\/02\/fake.webp","datePublished":"2025-03-06T07:37:31+00:00","dateModified":"2025-04-09T08:02:58+00:00","breadcrumb":{"@id":"https:\/\/www.matrix-sa.com\/ca\/produccio-interna\/#breadcrumb"},"inLanguage":"ca","potentialAction":[{"@type":"ReadAction","target":["https:\/\/www.matrix-sa.com\/ca\/produccio-interna\/"]}]},{"@type":"ImageObject","inLanguage":"ca","@id":"https:\/\/www.matrix-sa.com\/ca\/produccio-interna\/#primaryimage","url":"https:\/\/www.matrix-sa.com\/wp-content\/uploads\/2025\/02\/fake.webp","contentUrl":"https:\/\/www.matrix-sa.com\/wp-content\/uploads\/2025\/02\/fake.webp"},{"@type":"BreadcrumbList","@id":"https:\/\/www.matrix-sa.com\/ca\/produccio-interna\/#breadcrumb","itemListElement":[{"@type":"ListItem","position":1,"name":"Inici","item":"https:\/\/www.matrix-sa.com\/ca\/inici\/"},{"@type":"ListItem","position":2,"name":"Producci\u00f3 interna"}]},{"@type":"WebSite","@id":"https:\/\/www.matrix-sa.com\/ca\/#website","url":"https:\/\/www.matrix-sa.com\/ca\/","name":"Matrix - Injection Moulds","description":"MATRIX is a company dedicated to designing and manufacturing high precision injection moulds using the most advanced technology integrated in CAD\/CAM\/CAE.","publisher":{"@id":"https:\/\/www.matrix-sa.com\/ca\/#organization"},"potentialAction":[{"@type":"SearchAction","target":{"@type":"EntryPoint","urlTemplate":"https:\/\/www.matrix-sa.com\/ca\/?s={search_term_string}"},"query-input":{"@type":"PropertyValueSpecification","valueRequired":true,"valueName":"search_term_string"}}],"inLanguage":"ca"},{"@type":"Organization","@id":"https:\/\/www.matrix-sa.com\/ca\/#organization","name":"Matrix","url":"https:\/\/www.matrix-sa.com\/ca\/","logo":{"@type":"ImageObject","inLanguage":"ca","@id":"https:\/\/www.matrix-sa.com\/ca\/#\/schema\/logo\/image\/","url":"https:\/\/www.matrix-sa.com\/wp-content\/uploads\/2025\/02\/Favicon.svg","contentUrl":"https:\/\/www.matrix-sa.com\/wp-content\/uploads\/2025\/02\/Favicon.svg","width":44,"height":44,"caption":"Matrix"},"image":{"@id":"https:\/\/www.matrix-sa.com\/ca\/#\/schema\/logo\/image\/"}}]}},"_links":{"self":[{"href":"https:\/\/www.matrix-sa.com\/ca\/wp-json\/wp\/v2\/pages\/3880","targetHints":{"allow":["GET"]}}],"collection":[{"href":"https:\/\/www.matrix-sa.com\/ca\/wp-json\/wp\/v2\/pages"}],"about":[{"href":"https:\/\/www.matrix-sa.com\/ca\/wp-json\/wp\/v2\/types\/page"}],"author":[{"embeddable":true,"href":"https:\/\/www.matrix-sa.com\/ca\/wp-json\/wp\/v2\/users\/1"}],"replies":[{"embeddable":true,"href":"https:\/\/www.matrix-sa.com\/ca\/wp-json\/wp\/v2\/comments?post=3880"}],"version-history":[{"count":1,"href":"https:\/\/www.matrix-sa.com\/ca\/wp-json\/wp\/v2\/pages\/3880\/revisions"}],"predecessor-version":[{"id":3881,"href":"https:\/\/www.matrix-sa.com\/ca\/wp-json\/wp\/v2\/pages\/3880\/revisions\/3881"}],"wp:attachment":[{"href":"https:\/\/www.matrix-sa.com\/ca\/wp-json\/wp\/v2\/media?parent=3880"}],"curies":[{"name":"wp","href":"https:\/\/api.w.org\/{rel}","templated":true}]}}