{"id":4021,"date":"2025-03-11T15:55:24","date_gmt":"2025-03-11T15:55:24","guid":{"rendered":"https:\/\/www.matrix-sa.com\/canal-etic-de-matrix\/"},"modified":"2025-04-14T10:48:52","modified_gmt":"2025-04-14T10:48:52","slug":"canal-etic-de-matrix","status":"publish","type":"page","link":"https:\/\/www.matrix-sa.com\/ca\/canal-etic-de-matrix\/","title":{"rendered":"Canal \u00c8tic de Matrix"},"content":{"rendered":"\t\t<div data-elementor-type=\"wp-page\" data-elementor-id=\"4021\" class=\"elementor elementor-4021 elementor-1604\" data-elementor-post-type=\"page\">\n\t\t\t\t<div class=\"elementor-element elementor-element-34c2a05e e-flex e-con-boxed e-con e-parent\" data-id=\"34c2a05e\" data-element_type=\"container\">\n\t\t\t\t\t<div class=\"e-con-inner\">\n\t\t\t\t<div class=\"elementor-element elementor-element-18bc2310 elementor-widget elementor-widget-text-editor\" data-id=\"18bc2310\" data-element_type=\"widget\" data-widget_type=\"text-editor.default\">\n\t\t\t\t<div class=\"elementor-widget-container\">\n\t\t\t\t\t\t\t\t\t<p>El Canal <b>\u00c8tic de Matrix<\/b> t\u00e9 com a finalitat principal fomentar la cultura de la informaci\u00f3 i protegir les persones que informen o denuncien la comissi\u00f3 d&#8217;infraccions o delictes, donant acompliment a la <b>Llei 2\/2023.<\/b><\/p><p>A trav\u00e9s del <b>Canal de Den\u00fancies<\/b>, les persones denunciants (no necess\u00e0riament empleades) poden alertar de qualsevol infracci\u00f3 o irregularitat en un context laboral o professional.<\/p><p>Per garantir la confidencialitat de la identitat del denunciant, aquest podr\u00e0 realitzar la den\u00fancia de forma totalment an\u00f2nima, l&#8217;eina fa una neteja de metadades per poder mantenir-ne l&#8217;anonimat. <\/p><p> <strong><a style=\"background-color: #f0f0f0;\" href=\"https:\/\/denuncias.lapsowork.com\/c\/17e36cad-f469-4a61-8857-49b8971dba14\" target=\"_blank\" rel=\"noopener\">&gt;&gt;Accedeix al canal de den\u00fancies&lt;&lt;<\/a><\/strong><br><br>Un cop rebut l&#8217;informe, s&#8217;ha d&#8217;enviar un justificant de recepci\u00f3 al denunciant en un termini de <b>set dies naturals<\/b> des de la recepci\u00f3 de l&#8217;informe.<\/p><p>Mitjan\u00e7ant la comunicaci\u00f3 amb l&#8217;informant es garantir\u00e0 el dret de la persona afectada a \u00e9sser informat sobre les accions o omissions que se li atribueixen, i podr\u00e0 ser escoltada en qualsevol moment.<\/p><p>El gestor tindr\u00e0 un termini m\u00e0xim de<b> 3 mesos<\/b> per donar resposta a les actuacions de recerca.<\/p>\t\t\t\t\t\t\t\t<\/div>\n\t\t\t\t<\/div>\n\t\t\t\t\t<\/div>\n\t\t\t\t<\/div>\n\t\t\t\t<\/div>\n\t\t","protected":false},"excerpt":{"rendered":"<p>El Canal \u00c8tic de Matrix t\u00e9 com a finalitat principal fomentar la cultura de la informaci\u00f3 i protegir les persones que informen o denuncien la comissi\u00f3 d&#8217;infraccions o delictes, donant acompliment a la Llei 2\/2023. A trav\u00e9s del Canal de Den\u00fancies, les persones denunciants (no necess\u00e0riament empleades) poden alertar de qualsevol infracci\u00f3 o irregularitat en [&hellip;]<\/p>\n","protected":false},"author":1,"featured_media":0,"parent":0,"menu_order":0,"comment_status":"closed","ping_status":"closed","template":"","meta":{"product_image_gallery":"","footnotes":""},"class_list":["post-4021","page","type-page","status-publish","hentry"],"yoast_head":"<!-- This site is optimized with the Yoast SEO plugin v27.3 - https:\/\/yoast.com\/product\/yoast-seo-wordpress\/ -->\n<title>Canal \u00c8tic de Matrix - Matrix<\/title>\n<meta name=\"robots\" content=\"index, follow, max-snippet:-1, max-image-preview:large, max-video-preview:-1\" \/>\n<link rel=\"canonical\" href=\"https:\/\/www.matrix-sa.com\/ca\/canal-etic-de-matrix\/\" \/>\n<meta property=\"og:locale\" content=\"ca_ES\" \/>\n<meta property=\"og:type\" content=\"article\" \/>\n<meta property=\"og:title\" content=\"Canal \u00c8tic de Matrix - Matrix\" \/>\n<meta property=\"og:description\" content=\"El Canal \u00c8tic de Matrix t\u00e9 com a finalitat principal fomentar la cultura de la informaci\u00f3 i protegir les persones que informen o denuncien la comissi\u00f3 d&#8217;infraccions o delictes, donant acompliment a la Llei 2\/2023. A trav\u00e9s del Canal de Den\u00fancies, les persones denunciants (no necess\u00e0riament empleades) poden alertar de qualsevol infracci\u00f3 o irregularitat en [&hellip;]\" \/>\n<meta property=\"og:url\" content=\"https:\/\/www.matrix-sa.com\/ca\/canal-etic-de-matrix\/\" \/>\n<meta property=\"og:site_name\" content=\"Matrix\" \/>\n<meta property=\"article:modified_time\" content=\"2025-04-14T10:48:52+00:00\" \/>\n<meta property=\"og:image\" content=\"https:\/\/www.matrix-sa.com\/wp-content\/uploads\/2025\/03\/matrix-external-view.webp\" \/>\n\t<meta property=\"og:image:width\" content=\"2000\" \/>\n\t<meta property=\"og:image:height\" content=\"1004\" \/>\n\t<meta property=\"og:image:type\" content=\"image\/webp\" \/>\n<meta name=\"twitter:card\" content=\"summary_large_image\" \/>\n<meta name=\"twitter:label1\" content=\"Temps estimat de lectura\" \/>\n\t<meta name=\"twitter:data1\" content=\"1 minut\" \/>\n<script type=\"application\/ld+json\" class=\"yoast-schema-graph\">{\"@context\":\"https:\\\/\\\/schema.org\",\"@graph\":[{\"@type\":\"WebPage\",\"@id\":\"https:\\\/\\\/www.matrix-sa.com\\\/ca\\\/canal-etic-de-matrix\\\/\",\"url\":\"https:\\\/\\\/www.matrix-sa.com\\\/ca\\\/canal-etic-de-matrix\\\/\",\"name\":\"Canal \u00c8tic de Matrix - Matrix\",\"isPartOf\":{\"@id\":\"https:\\\/\\\/www.matrix-sa.com\\\/ca\\\/#website\"},\"datePublished\":\"2025-03-11T15:55:24+00:00\",\"dateModified\":\"2025-04-14T10:48:52+00:00\",\"breadcrumb\":{\"@id\":\"https:\\\/\\\/www.matrix-sa.com\\\/ca\\\/canal-etic-de-matrix\\\/#breadcrumb\"},\"inLanguage\":\"ca\",\"potentialAction\":[{\"@type\":\"ReadAction\",\"target\":[\"https:\\\/\\\/www.matrix-sa.com\\\/ca\\\/canal-etic-de-matrix\\\/\"]}]},{\"@type\":\"BreadcrumbList\",\"@id\":\"https:\\\/\\\/www.matrix-sa.com\\\/ca\\\/canal-etic-de-matrix\\\/#breadcrumb\",\"itemListElement\":[{\"@type\":\"ListItem\",\"position\":1,\"name\":\"Inici\",\"item\":\"https:\\\/\\\/www.matrix-sa.com\\\/ca\\\/inici\\\/\"},{\"@type\":\"ListItem\",\"position\":2,\"name\":\"Canal \u00c8tic de Matrix\"}]},{\"@type\":\"WebSite\",\"@id\":\"https:\\\/\\\/www.matrix-sa.com\\\/ca\\\/#website\",\"url\":\"https:\\\/\\\/www.matrix-sa.com\\\/ca\\\/\",\"name\":\"Matrix - Injection Moulds\",\"description\":\"MATRIX is a company dedicated to designing and manufacturing high precision injection moulds using the most advanced technology integrated in CAD\\\/CAM\\\/CAE.\",\"publisher\":{\"@id\":\"https:\\\/\\\/www.matrix-sa.com\\\/ca\\\/#organization\"},\"potentialAction\":[{\"@type\":\"SearchAction\",\"target\":{\"@type\":\"EntryPoint\",\"urlTemplate\":\"https:\\\/\\\/www.matrix-sa.com\\\/ca\\\/?s={search_term_string}\"},\"query-input\":{\"@type\":\"PropertyValueSpecification\",\"valueRequired\":true,\"valueName\":\"search_term_string\"}}],\"inLanguage\":\"ca\"},{\"@type\":\"Organization\",\"@id\":\"https:\\\/\\\/www.matrix-sa.com\\\/ca\\\/#organization\",\"name\":\"Matrix\",\"url\":\"https:\\\/\\\/www.matrix-sa.com\\\/ca\\\/\",\"logo\":{\"@type\":\"ImageObject\",\"inLanguage\":\"ca\",\"@id\":\"https:\\\/\\\/www.matrix-sa.com\\\/ca\\\/#\\\/schema\\\/logo\\\/image\\\/\",\"url\":\"https:\\\/\\\/www.matrix-sa.com\\\/wp-content\\\/uploads\\\/2025\\\/02\\\/Favicon.svg\",\"contentUrl\":\"https:\\\/\\\/www.matrix-sa.com\\\/wp-content\\\/uploads\\\/2025\\\/02\\\/Favicon.svg\",\"width\":44,\"height\":44,\"caption\":\"Matrix\"},\"image\":{\"@id\":\"https:\\\/\\\/www.matrix-sa.com\\\/ca\\\/#\\\/schema\\\/logo\\\/image\\\/\"}}]}<\/script>\n<!-- \/ Yoast SEO plugin. -->","yoast_head_json":{"title":"Canal \u00c8tic de Matrix - Matrix","robots":{"index":"index","follow":"follow","max-snippet":"max-snippet:-1","max-image-preview":"max-image-preview:large","max-video-preview":"max-video-preview:-1"},"canonical":"https:\/\/www.matrix-sa.com\/ca\/canal-etic-de-matrix\/","og_locale":"ca_ES","og_type":"article","og_title":"Canal \u00c8tic de Matrix - Matrix","og_description":"El Canal \u00c8tic de Matrix t\u00e9 com a finalitat principal fomentar la cultura de la informaci\u00f3 i protegir les persones que informen o denuncien la comissi\u00f3 d&#8217;infraccions o delictes, donant acompliment a la Llei 2\/2023. A trav\u00e9s del Canal de Den\u00fancies, les persones denunciants (no necess\u00e0riament empleades) poden alertar de qualsevol infracci\u00f3 o irregularitat en [&hellip;]","og_url":"https:\/\/www.matrix-sa.com\/ca\/canal-etic-de-matrix\/","og_site_name":"Matrix","article_modified_time":"2025-04-14T10:48:52+00:00","og_image":[{"width":2000,"height":1004,"url":"https:\/\/www.matrix-sa.com\/wp-content\/uploads\/2025\/03\/matrix-external-view.webp","type":"image\/webp"}],"twitter_card":"summary_large_image","twitter_misc":{"Temps estimat de lectura":"1 minut"},"schema":{"@context":"https:\/\/schema.org","@graph":[{"@type":"WebPage","@id":"https:\/\/www.matrix-sa.com\/ca\/canal-etic-de-matrix\/","url":"https:\/\/www.matrix-sa.com\/ca\/canal-etic-de-matrix\/","name":"Canal \u00c8tic de Matrix - Matrix","isPartOf":{"@id":"https:\/\/www.matrix-sa.com\/ca\/#website"},"datePublished":"2025-03-11T15:55:24+00:00","dateModified":"2025-04-14T10:48:52+00:00","breadcrumb":{"@id":"https:\/\/www.matrix-sa.com\/ca\/canal-etic-de-matrix\/#breadcrumb"},"inLanguage":"ca","potentialAction":[{"@type":"ReadAction","target":["https:\/\/www.matrix-sa.com\/ca\/canal-etic-de-matrix\/"]}]},{"@type":"BreadcrumbList","@id":"https:\/\/www.matrix-sa.com\/ca\/canal-etic-de-matrix\/#breadcrumb","itemListElement":[{"@type":"ListItem","position":1,"name":"Inici","item":"https:\/\/www.matrix-sa.com\/ca\/inici\/"},{"@type":"ListItem","position":2,"name":"Canal \u00c8tic de Matrix"}]},{"@type":"WebSite","@id":"https:\/\/www.matrix-sa.com\/ca\/#website","url":"https:\/\/www.matrix-sa.com\/ca\/","name":"Matrix - Injection Moulds","description":"MATRIX is a company dedicated to designing and manufacturing high precision injection moulds using the most advanced technology integrated in CAD\/CAM\/CAE.","publisher":{"@id":"https:\/\/www.matrix-sa.com\/ca\/#organization"},"potentialAction":[{"@type":"SearchAction","target":{"@type":"EntryPoint","urlTemplate":"https:\/\/www.matrix-sa.com\/ca\/?s={search_term_string}"},"query-input":{"@type":"PropertyValueSpecification","valueRequired":true,"valueName":"search_term_string"}}],"inLanguage":"ca"},{"@type":"Organization","@id":"https:\/\/www.matrix-sa.com\/ca\/#organization","name":"Matrix","url":"https:\/\/www.matrix-sa.com\/ca\/","logo":{"@type":"ImageObject","inLanguage":"ca","@id":"https:\/\/www.matrix-sa.com\/ca\/#\/schema\/logo\/image\/","url":"https:\/\/www.matrix-sa.com\/wp-content\/uploads\/2025\/02\/Favicon.svg","contentUrl":"https:\/\/www.matrix-sa.com\/wp-content\/uploads\/2025\/02\/Favicon.svg","width":44,"height":44,"caption":"Matrix"},"image":{"@id":"https:\/\/www.matrix-sa.com\/ca\/#\/schema\/logo\/image\/"}}]}},"_links":{"self":[{"href":"https:\/\/www.matrix-sa.com\/ca\/wp-json\/wp\/v2\/pages\/4021","targetHints":{"allow":["GET"]}}],"collection":[{"href":"https:\/\/www.matrix-sa.com\/ca\/wp-json\/wp\/v2\/pages"}],"about":[{"href":"https:\/\/www.matrix-sa.com\/ca\/wp-json\/wp\/v2\/types\/page"}],"author":[{"embeddable":true,"href":"https:\/\/www.matrix-sa.com\/ca\/wp-json\/wp\/v2\/users\/1"}],"replies":[{"embeddable":true,"href":"https:\/\/www.matrix-sa.com\/ca\/wp-json\/wp\/v2\/comments?post=4021"}],"version-history":[{"count":2,"href":"https:\/\/www.matrix-sa.com\/ca\/wp-json\/wp\/v2\/pages\/4021\/revisions"}],"predecessor-version":[{"id":4038,"href":"https:\/\/www.matrix-sa.com\/ca\/wp-json\/wp\/v2\/pages\/4021\/revisions\/4038"}],"wp:attachment":[{"href":"https:\/\/www.matrix-sa.com\/ca\/wp-json\/wp\/v2\/media?parent=4021"}],"curies":[{"name":"wp","href":"https:\/\/api.w.org\/{rel}","templated":true}]}}