{"id":4553,"date":"2025-02-13T11:32:53","date_gmt":"2025-02-13T10:32:53","guid":{"rendered":"https:\/\/www.matrix-sa.com\/politica-de-privacitat\/"},"modified":"2025-06-26T15:18:48","modified_gmt":"2025-06-26T13:18:48","slug":"privacy-policy","status":"publish","type":"page","link":"https:\/\/www.matrix-sa.com\/ca\/privacy-policy\/","title":{"rendered":"Pol\u00edtica de privacitat"},"content":{"rendered":"<p style=\"padding-left: 40px;\">\u00daltima actualitzaci\u00f3<\/p>\n<p>&nbsp;<\/p>\n<p style=\"padding-left: 40px;\"><strong>1. Objecte<\/strong><\/p>\n<p style=\"padding-left: 40px;\">La present pol\u00edtica de privacitat regula el tractament de dades personals que es realitza a trav\u00e9s de la p\u00e0gina web <a href=\"https:\/\/www.matrix-sa.com\/ca\/\">https:\/\/www.matrix-sa.com<\/a> (en endavant, la \u201cp\u00e0gina web\u201d).<\/p>\n<p>&nbsp;<\/p>\n<p style=\"padding-left: 40px;\"><strong>2. RESPONSABLE DEL TRACTAMENT<\/strong><\/p>\n<p style=\"padding-left: 40px;\">El responsable del tractament de les dades personals \u00e9s MATRIX, S.A.U. amb domicili al Pol\u00edgon Industrial La Barricona, ctra. c-26, km. 195 (17500) Ripoll, NIF A17024720 i correu electr\u00f2nic privacy@matrix-sa.com. <\/p>\n<p style=\"padding-left: 40px;\">MATRIX, S.A.U. es reserva el dret de modificar la present pol\u00edtica de privacitat d\u2019acord amb el seu propi criteri, o motivat per un canvi legal, jurisprudencial, o doctrinal de les autoritats de control competents. L\u2019\u00fas de la p\u00e0gina web despr\u00e9s dels canvis implicar\u00e0 l\u2019acceptaci\u00f3 dels mateixos. <\/p>\n<p style=\"padding-left: 40px;\">La p\u00e0gina web pot contenir enlla\u00e7os a p\u00e0gines externes. MATRIX, S.A.U. no assumeix cap responsabilitat sobre els continguts ni sobre qualsevol altre aspecte relacionat amb aquestes p\u00e0gines o llocs web externs. <\/p>\n<p>&nbsp;<\/p>\n<p style=\"padding-left: 40px;\"><strong>3. DADES PERSONALS<\/strong><\/p>\n<p style=\"padding-left: 40px;\">MATRIX, S.A.U. recollir\u00e0 exclusivament les dades personals adequades, pertinents i limitades al que sigui necessari en relaci\u00f3 amb les finalitats per a les quals s\u00f3n tractades, segons corresponguin en cada cas.<\/p>\n<p style=\"padding-left: 40px;\">L&#8217;usuari garanteix l&#8217;autenticitat de les dades comunicades i ser\u00e0 l&#8217;\u00fanic responsable de qualsevol manifestaci\u00f3 falsa o inexacta.<\/p>\n<p>&nbsp;<\/p>\n<p style=\"padding-left: 40px;\"><strong>4. FINALITATS DEL TRACTAMENT<\/strong><\/p>\n<p style=\"padding-left: 40px;\">Les dades personals es tractaran pel responsable del tractament per a les finalitats seg\u00fcents, segons correspongui en cada cas:<\/p>\n<p style=\"padding-left: 40px;\">\u00b7 Consulta i, en el seu cas, investigaci\u00f3 i resposta dels missatges rebuts.<br \/>\n\u00b7 Respondre les persones que s&#8217;han posat en contacte amb MATRIX, S.A.U. amb l&#8217;inter\u00e8s potencial per esdevenir els seus clients, distribu\u00efdors o prove\u00efdors.<br \/>\n\u00b7 Gesti\u00f3 comercial i administrativa pr\u00f2pia de la relaci\u00f3 contractual existent amb els seus clients i prove\u00efdors, que inclour\u00e0 l\u2019emissi\u00f3 i gesti\u00f3 de pressupostos, comandes i d\u2019altre documentaci\u00f3 contractual, aix\u00ed com l\u2019emissi\u00f3 i el control de cobrament i pagament de les factures.<br \/>\n\u00b7 Manteniment de la relaci\u00f3 contractual amb l\u2019interessat o b\u00e9 amb l&#8217;empresa o organitzaci\u00f3 en la qu\u00e8 treballa o col\u00b7labora.<br \/>\n\u00b7 Revisi\u00f3 i valoraci\u00f3 de la informaci\u00f3 i\/o documentaci\u00f3 proporcionada amb l\u2019objectiu de participar en un proc\u00e9s de selecci\u00f3 d\u2019una vacant existent o futura, o b\u00e9 per presentar una candidatura espont\u00e0nia. En cas que fos d\u2019inter\u00e8s de MATRIX S.A.U., es posar\u00e0 en contacte amb l\u2019interessat amb la intenci\u00f3 de valorar la seva candidatura i, en cas de desestimar-se, es podr\u00e0 conservar durant un per\u00edode addicional d\u20191 any des de la seva recepci\u00f3.<br \/>\n\u00b7 Prevenci\u00f3, detecci\u00f3 i control d&#8217;abusos i fraus comesos a la p\u00e0gina web o a trav\u00e9s de la mateixa.<br \/>\n\u00b7 Gesti\u00f3 del compliment de les obligacions legalment estipulades.<\/p>\n<p>&nbsp;<\/p>\n<p style=\"padding-left: 40px;\"><strong>5. LEGITIMACI\u00d3 DEL TRACTAMENT<\/strong><\/p>\n<p style=\"padding-left: 40px;\">La base jur\u00eddica del tractament de les dades personals ser\u00e0 el consentiment de l&#8217;usuari, en cas d&#8217;haver estat prestat per les seg\u00fcents finalitats:<\/p>\n<p style=\"padding-left: 40px;\">\u00b7 Consulta i, en el seu cas, investigaci\u00f3 i resposta dels missatges rebuts.<br \/>\n\u00b7 Conservaci\u00f3 de la informaci\u00f3 i\/o documentaci\u00f3 proporcionada amb l\u2019objectiu de participar en un proc\u00e9s de selecci\u00f3 durant un per\u00edode addicional d\u20191 any des de la seva recepci\u00f3.<\/p>\n<p style=\"padding-left: 40px;\">L&#8217;usuari tindr\u00e0 dret a retirar el consentiment en qualsevol moment, sense que aix\u00f2 afecti la licitud del tractament previ a la seva retirada.<\/p>\n<p style=\"padding-left: 40px;\">La base jur\u00eddica del tractament de les dades personals ser\u00e0 el compliment d&#8217;una obligaci\u00f3 legal, en cas d&#8217;haver estat prestat per les finalitats seg\u00fcents:<\/p>\n<p style=\"padding-left: 40px;\">\u00b7 Gesti\u00f3 administrativa pr\u00f2pia de la relaci\u00f3 contractual existent amb els seus clients, que inclour\u00e0 l\u2019emissi\u00f3 de les factures.<br \/>\n\u00b7 Gesti\u00f3 del compliment de les obligacions legalment estipulades.<\/p>\n<p style=\"padding-left: 40px;\">El tractament de les dades personals segons les finalitats esmentades \u00e9s necessari perqu\u00e8 MATRIX, S.A.U. pugui complir amb les obligacions que li imposa la legislaci\u00f3 aplicable.<\/p>\n<p style=\"padding-left: 40px;\">Per altra banda, la base jur\u00eddica del tractament de les dades personals ser\u00e0 l\u2019aplicaci\u00f3 de les mesures pre-contractuals sol\u00b7licitades, la intenci\u00f3 de l\u2019interessat de subscriure un contracte amb el responsable del tractament o b\u00e9 l&#8217;execuci\u00f3 del contracte, en cas d&#8217;haver estat prestat per les finalitats seg\u00fcents:<\/p>\n<p style=\"padding-left: 40px;\">\u00b7 Respondre les persones que s&#8217;han posat en contacte amb MATRIX, S.A.U. amb l&#8217;inter\u00e8s potencial per esdevenir clients, distribu\u00efdors o prove\u00efdors de MATRIX, S.A.U.<br \/>\n\u00b7 Gesti\u00f3 comercial i administrativa pr\u00f2pia de la relaci\u00f3 contractual existent amb els seus clients, que inclour\u00e0 l\u2019emissi\u00f3 i gesti\u00f3 de pressupostos, comandes i d\u2019altre documentaci\u00f3 contractual, aix\u00ed com el control de cobrament de les factures.<br \/>\n\u00b7 Gesti\u00f3 comercial i administrativa pr\u00f2pia de la relaci\u00f3 contractual existent amb els seus prove\u00efdors, que inclour\u00e0 la gesti\u00f3 de pressupostos, comandes i d\u2019altre documentaci\u00f3 contractual, aix\u00ed com el control de pagament de les factures.<br \/>\n\u00b7 Revisi\u00f3 i valoraci\u00f3 de la informaci\u00f3 i\/o documentaci\u00f3 proporcionada amb l\u2019objectiu de participar en un proc\u00e9s de selecci\u00f3 d\u2019una vacant existent o futura, o b\u00e9 per presentar una candidatura espont\u00e0nia. En cas que fos d\u2019inter\u00e8s de MATRIX S.A.U., es posar\u00e0 en contacte amb l\u2019interessat amb la intenci\u00f3 de valorar la seva candidatura. <\/p>\n<p style=\"padding-left: 40px;\">El tractament de les dades personals segons la finalitat esmentada \u00e9s necessari per poder aplicar les mesures precontractuals sol\u00b7licitades i per poder subscriure i executar el contracte entre MATRIX, S.A.U. i els seus clients i\/o prove\u00efdors.<\/p>\n<p style=\"padding-left: 40px;\">Finalment, la base jur\u00eddica del tractament de les dades personals ser\u00e0 l\u2019inter\u00e8s leg\u00edtim del responsable del tractament, en cas d&#8217;haver estat prestat per les finalitats seg\u00fcents:<\/p>\n<p style=\"padding-left: 40px;\">\u00b7 Manteniment de la relaci\u00f3 contractual amb l\u2019interessat o b\u00e9 amb l&#8217;empresa o organitzaci\u00f3 en la qu\u00e8 treballa o col\u00b7labora. L\u2019inter\u00e8s leg\u00edtim del responsable del tractament es troba reconegut per la normativa aplicable.<br \/>\n\u00b7 Prevenci\u00f3, detecci\u00f3 i control d&#8217;abusos i fraus comesos a la p\u00e0gina web o a trav\u00e9s de la mateixa. L\u2019inter\u00e8s leg\u00edtim es basa en la voluntat del responsable del tractament de mantenir la p\u00e0gina web com un lloc web segur. <\/p>\n<p>&nbsp;<\/p>\n<p style=\"padding-left: 40px;\"><strong>6. DESTINATARIS<\/strong><\/p>\n<p style=\"padding-left: 40px;\">MATRIX, S.A.U. no comunicar\u00e0 les dades personals a tercers, excepte en cas d&#8217;obligaci\u00f3 legal i a tercers subcontractats.<\/p>\n<p>&nbsp;<\/p>\n<p style=\"padding-left: 40px;\"><strong>7. TERMINIS DE CONSERVACI\u00d3<\/strong><\/p>\n<p style=\"padding-left: 40px;\">En cas que la base jur\u00eddica del tractament consisteixi en el consentiment de l&#8217;usuari, les dades seran conservades mentre aquest no es revoqui.<\/p>\n<p style=\"padding-left: 40px;\">Els curr\u00edculums vitae es conservaran durant un termini m\u00e0xim de 12 mesos, tenint en compte possibles futurs processos de selecci\u00f3 de MATRIX S.A.U., sempre que pr\u00e8viament l&#8217;usuari no revoqui el consentiment prestat.<\/p>\n<p style=\"padding-left: 40px;\">En cas que la base jur\u00eddica del tractament sigui el compliment d\u2019una obligaci\u00f3 legal o un inter\u00e8s leg\u00edtim, les dades seran conservades durant el termini necessari per garantir el seu compliment.<\/p>\n<p style=\"padding-left: 40px;\">Si la legitimitat del tractament es basa en l\u2019aplicaci\u00f3 de les mesures pre-contractuals sol\u00b7licitades o b\u00e9 l&#8217;execuci\u00f3 del contracte, les dades seran conservades mentre no es retiri la sol\u00b7licitud d\u2019aplicaci\u00f3 de les mesures pre-contractuals o b\u00e9 durant el termini necessari per garantir l\u2019execuci\u00f3 del contracte.<\/p>\n<p style=\"padding-left: 40px;\">En tot cas les dades personals es conservaran durant tot el per\u00edode de temps que poguessin exigir-se responsabilitats al responsable del tractament segons estipula la llei aplicable, procedint, si escau, al bloqueig de les dades fins que hagi transcorregut el termini de prescripci\u00f3 corresponent. <\/p>\n<p>&nbsp;<\/p>\n<p style=\"padding-left: 40px;\"><strong>8. DRETS DELS USUARIS<\/strong><\/p>\n<p style=\"padding-left: 40px;\">L\u2019informem que en qualsevol moment pot exercir els drets d\u2019acc\u00e9s, rectificaci\u00f3, supressi\u00f3, limitaci\u00f3, oposici\u00f3 i portabilitat respecte a les seves dades de car\u00e0cter personal previstes a la normativa en mat\u00e8ria de protecci\u00f3 de dades, enviant un escrit al domicili postal Pol\u00edgon Industrial La Barricona, ctra. c-26, km. 195 (17500) Ripoll, o b\u00e9 al correu electr\u00f2nic <a href=\"mailto:privacy@matrix-sa.com\">privacy@matrix-sa.com.<\/a> <\/p>\n<p style=\"padding-left: 40px;\">En concret, pot exercir els drets que es desenvolupen a continuaci\u00f3:<\/p>\n<p style=\"padding-left: 40px;\">\u00b7 Accedir a les seves dades personals.<br \/>\n\u00b7 Rectificar les dades inexactes o incompletes.<br \/>\n\u00b7 Sol\u00b7licitar la supressi\u00f3 de les seves dades quan, entre altres motius, les dades ja no siguin necess\u00e0ries per les finalitats per a les quals van ser recollides.<br \/>\n\u00b7 Exercir la limitaci\u00f3 del tractament de les dades quan es compleixi alguna de les condicions previstes en la normativa de protecci\u00f3 de dades.<br \/>\n\u00b7 En determinades circumst\u00e0ncies i per motius relacionats amb la seva situaci\u00f3 particular respecte al tractament de les seves dades, els interessats podran oposar-se al tractament. En aquests casos, MATRIX,<br \/>S.A.U. deixar\u00e0 de tractar les dades, excepte per motius leg\u00edtims imperiosos, o l\u2019exercici o la defensa de possibles reclamacions.<br \/>\n\u00b7 Obtenir intervenci\u00f3 humana, a expressar el seu punt de vista i a impugnar les decisions automatitzades adoptades per part de MATRIX, S.A.U., si s\u2019escau.<br \/>\n\u00b7 Sol\u00b7licitar la portabilitat de les seves dades.<\/p>\n<p style=\"padding-left: 40px;\">En cas de disconformitat en relaci\u00f3 a la tramitaci\u00f3 de les seves dades pot presentar una reclamaci\u00f3 davant l&#8217;Ag\u00e8ncia Espanyola de Protecci\u00f3 de Dades <a href=\"http:\/\/www.aepd.es\">www.aepd.es.<\/a><\/p>\n","protected":false},"excerpt":{"rendered":"<p>\u00daltima actualitzaci\u00f3 &nbsp; 1. Objecte La present pol\u00edtica de privacitat regula el tractament de dades personals que es realitza a trav\u00e9s de la p\u00e0gina web https:\/\/www.matrix-sa.com (en endavant, la \u201cp\u00e0gina web\u201d). &nbsp; 2. RESPONSABLE DEL TRACTAMENT El responsable del tractament de les dades personals \u00e9s MATRIX, S.A.U. amb domicili al Pol\u00edgon Industrial La Barricona, ctra. [&hellip;]<\/p>\n","protected":false},"author":1,"featured_media":0,"parent":0,"menu_order":0,"comment_status":"closed","ping_status":"open","template":"","meta":{"product_image_gallery":"","footnotes":""},"class_list":["post-4553","page","type-page","status-publish","hentry"],"yoast_head":"<!-- This site is optimized with the Yoast SEO plugin v27.3 - https:\/\/yoast.com\/product\/yoast-seo-wordpress\/ -->\n<title>Pol\u00edtica de privacitat - Matrix<\/title>\n<meta name=\"robots\" content=\"noindex, nofollow\" \/>\n<meta property=\"og:locale\" content=\"ca_ES\" \/>\n<meta property=\"og:type\" content=\"article\" \/>\n<meta property=\"og:title\" content=\"Pol\u00edtica de privacitat - Matrix\" \/>\n<meta property=\"og:description\" content=\"\u00daltima actualitzaci\u00f3 &nbsp; 1. Objecte La present pol\u00edtica de privacitat regula el tractament de dades personals que es realitza a trav\u00e9s de la p\u00e0gina web https:\/\/www.matrix-sa.com (en endavant, la \u201cp\u00e0gina web\u201d). &nbsp; 2. RESPONSABLE DEL TRACTAMENT El responsable del tractament de les dades personals \u00e9s MATRIX, S.A.U. amb domicili al Pol\u00edgon Industrial La Barricona, ctra. [&hellip;]\" \/>\n<meta property=\"og:url\" content=\"https:\/\/www.matrix-sa.com\/ca\/privacy-policy\/\" \/>\n<meta property=\"og:site_name\" content=\"Matrix\" \/>\n<meta property=\"article:modified_time\" content=\"2025-06-26T13:18:48+00:00\" \/>\n<meta property=\"og:image\" content=\"https:\/\/www.matrix-sa.com\/wp-content\/uploads\/2025\/03\/matrix-external-view.webp\" \/>\n\t<meta property=\"og:image:width\" content=\"2000\" \/>\n\t<meta property=\"og:image:height\" content=\"1004\" \/>\n\t<meta property=\"og:image:type\" content=\"image\/webp\" \/>\n<meta name=\"twitter:card\" content=\"summary_large_image\" \/>\n<meta name=\"twitter:label1\" content=\"Temps estimat de lectura\" \/>\n\t<meta name=\"twitter:data1\" content=\"5 minut\" \/>\n<script type=\"application\/ld+json\" class=\"yoast-schema-graph\">{\"@context\":\"https:\\\/\\\/schema.org\",\"@graph\":[{\"@type\":\"WebPage\",\"@id\":\"https:\\\/\\\/www.matrix-sa.com\\\/ca\\\/privacy-policy\\\/\",\"url\":\"https:\\\/\\\/www.matrix-sa.com\\\/ca\\\/privacy-policy\\\/\",\"name\":\"Pol\u00edtica de privacitat - Matrix\",\"isPartOf\":{\"@id\":\"https:\\\/\\\/www.matrix-sa.com\\\/ca\\\/#website\"},\"datePublished\":\"2025-02-13T10:32:53+00:00\",\"dateModified\":\"2025-06-26T13:18:48+00:00\",\"breadcrumb\":{\"@id\":\"https:\\\/\\\/www.matrix-sa.com\\\/ca\\\/privacy-policy\\\/#breadcrumb\"},\"inLanguage\":\"ca\",\"potentialAction\":[{\"@type\":\"ReadAction\",\"target\":[\"https:\\\/\\\/www.matrix-sa.com\\\/ca\\\/privacy-policy\\\/\"]}]},{\"@type\":\"BreadcrumbList\",\"@id\":\"https:\\\/\\\/www.matrix-sa.com\\\/ca\\\/privacy-policy\\\/#breadcrumb\",\"itemListElement\":[{\"@type\":\"ListItem\",\"position\":1,\"name\":\"Inici\",\"item\":\"https:\\\/\\\/www.matrix-sa.com\\\/ca\\\/inici\\\/\"},{\"@type\":\"ListItem\",\"position\":2,\"name\":\"Pol\u00edtica de privacitat\"}]},{\"@type\":\"WebSite\",\"@id\":\"https:\\\/\\\/www.matrix-sa.com\\\/ca\\\/#website\",\"url\":\"https:\\\/\\\/www.matrix-sa.com\\\/ca\\\/\",\"name\":\"Matrix - Injection Moulds\",\"description\":\"MATRIX is a company dedicated to designing and manufacturing high precision injection moulds using the most advanced technology integrated in CAD\\\/CAM\\\/CAE.\",\"publisher\":{\"@id\":\"https:\\\/\\\/www.matrix-sa.com\\\/ca\\\/#organization\"},\"potentialAction\":[{\"@type\":\"SearchAction\",\"target\":{\"@type\":\"EntryPoint\",\"urlTemplate\":\"https:\\\/\\\/www.matrix-sa.com\\\/ca\\\/?s={search_term_string}\"},\"query-input\":{\"@type\":\"PropertyValueSpecification\",\"valueRequired\":true,\"valueName\":\"search_term_string\"}}],\"inLanguage\":\"ca\"},{\"@type\":\"Organization\",\"@id\":\"https:\\\/\\\/www.matrix-sa.com\\\/ca\\\/#organization\",\"name\":\"Matrix\",\"url\":\"https:\\\/\\\/www.matrix-sa.com\\\/ca\\\/\",\"logo\":{\"@type\":\"ImageObject\",\"inLanguage\":\"ca\",\"@id\":\"https:\\\/\\\/www.matrix-sa.com\\\/ca\\\/#\\\/schema\\\/logo\\\/image\\\/\",\"url\":\"https:\\\/\\\/www.matrix-sa.com\\\/wp-content\\\/uploads\\\/2025\\\/02\\\/Favicon.svg\",\"contentUrl\":\"https:\\\/\\\/www.matrix-sa.com\\\/wp-content\\\/uploads\\\/2025\\\/02\\\/Favicon.svg\",\"width\":44,\"height\":44,\"caption\":\"Matrix\"},\"image\":{\"@id\":\"https:\\\/\\\/www.matrix-sa.com\\\/ca\\\/#\\\/schema\\\/logo\\\/image\\\/\"}}]}<\/script>\n<!-- \/ Yoast SEO plugin. -->","yoast_head_json":{"title":"Pol\u00edtica de privacitat - Matrix","robots":{"index":"noindex","follow":"nofollow"},"og_locale":"ca_ES","og_type":"article","og_title":"Pol\u00edtica de privacitat - Matrix","og_description":"\u00daltima actualitzaci\u00f3 &nbsp; 1. Objecte La present pol\u00edtica de privacitat regula el tractament de dades personals que es realitza a trav\u00e9s de la p\u00e0gina web https:\/\/www.matrix-sa.com (en endavant, la \u201cp\u00e0gina web\u201d). &nbsp; 2. RESPONSABLE DEL TRACTAMENT El responsable del tractament de les dades personals \u00e9s MATRIX, S.A.U. amb domicili al Pol\u00edgon Industrial La Barricona, ctra. [&hellip;]","og_url":"https:\/\/www.matrix-sa.com\/ca\/privacy-policy\/","og_site_name":"Matrix","article_modified_time":"2025-06-26T13:18:48+00:00","og_image":[{"width":2000,"height":1004,"url":"https:\/\/www.matrix-sa.com\/wp-content\/uploads\/2025\/03\/matrix-external-view.webp","type":"image\/webp"}],"twitter_card":"summary_large_image","twitter_misc":{"Temps estimat de lectura":"5 minut"},"schema":{"@context":"https:\/\/schema.org","@graph":[{"@type":"WebPage","@id":"https:\/\/www.matrix-sa.com\/ca\/privacy-policy\/","url":"https:\/\/www.matrix-sa.com\/ca\/privacy-policy\/","name":"Pol\u00edtica de privacitat - Matrix","isPartOf":{"@id":"https:\/\/www.matrix-sa.com\/ca\/#website"},"datePublished":"2025-02-13T10:32:53+00:00","dateModified":"2025-06-26T13:18:48+00:00","breadcrumb":{"@id":"https:\/\/www.matrix-sa.com\/ca\/privacy-policy\/#breadcrumb"},"inLanguage":"ca","potentialAction":[{"@type":"ReadAction","target":["https:\/\/www.matrix-sa.com\/ca\/privacy-policy\/"]}]},{"@type":"BreadcrumbList","@id":"https:\/\/www.matrix-sa.com\/ca\/privacy-policy\/#breadcrumb","itemListElement":[{"@type":"ListItem","position":1,"name":"Inici","item":"https:\/\/www.matrix-sa.com\/ca\/inici\/"},{"@type":"ListItem","position":2,"name":"Pol\u00edtica de privacitat"}]},{"@type":"WebSite","@id":"https:\/\/www.matrix-sa.com\/ca\/#website","url":"https:\/\/www.matrix-sa.com\/ca\/","name":"Matrix - Injection Moulds","description":"MATRIX is a company dedicated to designing and manufacturing high precision injection moulds using the most advanced technology integrated in CAD\/CAM\/CAE.","publisher":{"@id":"https:\/\/www.matrix-sa.com\/ca\/#organization"},"potentialAction":[{"@type":"SearchAction","target":{"@type":"EntryPoint","urlTemplate":"https:\/\/www.matrix-sa.com\/ca\/?s={search_term_string}"},"query-input":{"@type":"PropertyValueSpecification","valueRequired":true,"valueName":"search_term_string"}}],"inLanguage":"ca"},{"@type":"Organization","@id":"https:\/\/www.matrix-sa.com\/ca\/#organization","name":"Matrix","url":"https:\/\/www.matrix-sa.com\/ca\/","logo":{"@type":"ImageObject","inLanguage":"ca","@id":"https:\/\/www.matrix-sa.com\/ca\/#\/schema\/logo\/image\/","url":"https:\/\/www.matrix-sa.com\/wp-content\/uploads\/2025\/02\/Favicon.svg","contentUrl":"https:\/\/www.matrix-sa.com\/wp-content\/uploads\/2025\/02\/Favicon.svg","width":44,"height":44,"caption":"Matrix"},"image":{"@id":"https:\/\/www.matrix-sa.com\/ca\/#\/schema\/logo\/image\/"}}]}},"_links":{"self":[{"href":"https:\/\/www.matrix-sa.com\/ca\/wp-json\/wp\/v2\/pages\/4553","targetHints":{"allow":["GET"]}}],"collection":[{"href":"https:\/\/www.matrix-sa.com\/ca\/wp-json\/wp\/v2\/pages"}],"about":[{"href":"https:\/\/www.matrix-sa.com\/ca\/wp-json\/wp\/v2\/types\/page"}],"author":[{"embeddable":true,"href":"https:\/\/www.matrix-sa.com\/ca\/wp-json\/wp\/v2\/users\/1"}],"replies":[{"embeddable":true,"href":"https:\/\/www.matrix-sa.com\/ca\/wp-json\/wp\/v2\/comments?post=4553"}],"version-history":[{"count":16,"href":"https:\/\/www.matrix-sa.com\/ca\/wp-json\/wp\/v2\/pages\/4553\/revisions"}],"predecessor-version":[{"id":4737,"href":"https:\/\/www.matrix-sa.com\/ca\/wp-json\/wp\/v2\/pages\/4553\/revisions\/4737"}],"wp:attachment":[{"href":"https:\/\/www.matrix-sa.com\/ca\/wp-json\/wp\/v2\/media?parent=4553"}],"curies":[{"name":"wp","href":"https:\/\/api.w.org\/{rel}","templated":true}]}}