{"id":3849,"date":"2025-03-25T09:38:11","date_gmt":"2025-03-25T08:38:11","guid":{"rendered":"https:\/\/www.matrix-sa.com\/servicios-de-ingenieria\/"},"modified":"2025-07-31T11:57:18","modified_gmt":"2025-07-31T09:57:18","slug":"servicios-de-ingenieria","status":"publish","type":"page","link":"https:\/\/www.matrix-sa.com\/es\/servicios-de-ingenieria\/","title":{"rendered":"Servicios de Ingenier\u00eda"},"content":{"rendered":"\t\t<div data-elementor-type=\"wp-page\" data-elementor-id=\"3849\" class=\"elementor elementor-3849 elementor-2177\" data-elementor-post-type=\"page\">\n\t\t\t\t<div class=\"elementor-element elementor-element-ab05af7 e-flex e-con-boxed e-con e-parent\" data-id=\"ab05af7\" data-element_type=\"container\">\n\t\t\t\t\t<div class=\"e-con-inner\">\n\t\t\t\t<div class=\"elementor-element elementor-element-547d742 breadcrumbsmatrix elementor-widget elementor-widget-dce-breadcrumbs\" data-id=\"547d742\" data-element_type=\"widget\" data-widget_type=\"dce-breadcrumbs.default\">\n\t\t\t\t<div class=\"elementor-widget-container\">\n\t\t\t\t\t<div><span><span><a href=\"https:\/\/www.matrix-sa.com\/es\/inicio\/\">Home<\/a><\/span><\/span><\/div>\t\t\t\t<\/div>\n\t\t\t\t<\/div>\n\t\t\t\t\t<\/div>\n\t\t\t\t<\/div>\n\t\t<div data-dce-background-overlay-color=\"#000000\" data-dce-background-image-url=\"https:\/\/matrix-sa.com\/wp-content\/uploads\/2025\/03\/Engineering.jpg\" class=\"elementor-element elementor-element-704c799 e-flex e-con-boxed e-con e-parent\" data-id=\"704c799\" data-element_type=\"container\" data-settings=\"{&quot;background_background&quot;:&quot;classic&quot;}\">\n\t\t\t\t\t<div class=\"e-con-inner\">\n\t\t\t\t<div class=\"elementor-element elementor-element-16200eb elementor-widget elementor-widget-heading\" data-id=\"16200eb\" data-element_type=\"widget\" data-widget_type=\"heading.default\">\n\t\t\t\t<div class=\"elementor-widget-container\">\n\t\t\t\t\t<h1 class=\"elementor-heading-title elementor-size-default\">Soluciones de ingenier\u00eda<\/h1>\t\t\t\t<\/div>\n\t\t\t\t<\/div>\n\t\t\t\t\t<\/div>\n\t\t\t\t<\/div>\n\t\t<div class=\"elementor-element elementor-element-962cac5 e-grid e-con-boxed e-con e-parent\" data-id=\"962cac5\" data-element_type=\"container\">\n\t\t\t\t\t<div class=\"e-con-inner\">\n\t\t\t\t<div class=\"elementor-element elementor-element-da15084 dce_masking-none elementor-widget elementor-widget-image\" data-id=\"da15084\" data-element_type=\"widget\" data-widget_type=\"image.default\">\n\t\t\t\t<div class=\"elementor-widget-container\">\n\t\t\t\t\t\t\t\t\t\t\t\t\t\t\t<img decoding=\"async\" width=\"600\" height=\"2\" src=\"https:\/\/www.matrix-sa.com\/wp-content\/uploads\/2025\/02\/fake.webp\" class=\"attachment-large size-large wp-image-2863\" alt=\"\" srcset=\"https:\/\/www.matrix-sa.com\/wp-content\/uploads\/2025\/02\/fake.webp 600w, https:\/\/www.matrix-sa.com\/wp-content\/uploads\/2025\/02\/fake-300x1.webp 300w, https:\/\/www.matrix-sa.com\/wp-content\/uploads\/2025\/02\/fake-150x2.webp 150w\" sizes=\"(max-width: 600px) 100vw, 600px\" \/>\t\t\t\t\t\t\t\t\t\t\t\t\t\t\t<\/div>\n\t\t\t\t<\/div>\n\t\t<div class=\"elementor-element elementor-element-e714aed e-con-full e-flex e-con e-child\" data-id=\"e714aed\" data-element_type=\"container\">\n\t\t\t\t<div data-dce-title-color=\"#1A1A1A\" class=\"elementor-element elementor-element-31861e6 elementor-widget elementor-widget-heading\" data-id=\"31861e6\" data-element_type=\"widget\" data-widget_type=\"heading.default\">\n\t\t\t\t<div class=\"elementor-widget-container\">\n\t\t\t\t\t<h2 class=\"elementor-heading-title elementor-size-default\">En Matrix ofrecemos soluciones integrales de ingenier\u00eda para el dise\u00f1o y desarrollo de moldes de inyecci\u00f3n de alta precisi\u00f3n.<\/h2>\t\t\t\t<\/div>\n\t\t\t\t<\/div>\n\t\t\t\t<div data-dce-text-color=\"#424242\" class=\"elementor-element elementor-element-d13117a elementor-widget elementor-widget-text-editor\" data-id=\"d13117a\" data-element_type=\"widget\" data-widget_type=\"text-editor.default\">\n\t\t\t\t<div class=\"elementor-widget-container\">\n\t\t\t\t\t\t\t\t\t<p>Nuestros servicios est\u00e1n dise\u00f1ados para garantizar que cada proyecto alcance la eficacia, calidad y funcionalidad requeridas, desde la fase de concepto inicial hasta la producci\u00f3n final.<\/p><p>Nuestro proceso se basa en un flujo de trabajo integrado, en el que cada etapa est\u00e1 dise\u00f1ada para garantizar que la precisi\u00f3n y el rendimiento vayan de la mano en cada molde que fabricamos.<\/p>\t\t\t\t\t\t\t\t<\/div>\n\t\t\t\t<\/div>\n\t\t\t\t<\/div>\n\t\t\t\t<div class=\"elementor-element elementor-element-0db0fa6 dce_masking-none elementor-widget elementor-widget-image\" data-id=\"0db0fa6\" data-element_type=\"widget\" data-widget_type=\"image.default\">\n\t\t\t\t<div class=\"elementor-widget-container\">\n\t\t\t\t\t\t\t\t\t\t\t\t\t\t\t<img decoding=\"async\" width=\"600\" height=\"2\" src=\"https:\/\/www.matrix-sa.com\/wp-content\/uploads\/2025\/02\/fake.webp\" class=\"attachment-large size-large wp-image-2863\" alt=\"\" srcset=\"https:\/\/www.matrix-sa.com\/wp-content\/uploads\/2025\/02\/fake.webp 600w, https:\/\/www.matrix-sa.com\/wp-content\/uploads\/2025\/02\/fake-300x1.webp 300w, https:\/\/www.matrix-sa.com\/wp-content\/uploads\/2025\/02\/fake-150x2.webp 150w\" sizes=\"(max-width: 600px) 100vw, 600px\" \/>\t\t\t\t\t\t\t\t\t\t\t\t\t\t\t<\/div>\n\t\t\t\t<\/div>\n\t\t\t\t\t<\/div>\n\t\t\t\t<\/div>\n\t\t<div class=\"elementor-element elementor-element-3149aa0 e-flex e-con-boxed e-con e-parent\" data-id=\"3149aa0\" data-element_type=\"container\">\n\t\t\t\t\t<div class=\"e-con-inner\">\n\t\t\t\t<div data-dce-title-color=\"#1A1A1A\" class=\"elementor-element elementor-element-de68373 elementor-hidden-desktop elementor-hidden-tablet elementor-hidden-mobile elementor-widget elementor-widget-heading\" data-id=\"de68373\" data-element_type=\"widget\" data-widget_type=\"heading.default\">\n\t\t\t\t<div class=\"elementor-widget-container\">\n\t\t\t\t\t<h2 class=\"elementor-heading-title elementor-size-default\">Servicios de Ingenier\u00eda<\/h2>\t\t\t\t<\/div>\n\t\t\t\t<\/div>\n\t\t\t\t\t<\/div>\n\t\t\t\t<\/div>\n\t\t<div class=\"elementor-element elementor-element-7b69ca1 e-flex e-con-boxed e-con e-parent\" data-id=\"7b69ca1\" data-element_type=\"container\">\n\t\t\t\t\t<div class=\"e-con-inner\">\n\t\t<div class=\"elementor-element elementor-element-c9ed68a e-con-full e-flex e-con e-child\" data-id=\"c9ed68a\" data-element_type=\"container\" data-settings=\"{&quot;background_background&quot;:&quot;video&quot;,&quot;background_video_link&quot;:&quot;https:\\\/\\\/youtu.be\\\/6H5SW5dbxNk&quot;,&quot;background_play_on_mobile&quot;:&quot;yes&quot;}\">\n\t\t<div class=\"elementor-background-video-container\" aria-hidden=\"true\">\n\t\t\t\t\t\t\t<div class=\"elementor-background-video-embed\"><\/div>\n\t\t\t\t\t\t<\/div>\t\t<\/div>\n\t\t<div class=\"elementor-element elementor-element-a4a214e e-con-full e-flex e-con e-child\" data-id=\"a4a214e\" data-element_type=\"container\">\n\t\t\t\t<div class=\"elementor-element elementor-element-97e50c9 ratlla49x2esquerra elementor-widget elementor-widget-heading\" data-id=\"97e50c9\" data-element_type=\"widget\" data-widget_type=\"heading.default\">\n\t\t\t\t<div class=\"elementor-widget-container\">\n\t\t\t\t\t<h3 class=\"elementor-heading-title elementor-size-default\">Dise\u00f1o de moldes<\/h3>\t\t\t\t<\/div>\n\t\t\t\t<\/div>\n\t\t\t\t<div class=\"elementor-element elementor-element-0c9c0e7 elementor-widget elementor-widget-text-editor\" data-id=\"0c9c0e7\" data-element_type=\"widget\" data-widget_type=\"text-editor.default\">\n\t\t\t\t<div class=\"elementor-widget-container\">\n\t\t\t\t\t\t\t\t\t<p>La eficiencia y durabilidad del molde de inyecci\u00f3n dependen de un <strong>dise\u00f1o preciso<\/strong> y un <strong>conjunto mec\u00e1nico robusto.<\/strong><\/p><p>Nuestra profunda experiencia en diferentes sistemas de c\u00e1mara caliente (HRS) y los \u00faltimos avances en componentes normalizados y elementos de mercado nos permiten ofrecer <strong>soluciones<\/strong> innovadoras y <strong>personalizadas<\/strong> para cada proyecto.<\/p><p>A lo largo del proceso de dise\u00f1o, establecemos un <strong>flujo constante de comunicaci\u00f3n<\/strong> entre el ingeniero jefe del proyecto, el project manager y el cliente. Esto nos permite tomar <strong>decisiones<\/strong> s\u00f3lidas y <strong>basadas en datos<\/strong>, garantizando que cada detalle se ajuste a las necesidades del cliente y a las especificaciones t\u00e9cnicas del proyecto. <\/p>\t\t\t\t\t\t\t\t<\/div>\n\t\t\t\t<\/div>\n\t\t\t\t<\/div>\n\t\t\t\t\t<\/div>\n\t\t\t\t<\/div>\n\t\t<div class=\"elementor-element elementor-element-1ac7a30 e-flex e-con-boxed e-con e-parent\" data-id=\"1ac7a30\" data-element_type=\"container\">\n\t\t\t\t\t<div class=\"e-con-inner\">\n\t\t<div data-dce-background-image-url=\"https:\/\/matrix-sa.com\/wp-content\/uploads\/2025\/03\/Plastic-Part-Advice-and-Design.webp\" class=\"elementor-element elementor-element-f068ec2 e-con-full e-flex e-con e-child\" data-id=\"f068ec2\" data-element_type=\"container\" data-settings=\"{&quot;background_background&quot;:&quot;classic&quot;}\">\n\t\t\t\t<\/div>\n\t\t<div class=\"elementor-element elementor-element-cf428b0 e-con-full e-flex e-con e-child\" data-id=\"cf428b0\" data-element_type=\"container\">\n\t\t\t\t<div class=\"elementor-element elementor-element-8ff0e6b ratlla49x2esquerra elementor-widget elementor-widget-heading\" data-id=\"8ff0e6b\" data-element_type=\"widget\" data-widget_type=\"heading.default\">\n\t\t\t\t<div class=\"elementor-widget-container\">\n\t\t\t\t\t<h3 class=\"elementor-heading-title elementor-size-default\">Asesoramiento y dise\u00f1o de piezas de pl\u00e1stico<\/h3>\t\t\t\t<\/div>\n\t\t\t\t<\/div>\n\t\t\t\t<div class=\"elementor-element elementor-element-6b159c5 elementor-widget elementor-widget-text-editor\" data-id=\"6b159c5\" data-element_type=\"widget\" data-widget_type=\"text-editor.default\">\n\t\t\t\t<div class=\"elementor-widget-container\">\n\t\t\t\t\t\t\t\t\t<p>Nuestro equipo de ingenieros trabaja en estrecha colaboraci\u00f3n con los clientes para definir <strong>los requisitos de dise\u00f1o<\/strong>, teniendo en cuenta las necesidades del proyecto, las especificaciones del material y los \u00e1ngulos de desmoldeo m\u00e1s adecuados.<\/p><p>Nuestro objetivo es lograr el <strong>equilibrio perfecto<\/strong> entre el<strong> dise\u00f1o<\/strong> original de la<strong> pieza<\/strong> y su <strong>industrializaci\u00f3n<\/strong>. Aportamos soluciones que garantizan un ciclo de moldeo r\u00e1pido y una pieza altamente est\u00e9tica y funcional. <\/p>\t\t\t\t\t\t\t\t<\/div>\n\t\t\t\t<\/div>\n\t\t\t\t<\/div>\n\t\t\t\t\t<\/div>\n\t\t\t\t<\/div>\n\t\t<div class=\"elementor-element elementor-element-d1b00f0 e-flex e-con-boxed e-con e-parent\" data-id=\"d1b00f0\" data-element_type=\"container\">\n\t\t\t\t\t<div class=\"e-con-inner\">\n\t\t<div data-dce-background-image-url=\"https:\/\/matrix-sa.com\/wp-content\/uploads\/2025\/03\/Moldex-CAE-Matrix.gif\" class=\"elementor-element elementor-element-d212f8b e-con-full e-flex e-con e-child\" data-id=\"d212f8b\" data-element_type=\"container\" data-settings=\"{&quot;background_background&quot;:&quot;classic&quot;}\">\n\t\t\t\t<\/div>\n\t\t<div class=\"elementor-element elementor-element-ed3ccb3 e-con-full e-flex e-con e-child\" data-id=\"ed3ccb3\" data-element_type=\"container\">\n\t\t\t\t<div class=\"elementor-element elementor-element-ada2652 ratlla49x2esquerra elementor-widget elementor-widget-heading\" data-id=\"ada2652\" data-element_type=\"widget\" data-widget_type=\"heading.default\">\n\t\t\t\t<div class=\"elementor-widget-container\">\n\t\t\t\t\t<h3 class=\"elementor-heading-title elementor-size-default\">Simulaci\u00f3n con Moldex 3D<\/h3>\t\t\t\t<\/div>\n\t\t\t\t<\/div>\n\t\t\t\t<div class=\"elementor-element elementor-element-2293b4c BulletsLine elementor-widget elementor-widget-text-editor\" data-id=\"2293b4c\" data-element_type=\"widget\" data-widget_type=\"text-editor.default\">\n\t\t\t\t<div class=\"elementor-widget-container\">\n\t\t\t\t\t\t\t\t\t<p>La simulaci\u00f3n CAE (Computer-Aided Engineering) es una herramienta clave para anticipar y resolver problemas antes de la producci\u00f3n. Utilizamos <strong>Moldex3D<\/strong> para: <\/p><ul><li aria-level=\"1\">Minimizar los costes de ensayo y fabricaci\u00f3n de moldes.<\/li><li aria-level=\"1\">Predecir los defectos de los productos y alargar la vida \u00fatil de los moldes.<\/li><li aria-level=\"1\">Predecir los patrones de flujo y el comportamiento de los frentes de fusi\u00f3n.<\/li><li aria-level=\"1\">Optimizar la ubicaci\u00f3n y el dise\u00f1o de las puertas<\/li><li aria-level=\"1\">Diagnosticar problemas como vac\u00edos de aire o l\u00edneas de rebaba.<\/li><li aria-level=\"1\">Mejorar la eficacia de la refrigeraci\u00f3n y reducir la duraci\u00f3n del ciclo.<\/li><\/ul><p>Esta fase garantiza que cada molde est\u00e9 totalmente optimizado para la producci\u00f3n industrial, <strong>minimizando los riesgos<\/strong> y <strong>maximizando los resultados<\/strong>.<\/p>\t\t\t\t\t\t\t\t<\/div>\n\t\t\t\t<\/div>\n\t\t\t\t<\/div>\n\t\t\t\t\t<\/div>\n\t\t\t\t<\/div>\n\t\t<div class=\"elementor-element elementor-element-22877516 e-flex e-con-boxed e-con e-parent\" data-id=\"22877516\" data-element_type=\"container\">\n\t\t\t\t\t<div class=\"e-con-inner\">\n\t\t<div class=\"elementor-element elementor-element-23b339e3 e-con-full e-flex e-con e-child\" data-id=\"23b339e3\" data-element_type=\"container\">\n\t\t<div class=\"elementor-element elementor-element-550bc4dd e-grid e-con-full e-con e-child\" data-id=\"550bc4dd\" data-element_type=\"container\">\n\t\t\t\t<div class=\"elementor-element elementor-element-5560d09f dce_masking-none elementor-widget elementor-widget-image\" data-id=\"5560d09f\" data-element_type=\"widget\" data-widget_type=\"image.default\">\n\t\t\t\t<div class=\"elementor-widget-container\">\n\t\t\t\t\t\t\t\t\t\t\t\t\t\t\t<img decoding=\"async\" width=\"600\" height=\"2\" src=\"https:\/\/www.matrix-sa.com\/wp-content\/uploads\/2025\/07\/fake.webp\" class=\"attachment-large size-large wp-image-5117\" alt=\"\" srcset=\"https:\/\/www.matrix-sa.com\/wp-content\/uploads\/2025\/07\/fake.webp 600w, https:\/\/www.matrix-sa.com\/wp-content\/uploads\/2025\/07\/fake-300x1.webp 300w, https:\/\/www.matrix-sa.com\/wp-content\/uploads\/2025\/07\/fake-150x2.webp 150w\" sizes=\"(max-width: 600px) 100vw, 600px\" \/>\t\t\t\t\t\t\t\t\t\t\t\t\t\t\t<\/div>\n\t\t\t\t<\/div>\n\t\t<div class=\"elementor-element elementor-element-7b610ffb e-con-full e-flex e-con e-child\" data-id=\"7b610ffb\" data-element_type=\"container\">\n\t\t<a class=\"elementor-element elementor-element-e1bfc5c e-con-full e-flex e-con e-child\" data-id=\"e1bfc5c\" data-element_type=\"container\" href=\"https:\/\/dies.matrix-sa.com\/quality-lab\/\">\n\t\t\t\t<\/a>\n\t\t<a class=\"elementor-element elementor-element-24b4bc02 e-con-full e-flex e-con e-child\" data-id=\"24b4bc02\" data-element_type=\"container\" href=\"https:\/\/www.matrix-sa.com\/es\/un-taller-de-vanguardia\/\">\n\t\t\t\t<div data-dce-text-color=\"#424242\" class=\"elementor-element elementor-element-ca08349 elementor-widget elementor-widget-text-editor\" data-id=\"ca08349\" data-element_type=\"widget\" data-widget_type=\"text-editor.default\">\n\t\t\t\t<div class=\"elementor-widget-container\">\n\t\t\t\t\t\t\t\t\t<p>Un taller de vanguardia<\/p>\t\t\t\t\t\t\t\t<\/div>\n\t\t\t\t<\/div>\n\t\t\t\t<div class=\"elementor-element elementor-element-6dfcd7a dce_masking-none elementor-widget elementor-widget-image\" data-id=\"6dfcd7a\" data-element_type=\"widget\" data-widget_type=\"image.default\">\n\t\t\t\t<div class=\"elementor-widget-container\">\n\t\t\t\t\t\t\t\t\t\t\t\t\t\t\t<img decoding=\"async\" width=\"64\" height=\"64\" src=\"https:\/\/www.matrix-sa.com\/wp-content\/uploads\/2025\/02\/button-circle-right.svg\" class=\"attachment-large size-large wp-image-2872\" alt=\"\" \/>\t\t\t\t\t\t\t\t\t\t\t\t\t\t\t<\/div>\n\t\t\t\t<\/div>\n\t\t\t\t<\/a>\n\t\t\t\t<\/div>\n\t\t\t\t<div class=\"elementor-element elementor-element-4d1db36f dce_masking-none elementor-widget elementor-widget-image\" data-id=\"4d1db36f\" data-element_type=\"widget\" data-widget_type=\"image.default\">\n\t\t\t\t<div class=\"elementor-widget-container\">\n\t\t\t\t\t\t\t\t\t\t\t\t\t\t\t<img decoding=\"async\" width=\"600\" height=\"2\" src=\"https:\/\/www.matrix-sa.com\/wp-content\/uploads\/2025\/07\/fake.webp\" class=\"attachment-large size-large wp-image-5117\" alt=\"\" srcset=\"https:\/\/www.matrix-sa.com\/wp-content\/uploads\/2025\/07\/fake.webp 600w, https:\/\/www.matrix-sa.com\/wp-content\/uploads\/2025\/07\/fake-300x1.webp 300w, https:\/\/www.matrix-sa.com\/wp-content\/uploads\/2025\/07\/fake-150x2.webp 150w\" sizes=\"(max-width: 600px) 100vw, 600px\" \/>\t\t\t\t\t\t\t\t\t\t\t\t\t\t\t<\/div>\n\t\t\t\t<\/div>\n\t\t\t\t<\/div>\n\t\t\t\t<\/div>\n\t\t\t\t\t<\/div>\n\t\t\t\t<\/div>\n\t\t\t\t<\/div>\n\t\t","protected":false},"excerpt":{"rendered":"<p>Portada Soluciones de ingenier\u00eda En Matrix ofrecemos soluciones integrales de ingenier\u00eda para el dise\u00f1o y desarrollo de moldes de inyecci\u00f3n de alta precisi\u00f3n. Nuestros servicios est\u00e1n dise\u00f1ados para garantizar que cada proyecto alcance la eficacia, calidad y funcionalidad requeridas, desde la fase de concepto inicial hasta la producci\u00f3n final. Nuestro proceso se basa en un [&hellip;]<\/p>\n","protected":false},"author":1,"featured_media":0,"parent":0,"menu_order":0,"comment_status":"closed","ping_status":"closed","template":"","meta":{"product_image_gallery":"","footnotes":""},"class_list":["post-3849","page","type-page","status-publish","hentry"],"yoast_head":"<!-- This site is optimized with the Yoast SEO plugin v27.3 - https:\/\/yoast.com\/product\/yoast-seo-wordpress\/ -->\n<title>Servicios de Ingenier\u00eda - Matrix<\/title>\n<meta name=\"description\" content=\"En Matrix ofrecemos soluciones integrales de ingenier\u00eda para el dise\u00f1o y desarrollo de moldes de inyecci\u00f3n de alta precisi\u00f3n.\" \/>\n<meta name=\"robots\" content=\"index, follow, max-snippet:-1, max-image-preview:large, max-video-preview:-1\" \/>\n<link rel=\"canonical\" href=\"https:\/\/www.matrix-sa.com\/es\/servicios-de-ingenieria\/\" \/>\n<meta property=\"og:locale\" content=\"es_ES\" \/>\n<meta property=\"og:type\" content=\"article\" \/>\n<meta property=\"og:title\" content=\"Servicios de Ingenier\u00eda - Matrix\" \/>\n<meta property=\"og:description\" content=\"En Matrix ofrecemos soluciones integrales de ingenier\u00eda para el dise\u00f1o y desarrollo de moldes de inyecci\u00f3n de alta precisi\u00f3n.\" \/>\n<meta property=\"og:url\" content=\"https:\/\/www.matrix-sa.com\/es\/servicios-de-ingenieria\/\" \/>\n<meta property=\"og:site_name\" content=\"Matrix\" \/>\n<meta property=\"article:modified_time\" content=\"2025-07-31T09:57:18+00:00\" \/>\n<meta property=\"og:image\" content=\"https:\/\/www.matrix-sa.com\/wp-content\/uploads\/2025\/02\/fake.webp\" \/>\n\t<meta property=\"og:image:width\" content=\"600\" \/>\n\t<meta property=\"og:image:height\" content=\"2\" \/>\n\t<meta property=\"og:image:type\" content=\"image\/webp\" \/>\n<meta name=\"twitter:card\" content=\"summary_large_image\" \/>\n<meta name=\"twitter:label1\" content=\"Tiempo de lectura\" \/>\n\t<meta name=\"twitter:data1\" content=\"2 minuto\" \/>\n<script type=\"application\/ld+json\" class=\"yoast-schema-graph\">{\"@context\":\"https:\\\/\\\/schema.org\",\"@graph\":[{\"@type\":\"WebPage\",\"@id\":\"https:\\\/\\\/www.matrix-sa.com\\\/es\\\/servicios-de-ingenieria\\\/\",\"url\":\"https:\\\/\\\/www.matrix-sa.com\\\/es\\\/servicios-de-ingenieria\\\/\",\"name\":\"Servicios de Ingenier\u00eda - Matrix\",\"isPartOf\":{\"@id\":\"https:\\\/\\\/www.matrix-sa.com\\\/es\\\/#website\"},\"primaryImageOfPage\":{\"@id\":\"https:\\\/\\\/www.matrix-sa.com\\\/es\\\/servicios-de-ingenieria\\\/#primaryimage\"},\"image\":{\"@id\":\"https:\\\/\\\/www.matrix-sa.com\\\/es\\\/servicios-de-ingenieria\\\/#primaryimage\"},\"thumbnailUrl\":\"https:\\\/\\\/www.matrix-sa.com\\\/wp-content\\\/uploads\\\/2025\\\/02\\\/fake.webp\",\"datePublished\":\"2025-03-25T08:38:11+00:00\",\"dateModified\":\"2025-07-31T09:57:18+00:00\",\"description\":\"En Matrix ofrecemos soluciones integrales de ingenier\u00eda para el dise\u00f1o y desarrollo de moldes de inyecci\u00f3n de alta precisi\u00f3n.\",\"breadcrumb\":{\"@id\":\"https:\\\/\\\/www.matrix-sa.com\\\/es\\\/servicios-de-ingenieria\\\/#breadcrumb\"},\"inLanguage\":\"es\",\"potentialAction\":[{\"@type\":\"ReadAction\",\"target\":[\"https:\\\/\\\/www.matrix-sa.com\\\/es\\\/servicios-de-ingenieria\\\/\"]}]},{\"@type\":\"ImageObject\",\"inLanguage\":\"es\",\"@id\":\"https:\\\/\\\/www.matrix-sa.com\\\/es\\\/servicios-de-ingenieria\\\/#primaryimage\",\"url\":\"https:\\\/\\\/www.matrix-sa.com\\\/wp-content\\\/uploads\\\/2025\\\/02\\\/fake.webp\",\"contentUrl\":\"https:\\\/\\\/www.matrix-sa.com\\\/wp-content\\\/uploads\\\/2025\\\/02\\\/fake.webp\"},{\"@type\":\"BreadcrumbList\",\"@id\":\"https:\\\/\\\/www.matrix-sa.com\\\/es\\\/servicios-de-ingenieria\\\/#breadcrumb\",\"itemListElement\":[{\"@type\":\"ListItem\",\"position\":1,\"name\":\"Home\",\"item\":\"https:\\\/\\\/www.matrix-sa.com\\\/es\\\/inicio\\\/\"},{\"@type\":\"ListItem\",\"position\":2,\"name\":\"Servicios de Ingenier\u00eda\"}]},{\"@type\":\"WebSite\",\"@id\":\"https:\\\/\\\/www.matrix-sa.com\\\/es\\\/#website\",\"url\":\"https:\\\/\\\/www.matrix-sa.com\\\/es\\\/\",\"name\":\"Matrix - Injection Moulds\",\"description\":\"MATRIX is a company dedicated to designing and manufacturing high precision injection moulds using the most advanced technology integrated in CAD\\\/CAM\\\/CAE.\",\"publisher\":{\"@id\":\"https:\\\/\\\/www.matrix-sa.com\\\/es\\\/#organization\"},\"potentialAction\":[{\"@type\":\"SearchAction\",\"target\":{\"@type\":\"EntryPoint\",\"urlTemplate\":\"https:\\\/\\\/www.matrix-sa.com\\\/es\\\/?s={search_term_string}\"},\"query-input\":{\"@type\":\"PropertyValueSpecification\",\"valueRequired\":true,\"valueName\":\"search_term_string\"}}],\"inLanguage\":\"es\"},{\"@type\":\"Organization\",\"@id\":\"https:\\\/\\\/www.matrix-sa.com\\\/es\\\/#organization\",\"name\":\"Matrix\",\"url\":\"https:\\\/\\\/www.matrix-sa.com\\\/es\\\/\",\"logo\":{\"@type\":\"ImageObject\",\"inLanguage\":\"es\",\"@id\":\"https:\\\/\\\/www.matrix-sa.com\\\/es\\\/#\\\/schema\\\/logo\\\/image\\\/\",\"url\":\"https:\\\/\\\/www.matrix-sa.com\\\/wp-content\\\/uploads\\\/2025\\\/02\\\/Favicon.svg\",\"contentUrl\":\"https:\\\/\\\/www.matrix-sa.com\\\/wp-content\\\/uploads\\\/2025\\\/02\\\/Favicon.svg\",\"width\":44,\"height\":44,\"caption\":\"Matrix\"},\"image\":{\"@id\":\"https:\\\/\\\/www.matrix-sa.com\\\/es\\\/#\\\/schema\\\/logo\\\/image\\\/\"}}]}<\/script>\n<!-- \/ Yoast SEO plugin. -->","yoast_head_json":{"title":"Servicios de Ingenier\u00eda - Matrix","description":"En Matrix ofrecemos soluciones integrales de ingenier\u00eda para el dise\u00f1o y desarrollo de moldes de inyecci\u00f3n de alta precisi\u00f3n.","robots":{"index":"index","follow":"follow","max-snippet":"max-snippet:-1","max-image-preview":"max-image-preview:large","max-video-preview":"max-video-preview:-1"},"canonical":"https:\/\/www.matrix-sa.com\/es\/servicios-de-ingenieria\/","og_locale":"es_ES","og_type":"article","og_title":"Servicios de Ingenier\u00eda - Matrix","og_description":"En Matrix ofrecemos soluciones integrales de ingenier\u00eda para el dise\u00f1o y desarrollo de moldes de inyecci\u00f3n de alta precisi\u00f3n.","og_url":"https:\/\/www.matrix-sa.com\/es\/servicios-de-ingenieria\/","og_site_name":"Matrix","article_modified_time":"2025-07-31T09:57:18+00:00","og_image":[{"width":600,"height":2,"url":"https:\/\/www.matrix-sa.com\/wp-content\/uploads\/2025\/02\/fake.webp","type":"image\/webp"}],"twitter_card":"summary_large_image","twitter_misc":{"Tiempo de lectura":"2 minuto"},"schema":{"@context":"https:\/\/schema.org","@graph":[{"@type":"WebPage","@id":"https:\/\/www.matrix-sa.com\/es\/servicios-de-ingenieria\/","url":"https:\/\/www.matrix-sa.com\/es\/servicios-de-ingenieria\/","name":"Servicios de Ingenier\u00eda - Matrix","isPartOf":{"@id":"https:\/\/www.matrix-sa.com\/es\/#website"},"primaryImageOfPage":{"@id":"https:\/\/www.matrix-sa.com\/es\/servicios-de-ingenieria\/#primaryimage"},"image":{"@id":"https:\/\/www.matrix-sa.com\/es\/servicios-de-ingenieria\/#primaryimage"},"thumbnailUrl":"https:\/\/www.matrix-sa.com\/wp-content\/uploads\/2025\/02\/fake.webp","datePublished":"2025-03-25T08:38:11+00:00","dateModified":"2025-07-31T09:57:18+00:00","description":"En Matrix ofrecemos soluciones integrales de ingenier\u00eda para el dise\u00f1o y desarrollo de moldes de inyecci\u00f3n de alta precisi\u00f3n.","breadcrumb":{"@id":"https:\/\/www.matrix-sa.com\/es\/servicios-de-ingenieria\/#breadcrumb"},"inLanguage":"es","potentialAction":[{"@type":"ReadAction","target":["https:\/\/www.matrix-sa.com\/es\/servicios-de-ingenieria\/"]}]},{"@type":"ImageObject","inLanguage":"es","@id":"https:\/\/www.matrix-sa.com\/es\/servicios-de-ingenieria\/#primaryimage","url":"https:\/\/www.matrix-sa.com\/wp-content\/uploads\/2025\/02\/fake.webp","contentUrl":"https:\/\/www.matrix-sa.com\/wp-content\/uploads\/2025\/02\/fake.webp"},{"@type":"BreadcrumbList","@id":"https:\/\/www.matrix-sa.com\/es\/servicios-de-ingenieria\/#breadcrumb","itemListElement":[{"@type":"ListItem","position":1,"name":"Home","item":"https:\/\/www.matrix-sa.com\/es\/inicio\/"},{"@type":"ListItem","position":2,"name":"Servicios de Ingenier\u00eda"}]},{"@type":"WebSite","@id":"https:\/\/www.matrix-sa.com\/es\/#website","url":"https:\/\/www.matrix-sa.com\/es\/","name":"Matrix - Injection Moulds","description":"MATRIX is a company dedicated to designing and manufacturing high precision injection moulds using the most advanced technology integrated in CAD\/CAM\/CAE.","publisher":{"@id":"https:\/\/www.matrix-sa.com\/es\/#organization"},"potentialAction":[{"@type":"SearchAction","target":{"@type":"EntryPoint","urlTemplate":"https:\/\/www.matrix-sa.com\/es\/?s={search_term_string}"},"query-input":{"@type":"PropertyValueSpecification","valueRequired":true,"valueName":"search_term_string"}}],"inLanguage":"es"},{"@type":"Organization","@id":"https:\/\/www.matrix-sa.com\/es\/#organization","name":"Matrix","url":"https:\/\/www.matrix-sa.com\/es\/","logo":{"@type":"ImageObject","inLanguage":"es","@id":"https:\/\/www.matrix-sa.com\/es\/#\/schema\/logo\/image\/","url":"https:\/\/www.matrix-sa.com\/wp-content\/uploads\/2025\/02\/Favicon.svg","contentUrl":"https:\/\/www.matrix-sa.com\/wp-content\/uploads\/2025\/02\/Favicon.svg","width":44,"height":44,"caption":"Matrix"},"image":{"@id":"https:\/\/www.matrix-sa.com\/es\/#\/schema\/logo\/image\/"}}]}},"_links":{"self":[{"href":"https:\/\/www.matrix-sa.com\/es\/wp-json\/wp\/v2\/pages\/3849","targetHints":{"allow":["GET"]}}],"collection":[{"href":"https:\/\/www.matrix-sa.com\/es\/wp-json\/wp\/v2\/pages"}],"about":[{"href":"https:\/\/www.matrix-sa.com\/es\/wp-json\/wp\/v2\/types\/page"}],"author":[{"embeddable":true,"href":"https:\/\/www.matrix-sa.com\/es\/wp-json\/wp\/v2\/users\/1"}],"replies":[{"embeddable":true,"href":"https:\/\/www.matrix-sa.com\/es\/wp-json\/wp\/v2\/comments?post=3849"}],"version-history":[{"count":3,"href":"https:\/\/www.matrix-sa.com\/es\/wp-json\/wp\/v2\/pages\/3849\/revisions"}],"predecessor-version":[{"id":5250,"href":"https:\/\/www.matrix-sa.com\/es\/wp-json\/wp\/v2\/pages\/3849\/revisions\/5250"}],"wp:attachment":[{"href":"https:\/\/www.matrix-sa.com\/es\/wp-json\/wp\/v2\/media?parent=3849"}],"curies":[{"name":"wp","href":"https:\/\/api.w.org\/{rel}","templated":true}]}}