{"id":3886,"date":"2025-03-06T07:37:31","date_gmt":"2025-03-06T07:37:31","guid":{"rendered":"https:\/\/www.matrix-sa.com\/produccion-propia\/"},"modified":"2025-04-09T08:07:10","modified_gmt":"2025-04-09T08:07:10","slug":"produccion-propia","status":"publish","type":"page","link":"https:\/\/www.matrix-sa.com\/es\/produccion-propia\/","title":{"rendered":"Producci\u00f3n propia"},"content":{"rendered":"\t\t<div data-elementor-type=\"wp-page\" data-elementor-id=\"3886\" class=\"elementor elementor-3886 elementor-1424\" data-elementor-post-type=\"page\">\n\t\t\t\t<div class=\"elementor-element elementor-element-1c6a024 e-flex e-con-boxed e-con e-parent\" data-id=\"1c6a024\" data-element_type=\"container\">\n\t\t\t\t\t<div class=\"e-con-inner\">\n\t\t\t\t<div class=\"elementor-element elementor-element-1180d0f elementor-widget elementor-widget-dce-breadcrumbs\" data-id=\"1180d0f\" data-element_type=\"widget\" data-widget_type=\"dce-breadcrumbs.default\">\n\t\t\t\t<div class=\"elementor-widget-container\">\n\t\t\t\t\t<div><span><span><a href=\"https:\/\/www.matrix-sa.com\/es\/inicio\/\">Home<\/a><\/span><\/span><\/div>\t\t\t\t<\/div>\n\t\t\t\t<\/div>\n\t\t\t\t\t<\/div>\n\t\t\t\t<\/div>\n\t\t<div class=\"elementor-element elementor-element-088c02a e-flex e-con-boxed e-con e-parent\" data-id=\"088c02a\" data-element_type=\"container\">\n\t\t\t\t\t<div class=\"e-con-inner\">\n\t\t\t\t<div class=\"elementor-element elementor-element-15e782a elementor-widget elementor-widget-heading\" data-id=\"15e782a\" data-element_type=\"widget\" data-widget_type=\"heading.default\">\n\t\t\t\t<div class=\"elementor-widget-container\">\n\t\t\t\t\t<h1 class=\"elementor-heading-title elementor-size-default\">Producci\u00f3n propia<\/h1>\t\t\t\t<\/div>\n\t\t\t\t<\/div>\n\t\t\t\t\t<\/div>\n\t\t\t\t<\/div>\n\t\t<div data-dce-background-image-url=\"https:\/\/matrix-sa.com\/wp-content\/uploads\/2025\/02\/presentacio.webp\" class=\"elementor-element elementor-element-cc486bb e-flex e-con-boxed e-con e-parent\" data-id=\"cc486bb\" data-element_type=\"container\" data-settings=\"{&quot;background_background&quot;:&quot;classic&quot;}\">\n\t\t\t\t\t<div class=\"e-con-inner\">\n\t\t\t\t\t<\/div>\n\t\t\t\t<\/div>\n\t\t<div class=\"elementor-element elementor-element-080424d e-grid e-con-boxed e-con e-parent\" data-id=\"080424d\" data-element_type=\"container\">\n\t\t\t\t\t<div class=\"e-con-inner\">\n\t\t\t\t<div class=\"elementor-element elementor-element-648d9d8 dce_masking-none elementor-widget elementor-widget-image\" data-id=\"648d9d8\" data-element_type=\"widget\" data-widget_type=\"image.default\">\n\t\t\t\t<div class=\"elementor-widget-container\">\n\t\t\t\t\t\t\t\t\t\t\t\t\t\t\t<img decoding=\"async\" width=\"600\" height=\"2\" src=\"https:\/\/www.matrix-sa.com\/wp-content\/uploads\/2025\/02\/fake.webp\" class=\"attachment-large size-large wp-image-2863\" alt=\"\" srcset=\"https:\/\/www.matrix-sa.com\/wp-content\/uploads\/2025\/02\/fake.webp 600w, https:\/\/www.matrix-sa.com\/wp-content\/uploads\/2025\/02\/fake-300x1.webp 300w, https:\/\/www.matrix-sa.com\/wp-content\/uploads\/2025\/02\/fake-150x2.webp 150w\" sizes=\"(max-width: 600px) 100vw, 600px\" \/>\t\t\t\t\t\t\t\t\t\t\t\t\t\t\t<\/div>\n\t\t\t\t<\/div>\n\t\t<div class=\"elementor-element elementor-element-a162eb9 e-con-full e-flex e-con e-child\" data-id=\"a162eb9\" data-element_type=\"container\">\n\t\t\t\t<div data-dce-text-color=\"#424242\" class=\"elementor-element elementor-element-382b5bf elementor-widget elementor-widget-text-editor\" data-id=\"382b5bf\" data-element_type=\"widget\" data-widget_type=\"text-editor.default\">\n\t\t\t\t<div class=\"elementor-widget-container\">\n\t\t\t\t\t\t\t\t\t<p>En Matrix, creemos en la <strong>fabricaci\u00f3n de calidad<\/strong>, y por eso nuestro taller es el coraz\u00f3n <strong>de nuestra empresa<\/strong>. Nuestros operarios, organizados en <strong>tres turnos de trabajo<\/strong>, est\u00e1n altamente cualificados para trabajar con los <strong>m\u00e1s altos est\u00e1ndares de precisi\u00f3n y exigencia<\/strong>. <\/p><p>El taller de Matrix es un espacio <strong>totalmente climatizado, iluminado y ordenado<\/strong>, dise\u00f1ado para garantizar un entorno de trabajo \u00f3ptimo que refleje nuestro compromiso con la calidad y la satisfacci\u00f3n de nuestros clientes.<\/p>\t\t\t\t\t\t\t\t<\/div>\n\t\t\t\t<\/div>\n\t\t\t\t<\/div>\n\t\t\t\t<div class=\"elementor-element elementor-element-c5b40eb dce_masking-none elementor-widget elementor-widget-image\" data-id=\"c5b40eb\" data-element_type=\"widget\" data-widget_type=\"image.default\">\n\t\t\t\t<div class=\"elementor-widget-container\">\n\t\t\t\t\t\t\t\t\t\t\t\t\t\t\t<img decoding=\"async\" width=\"600\" height=\"2\" src=\"https:\/\/www.matrix-sa.com\/wp-content\/uploads\/2025\/02\/fake.webp\" class=\"attachment-large size-large wp-image-2863\" alt=\"\" srcset=\"https:\/\/www.matrix-sa.com\/wp-content\/uploads\/2025\/02\/fake.webp 600w, https:\/\/www.matrix-sa.com\/wp-content\/uploads\/2025\/02\/fake-300x1.webp 300w, https:\/\/www.matrix-sa.com\/wp-content\/uploads\/2025\/02\/fake-150x2.webp 150w\" sizes=\"(max-width: 600px) 100vw, 600px\" \/>\t\t\t\t\t\t\t\t\t\t\t\t\t\t\t<\/div>\n\t\t\t\t<\/div>\n\t\t\t\t\t<\/div>\n\t\t\t\t<\/div>\n\t\t\t\t<\/div>\n\t\t","protected":false},"excerpt":{"rendered":"<p>Producci\u00f3n propia En Matrix, creemos en la fabricaci\u00f3n de calidad, y por eso nuestro taller es el coraz\u00f3n de nuestra empresa. Nuestros operarios, organizados en tres turnos de trabajo, est\u00e1n altamente cualificados para trabajar con los m\u00e1s altos est\u00e1ndares de precisi\u00f3n y exigencia. El taller de Matrix es un espacio totalmente climatizado, iluminado y ordenado, [&hellip;]<\/p>\n","protected":false},"author":1,"featured_media":0,"parent":0,"menu_order":0,"comment_status":"closed","ping_status":"closed","template":"","meta":{"product_image_gallery":"","footnotes":""},"class_list":["post-3886","page","type-page","status-publish","hentry"],"yoast_head":"<!-- This site is optimized with the Yoast SEO plugin v27.3 - https:\/\/yoast.com\/product\/yoast-seo-wordpress\/ -->\n<title>Producci\u00f3n propia - Matrix<\/title>\n<meta name=\"robots\" content=\"index, follow, max-snippet:-1, max-image-preview:large, max-video-preview:-1\" \/>\n<link rel=\"canonical\" href=\"https:\/\/www.matrix-sa.com\/es\/produccion-propia\/\" \/>\n<meta property=\"og:locale\" content=\"es_ES\" \/>\n<meta property=\"og:type\" content=\"article\" \/>\n<meta property=\"og:title\" content=\"Producci\u00f3n propia - Matrix\" \/>\n<meta property=\"og:description\" content=\"Producci\u00f3n propia En Matrix, creemos en la fabricaci\u00f3n de calidad, y por eso nuestro taller es el coraz\u00f3n de nuestra empresa. Nuestros operarios, organizados en tres turnos de trabajo, est\u00e1n altamente cualificados para trabajar con los m\u00e1s altos est\u00e1ndares de precisi\u00f3n y exigencia. El taller de Matrix es un espacio totalmente climatizado, iluminado y ordenado, [&hellip;]\" \/>\n<meta property=\"og:url\" content=\"https:\/\/www.matrix-sa.com\/es\/produccion-propia\/\" \/>\n<meta property=\"og:site_name\" content=\"Matrix\" \/>\n<meta property=\"article:modified_time\" content=\"2025-04-09T08:07:10+00:00\" \/>\n<meta property=\"og:image\" content=\"https:\/\/www.matrix-sa.com\/wp-content\/uploads\/2025\/02\/fake.webp\" \/>\n<meta name=\"twitter:card\" content=\"summary_large_image\" \/>\n<script type=\"application\/ld+json\" class=\"yoast-schema-graph\">{\"@context\":\"https:\\\/\\\/schema.org\",\"@graph\":[{\"@type\":\"WebPage\",\"@id\":\"https:\\\/\\\/www.matrix-sa.com\\\/es\\\/produccion-propia\\\/\",\"url\":\"https:\\\/\\\/www.matrix-sa.com\\\/es\\\/produccion-propia\\\/\",\"name\":\"Producci\u00f3n propia - Matrix\",\"isPartOf\":{\"@id\":\"https:\\\/\\\/www.matrix-sa.com\\\/es\\\/#website\"},\"primaryImageOfPage\":{\"@id\":\"https:\\\/\\\/www.matrix-sa.com\\\/es\\\/produccion-propia\\\/#primaryimage\"},\"image\":{\"@id\":\"https:\\\/\\\/www.matrix-sa.com\\\/es\\\/produccion-propia\\\/#primaryimage\"},\"thumbnailUrl\":\"https:\\\/\\\/www.matrix-sa.com\\\/wp-content\\\/uploads\\\/2025\\\/02\\\/fake.webp\",\"datePublished\":\"2025-03-06T07:37:31+00:00\",\"dateModified\":\"2025-04-09T08:07:10+00:00\",\"breadcrumb\":{\"@id\":\"https:\\\/\\\/www.matrix-sa.com\\\/es\\\/produccion-propia\\\/#breadcrumb\"},\"inLanguage\":\"es\",\"potentialAction\":[{\"@type\":\"ReadAction\",\"target\":[\"https:\\\/\\\/www.matrix-sa.com\\\/es\\\/produccion-propia\\\/\"]}]},{\"@type\":\"ImageObject\",\"inLanguage\":\"es\",\"@id\":\"https:\\\/\\\/www.matrix-sa.com\\\/es\\\/produccion-propia\\\/#primaryimage\",\"url\":\"https:\\\/\\\/www.matrix-sa.com\\\/wp-content\\\/uploads\\\/2025\\\/02\\\/fake.webp\",\"contentUrl\":\"https:\\\/\\\/www.matrix-sa.com\\\/wp-content\\\/uploads\\\/2025\\\/02\\\/fake.webp\"},{\"@type\":\"BreadcrumbList\",\"@id\":\"https:\\\/\\\/www.matrix-sa.com\\\/es\\\/produccion-propia\\\/#breadcrumb\",\"itemListElement\":[{\"@type\":\"ListItem\",\"position\":1,\"name\":\"Home\",\"item\":\"https:\\\/\\\/www.matrix-sa.com\\\/es\\\/inicio\\\/\"},{\"@type\":\"ListItem\",\"position\":2,\"name\":\"Producci\u00f3n propia\"}]},{\"@type\":\"WebSite\",\"@id\":\"https:\\\/\\\/www.matrix-sa.com\\\/es\\\/#website\",\"url\":\"https:\\\/\\\/www.matrix-sa.com\\\/es\\\/\",\"name\":\"Matrix - Injection Moulds\",\"description\":\"MATRIX is a company dedicated to designing and manufacturing high precision injection moulds using the most advanced technology integrated in CAD\\\/CAM\\\/CAE.\",\"publisher\":{\"@id\":\"https:\\\/\\\/www.matrix-sa.com\\\/es\\\/#organization\"},\"potentialAction\":[{\"@type\":\"SearchAction\",\"target\":{\"@type\":\"EntryPoint\",\"urlTemplate\":\"https:\\\/\\\/www.matrix-sa.com\\\/es\\\/?s={search_term_string}\"},\"query-input\":{\"@type\":\"PropertyValueSpecification\",\"valueRequired\":true,\"valueName\":\"search_term_string\"}}],\"inLanguage\":\"es\"},{\"@type\":\"Organization\",\"@id\":\"https:\\\/\\\/www.matrix-sa.com\\\/es\\\/#organization\",\"name\":\"Matrix\",\"url\":\"https:\\\/\\\/www.matrix-sa.com\\\/es\\\/\",\"logo\":{\"@type\":\"ImageObject\",\"inLanguage\":\"es\",\"@id\":\"https:\\\/\\\/www.matrix-sa.com\\\/es\\\/#\\\/schema\\\/logo\\\/image\\\/\",\"url\":\"https:\\\/\\\/www.matrix-sa.com\\\/wp-content\\\/uploads\\\/2025\\\/02\\\/Favicon.svg\",\"contentUrl\":\"https:\\\/\\\/www.matrix-sa.com\\\/wp-content\\\/uploads\\\/2025\\\/02\\\/Favicon.svg\",\"width\":44,\"height\":44,\"caption\":\"Matrix\"},\"image\":{\"@id\":\"https:\\\/\\\/www.matrix-sa.com\\\/es\\\/#\\\/schema\\\/logo\\\/image\\\/\"}}]}<\/script>\n<!-- \/ Yoast SEO plugin. -->","yoast_head_json":{"title":"Producci\u00f3n propia - Matrix","robots":{"index":"index","follow":"follow","max-snippet":"max-snippet:-1","max-image-preview":"max-image-preview:large","max-video-preview":"max-video-preview:-1"},"canonical":"https:\/\/www.matrix-sa.com\/es\/produccion-propia\/","og_locale":"es_ES","og_type":"article","og_title":"Producci\u00f3n propia - Matrix","og_description":"Producci\u00f3n propia En Matrix, creemos en la fabricaci\u00f3n de calidad, y por eso nuestro taller es el coraz\u00f3n de nuestra empresa. Nuestros operarios, organizados en tres turnos de trabajo, est\u00e1n altamente cualificados para trabajar con los m\u00e1s altos est\u00e1ndares de precisi\u00f3n y exigencia. El taller de Matrix es un espacio totalmente climatizado, iluminado y ordenado, [&hellip;]","og_url":"https:\/\/www.matrix-sa.com\/es\/produccion-propia\/","og_site_name":"Matrix","article_modified_time":"2025-04-09T08:07:10+00:00","og_image":[{"url":"https:\/\/www.matrix-sa.com\/wp-content\/uploads\/2025\/02\/fake.webp","type":"","width":"","height":""}],"twitter_card":"summary_large_image","schema":{"@context":"https:\/\/schema.org","@graph":[{"@type":"WebPage","@id":"https:\/\/www.matrix-sa.com\/es\/produccion-propia\/","url":"https:\/\/www.matrix-sa.com\/es\/produccion-propia\/","name":"Producci\u00f3n propia - Matrix","isPartOf":{"@id":"https:\/\/www.matrix-sa.com\/es\/#website"},"primaryImageOfPage":{"@id":"https:\/\/www.matrix-sa.com\/es\/produccion-propia\/#primaryimage"},"image":{"@id":"https:\/\/www.matrix-sa.com\/es\/produccion-propia\/#primaryimage"},"thumbnailUrl":"https:\/\/www.matrix-sa.com\/wp-content\/uploads\/2025\/02\/fake.webp","datePublished":"2025-03-06T07:37:31+00:00","dateModified":"2025-04-09T08:07:10+00:00","breadcrumb":{"@id":"https:\/\/www.matrix-sa.com\/es\/produccion-propia\/#breadcrumb"},"inLanguage":"es","potentialAction":[{"@type":"ReadAction","target":["https:\/\/www.matrix-sa.com\/es\/produccion-propia\/"]}]},{"@type":"ImageObject","inLanguage":"es","@id":"https:\/\/www.matrix-sa.com\/es\/produccion-propia\/#primaryimage","url":"https:\/\/www.matrix-sa.com\/wp-content\/uploads\/2025\/02\/fake.webp","contentUrl":"https:\/\/www.matrix-sa.com\/wp-content\/uploads\/2025\/02\/fake.webp"},{"@type":"BreadcrumbList","@id":"https:\/\/www.matrix-sa.com\/es\/produccion-propia\/#breadcrumb","itemListElement":[{"@type":"ListItem","position":1,"name":"Home","item":"https:\/\/www.matrix-sa.com\/es\/inicio\/"},{"@type":"ListItem","position":2,"name":"Producci\u00f3n propia"}]},{"@type":"WebSite","@id":"https:\/\/www.matrix-sa.com\/es\/#website","url":"https:\/\/www.matrix-sa.com\/es\/","name":"Matrix - Injection Moulds","description":"MATRIX is a company dedicated to designing and manufacturing high precision injection moulds using the most advanced technology integrated in CAD\/CAM\/CAE.","publisher":{"@id":"https:\/\/www.matrix-sa.com\/es\/#organization"},"potentialAction":[{"@type":"SearchAction","target":{"@type":"EntryPoint","urlTemplate":"https:\/\/www.matrix-sa.com\/es\/?s={search_term_string}"},"query-input":{"@type":"PropertyValueSpecification","valueRequired":true,"valueName":"search_term_string"}}],"inLanguage":"es"},{"@type":"Organization","@id":"https:\/\/www.matrix-sa.com\/es\/#organization","name":"Matrix","url":"https:\/\/www.matrix-sa.com\/es\/","logo":{"@type":"ImageObject","inLanguage":"es","@id":"https:\/\/www.matrix-sa.com\/es\/#\/schema\/logo\/image\/","url":"https:\/\/www.matrix-sa.com\/wp-content\/uploads\/2025\/02\/Favicon.svg","contentUrl":"https:\/\/www.matrix-sa.com\/wp-content\/uploads\/2025\/02\/Favicon.svg","width":44,"height":44,"caption":"Matrix"},"image":{"@id":"https:\/\/www.matrix-sa.com\/es\/#\/schema\/logo\/image\/"}}]}},"_links":{"self":[{"href":"https:\/\/www.matrix-sa.com\/es\/wp-json\/wp\/v2\/pages\/3886","targetHints":{"allow":["GET"]}}],"collection":[{"href":"https:\/\/www.matrix-sa.com\/es\/wp-json\/wp\/v2\/pages"}],"about":[{"href":"https:\/\/www.matrix-sa.com\/es\/wp-json\/wp\/v2\/types\/page"}],"author":[{"embeddable":true,"href":"https:\/\/www.matrix-sa.com\/es\/wp-json\/wp\/v2\/users\/1"}],"replies":[{"embeddable":true,"href":"https:\/\/www.matrix-sa.com\/es\/wp-json\/wp\/v2\/comments?post=3886"}],"version-history":[{"count":1,"href":"https:\/\/www.matrix-sa.com\/es\/wp-json\/wp\/v2\/pages\/3886\/revisions"}],"predecessor-version":[{"id":3887,"href":"https:\/\/www.matrix-sa.com\/es\/wp-json\/wp\/v2\/pages\/3886\/revisions\/3887"}],"wp:attachment":[{"href":"https:\/\/www.matrix-sa.com\/es\/wp-json\/wp\/v2\/media?parent=3886"}],"curies":[{"name":"wp","href":"https:\/\/api.w.org\/{rel}","templated":true}]}}