{"id":4547,"date":"2025-02-13T11:32:53","date_gmt":"2025-02-13T10:32:53","guid":{"rendered":"https:\/\/www.matrix-sa.com\/politica-de-privacidad\/"},"modified":"2025-06-26T16:01:52","modified_gmt":"2025-06-26T14:01:52","slug":"politica-de-privacidad","status":"publish","type":"page","link":"https:\/\/www.matrix-sa.com\/es\/politica-de-privacidad\/","title":{"rendered":"Pol\u00edtica de privacidad"},"content":{"rendered":"<p style=\"padding-left: 40px;\">\u00daltima actualizaci\u00f3n: 25 de junio de 2025<\/p>\n<p>&nbsp;<\/p>\n<p style=\"padding-left: 40px;\"><strong>1.OBJETO<\/strong><\/p>\n<p style=\"padding-left: 40px;\">La presente pol\u00edtica de privacidad regula el tratamiento de datos personales que se realiza a trav\u00e9s de la p\u00e1gina web <a href=\"https:\/\/www.matrix-sa.com\/es\/\">https:\/\/www.matrix-sa.com<\/a> (en adelante, la \u201cp\u00e1gina web\u201d).<\/p>\n<p>&nbsp;<\/p>\n<p style=\"padding-left: 40px;\"><strong>2. RESPONSABLE DEL TRATAMIENTO<\/strong><\/p>\n<p style=\"padding-left: 40px;\">El responsable del tratamiento de los datos personales es MATRIX, S.A.U., con domicilio en el Pol\u00edgono Industrial La Barricona, ctra. C-26, km. 195 (17500) Ripoll, NIF A17024720 y correo electr\u00f3nico: privacy@matrix-sa.com <\/p>\n<p style=\"padding-left: 40px;\">MATRIX, S.A.U. se reserva el derecho de modificar la presente pol\u00edtica de privacidad conforme a su propio criterio o motivado por un cambio legal, jurisprudencial o doctrinal de las autoridades de control competentes. El uso de la p\u00e1gina web tras los cambios implicar\u00e1 la aceptaci\u00f3n de los mismos. <\/p>\n<p style=\"padding-left: 40px;\">La p\u00e1gina web puede contener enlaces a p\u00e1ginas externas. MATRIX, S.A.U. no asume ninguna responsabilidad sobre los contenidos ni sobre cualquier otro aspecto relacionado con dichas p\u00e1ginas o sitios web externos. <\/p>\n<p>&nbsp;<\/p>\n<p style=\"padding-left: 40px;\"><strong>3. DATOS PERSONALES<\/strong><\/p>\n<p style=\"padding-left: 40px;\">MATRIX, S.A.U. recoger\u00e1 exclusivamente los datos personales adecuados, pertinentes y limitados a lo que sea necesario en relaci\u00f3n con las finalidades para las que son tratados, seg\u00fan corresponda en cada caso.<\/p>\n<p style=\"padding-left: 40px;\">El usuario garantiza la autenticidad de los datos comunicados y ser\u00e1 el \u00fanico responsable de cualquier manifestaci\u00f3n falsa o inexacta.<\/p>\n<p>&nbsp;<\/p>\n<p style=\"padding-left: 40px;\"><strong>4. FINALIDADES DEL TRATAMIENTO<\/strong><\/p>\n<p style=\"padding-left: 40px;\">Los datos personales ser\u00e1n tratados por el responsable del tratamiento para las siguientes finalidades, seg\u00fan corresponda en cada caso:<\/p>\n<p style=\"padding-left: 40px;\">\u00b7 Consulta y, en su caso, investigaci\u00f3n y respuesta de los mensajes recibidos.<br \/>\n\u00b7 Responder a las personas que se han puesto en contacto con MATRIX, S.A.U. con el inter\u00e9s potencial de convertirse en sus clientes, distribuidores o proveedores.<br \/>\n\u00b7 Gesti\u00f3n comercial y administrativa propia de la relaci\u00f3n contractual existente con sus clientes y proveedores, que incluir\u00e1 la emisi\u00f3n y gesti\u00f3n de presupuestos, pedidos y otra documentaci\u00f3n contractual, as\u00ed como la emisi\u00f3n y el control del cobro y pago de las facturas.<br \/>\n\u00b7 Mantenimiento de la relaci\u00f3n contractual con el interesado o bien con la empresa u organizaci\u00f3n en la que trabaja o colabora.<br \/>\n\u00b7 Revisi\u00f3n y valoraci\u00f3n de la informaci\u00f3n y\/o documentaci\u00f3n proporcionada con el objetivo de participar en un proceso de selecci\u00f3n de una vacante existente o futura, o bien para presentar una candidatura espont\u00e1nea. En caso de que fuera de inter\u00e9s para MATRIX, S.A.U., se pondr\u00e1 en contacto con el interesado con la intenci\u00f3n de valorar su candidatura y, en caso de no ser seleccionada, podr\u00e1 conservarse durante un per\u00edodo adicional de 1 a\u00f1o desde su recepci\u00f3n.<br \/>\n\u00b7 Prevenci\u00f3n, detecci\u00f3n y control de abusos y fraudes cometidos en la p\u00e1gina web o a trav\u00e9s de la misma.<br \/>\n\u00b7 Gesti\u00f3n del cumplimiento de las obligaciones legalmente estipuladas.<\/p>\n<p>&nbsp;<\/p>\n<p style=\"padding-left: 40px;\"><strong>5. LEGITIMACI\u00d3N DEL TRATAMIENTO<\/strong><\/p>\n<p style=\"padding-left: 40px;\">La base jur\u00eddica del tratamiento de los datos personales ser\u00e1 el consentimiento del usuario, en caso de que haya sido prestado para las siguientes finalidades:<\/p>\n<p style=\"padding-left: 40px;\">\u00b7 Consulta y, en su caso, investigaci\u00f3n y respuesta de los mensajes recibidos.<br \/>\n\u00b7 Conservaci\u00f3n de la informaci\u00f3n y\/o documentaci\u00f3n proporcionada con el objetivo de participar en un proceso de selecci\u00f3n durante un per\u00edodo adicional de 1 a\u00f1o desde su recepci\u00f3n.<\/p>\n<p style=\"padding-left: 40px;\">El usuario tendr\u00e1 derecho a retirar el consentimiento en cualquier momento, sin que ello afecte a la licitud del tratamiento previo a su retirada.<\/p>\n<p style=\"padding-left: 40px;\">La base jur\u00eddica del tratamiento de los datos personales ser\u00e1 el cumplimiento de una obligaci\u00f3n legal, en caso de que haya sido prestado para las siguientes finalidades:<\/p>\n<p style=\"padding-left: 40px;\">\u00b7 Gesti\u00f3n administrativa propia de la relaci\u00f3n contractual existente con sus clientes, que incluir\u00e1 la emisi\u00f3n de las facturas.<br \/>\n\u00b7 Gesti\u00f3n del cumplimiento de las obligaciones legalmente estipuladas.<\/p>\n<p style=\"padding-left: 40px;\">El tratamiento de los datos personales para las finalidades mencionadas es necesario para que MATRIX, S.A.U. pueda cumplir con las obligaciones que le impone la legislaci\u00f3n aplicable.<\/p>\n<p style=\"padding-left: 40px;\">Por otro lado, la base jur\u00eddica del tratamiento de los datos personales ser\u00e1 la aplicaci\u00f3n de las medidas precontractuales solicitadas, la intenci\u00f3n del interesado de suscribir un contrato con el responsable del tratamiento o bien la ejecuci\u00f3n del contrato, en caso de que haya sido prestado para las siguientes finalidades:<\/p>\n<p style=\"padding-left: 40px;\">\u00b7 Responder a las personas que se han puesto en contacto con MATRIX, S.A.U. con el inter\u00e9s potencial de convertirse en clientes, distribuidores o proveedores de MATRIX, S.A.U.<br \/>\n\u00b7 Gesti\u00f3n comercial y administrativa propia de la relaci\u00f3n contractual existente con sus clientes, que incluir\u00e1 la emisi\u00f3n y gesti\u00f3n de presupuestos, pedidos y otra documentaci\u00f3n contractual, as\u00ed como el control del cobro de las facturas.<br \/>\n\u00b7 Gesti\u00f3n comercial y administrativa propia de la relaci\u00f3n contractual existente con sus proveedores, que incluir\u00e1 la gesti\u00f3n de presupuestos, pedidos y otra documentaci\u00f3n contractual, as\u00ed como el control del pago de las facturas.<br \/>\n\u00b7 Revisi\u00f3n y valoraci\u00f3n de la informaci\u00f3n y\/o documentaci\u00f3n proporcionada con el objetivo de participar en un proceso de selecci\u00f3n de una vacante existente o futura, o bien para presentar una candidatura espont\u00e1nea. En caso de que fuera de inter\u00e9s para MATRIX, S.A.U., se pondr\u00e1 en contacto con el interesado con la intenci\u00f3n de valorar su candidatura. <\/p>\n<p style=\"padding-left: 40px;\">El tratamiento de los datos personales seg\u00fan la finalidad mencionada es necesario para poder aplicar las medidas precontractuales solicitadas y para poder suscribir y ejecutar el contrato entre MATRIX, S.A.U. y sus clientes y\/o proveedores.<\/p>\n<p style=\"padding-left: 40px;\">Finalmente, la base jur\u00eddica del tratamiento de los datos personales ser\u00e1 el inter\u00e9s leg\u00edtimo del responsable del tratamiento, en caso de que haya sido prestado para las siguientes finalidades:<\/p>\n<p style=\"padding-left: 40px;\">\u00b7 Mantenimiento de la relaci\u00f3n contractual con el interesado o bien con la empresa u organizaci\u00f3n en la que trabaja o colabora. El inter\u00e9s leg\u00edtimo del responsable del tratamiento se encuentra reconocido por la normativa aplicable.<br \/>\n\u00b7 Prevenci\u00f3n, detecci\u00f3n y control de abusos y fraudes cometidos en la p\u00e1gina web o a trav\u00e9s de la misma. El inter\u00e9s leg\u00edtimo se basa en la voluntad del responsable del tratamiento de mantener la p\u00e1gina web como un sitio web seguro. <\/p>\n<p>&nbsp;<\/p>\n<p style=\"padding-left: 40px;\"><strong>6. DESTINATARIOS<\/strong><\/p>\n<p style=\"padding-left: 40px;\">MATRIX, S.A.U. no comunicar\u00e1 los datos personales a terceros, salvo en caso de obligaci\u00f3n legal y a terceros subcontratados.<\/p>\n<p>&nbsp;<\/p>\n<p style=\"padding-left: 40px;\"><strong>7. PLAZOS DE CONSERVACI\u00d3N<\/strong><\/p>\n<p style=\"padding-left: 40px;\">En caso de que la base jur\u00eddica del tratamiento consista en el consentimiento del usuario, los datos ser\u00e1n conservados mientras este no lo revoque.<\/p>\n<p style=\"padding-left: 40px;\">Los curr\u00edculums vitae se conservar\u00e1n durante un plazo m\u00e1ximo de 12 meses, teniendo en cuenta posibles futuros procesos de selecci\u00f3n de MATRIX, S.A.U., siempre que previamente el usuario no haya revocado el consentimiento prestado.<\/p>\n<p style=\"padding-left: 40px;\">En caso de que la base jur\u00eddica del tratamiento sea el cumplimiento de una obligaci\u00f3n legal o un inter\u00e9s leg\u00edtimo, los datos ser\u00e1n conservados durante el tiempo necesario para garantizar su cumplimiento.<\/p>\n<p style=\"padding-left: 40px;\">Si la legitimidad del tratamiento se basa en la aplicaci\u00f3n de las medidas precontractuales solicitadas o bien en la ejecuci\u00f3n del contrato, los datos ser\u00e1n conservados mientras no se retire la solicitud de aplicaci\u00f3n de dichas medidas precontractuales o durante el tiempo necesario para garantizar la ejecuci\u00f3n del contrato.<\/p>\n<p style=\"padding-left: 40px;\">En todo caso, los datos personales se conservar\u00e1n durante todo el per\u00edodo de tiempo en que puedan exigirse responsabilidades al responsable del tratamiento, conforme a lo establecido en la legislaci\u00f3n aplicable, procedi\u00e9ndose, si corresponde, al bloqueo de los datos hasta que haya transcurrido el plazo de prescripci\u00f3n correspondiente. <\/p>\n<p>&nbsp;<\/p>\n<p style=\"padding-left: 40px;\"><strong>8. DERECHOS DEL USUARIO<\/strong><\/p>\n<p style=\"padding-left: 40px;\">Le informamos que en cualquier momento puede ejercer los derechos de acceso, rectificaci\u00f3n, supresi\u00f3n, limitaci\u00f3n, oposici\u00f3n y portabilidad respecto a sus datos de car\u00e1cter personal, tal como prev\u00e9 la normativa en materia de protecci\u00f3n de datos, enviando un escrito a la direcci\u00f3n postal: Pol\u00edgono Industrial La Barricona, ctra. C-26, km. 195 (17500) Ripoll, o bien al correo electr\u00f3nico: <a href=\"mailto:privacy@matrix-sa.com\">privacy@matrix-sa.com<\/a>. <\/p>\n<p style=\"padding-left: 40px;\">En concreto, podr\u00e1 ejercer los siguientes derechos:<\/p>\n<p style=\"padding-left: 40px;\">\u00b7 Acceder a tus datos personales.<br \/>\n\u00b7 Rectificar los datos inexactos o incompletos.<br \/>\n\u00b7 Solicitar la supresi\u00f3n de sus datos cuando, entre otros motivos, los datos ya no sean necesarios para las finalidades para las que fueron recogidos.<br \/>\n\u00b7 Ejercer la limitaci\u00f3n del tratamiento de los datos cuando se cumpla alguna de las condiciones previstas en la normativa de protecci\u00f3n de datos.<br \/>\n\u00b7 En determinadas circunstancias y por motivos relacionados con su situaci\u00f3n particular respecto al tratamiento de sus datos, los interesados podr\u00e1n oponerse al tratamiento. En tales casos, MATRIX, S.A.U. dejar\u00e1 de tratar los datos, salvo por motivos leg\u00edtimos imperiosos, o para el ejercicio o la defensa de posibles reclamaciones.<br \/>\n\u00b7 Obtener intervenci\u00f3n humana, expresar su punto de vista y impugnar las decisiones automatizadas adoptadas por parte de MATRIX, S.A.U., si corresponde.<br \/>\n\u00b7 Solicitar la portabilidad de sus datos.<\/p>\n<p style=\"padding-left: 40px;\">En caso de disconformidad con relaci\u00f3n al tratamiento de sus datos, podr\u00e1 presentar una reclamaci\u00f3n ante la Agencia Espa\u00f1ola de Protecci\u00f3n de Datos: <a href=\"http:\/\/www.aepd.es\">www.aepd.es.<\/a><\/p>\n","protected":false},"excerpt":{"rendered":"<p>\u00daltima actualizaci\u00f3n: 25 de junio de 2025 &nbsp; 1.OBJETO La presente pol\u00edtica de privacidad regula el tratamiento de datos personales que se realiza a trav\u00e9s de la p\u00e1gina web https:\/\/www.matrix-sa.com (en adelante, la \u201cp\u00e1gina web\u201d). &nbsp; 2. RESPONSABLE DEL TRATAMIENTO El responsable del tratamiento de los datos personales es MATRIX, S.A.U., con domicilio en el [&hellip;]<\/p>\n","protected":false},"author":1,"featured_media":0,"parent":0,"menu_order":0,"comment_status":"closed","ping_status":"open","template":"","meta":{"product_image_gallery":"","footnotes":""},"class_list":["post-4547","page","type-page","status-publish","hentry"],"yoast_head":"<!-- This site is optimized with the Yoast SEO plugin v27.3 - https:\/\/yoast.com\/product\/yoast-seo-wordpress\/ -->\n<title>Pol\u00edtica de privacidad - Matrix<\/title>\n<meta name=\"robots\" content=\"noindex, nofollow\" \/>\n<meta property=\"og:locale\" content=\"es_ES\" \/>\n<meta property=\"og:type\" content=\"article\" \/>\n<meta property=\"og:title\" content=\"Pol\u00edtica de privacidad - Matrix\" \/>\n<meta property=\"og:description\" content=\"\u00daltima actualizaci\u00f3n: 25 de junio de 2025 &nbsp; 1.OBJETO La presente pol\u00edtica de privacidad regula el tratamiento de datos personales que se realiza a trav\u00e9s de la p\u00e1gina web https:\/\/www.matrix-sa.com (en adelante, la \u201cp\u00e1gina web\u201d). &nbsp; 2. RESPONSABLE DEL TRATAMIENTO El responsable del tratamiento de los datos personales es MATRIX, S.A.U., con domicilio en el [&hellip;]\" \/>\n<meta property=\"og:url\" content=\"https:\/\/www.matrix-sa.com\/es\/politica-de-privacidad\/\" \/>\n<meta property=\"og:site_name\" content=\"Matrix\" \/>\n<meta property=\"article:modified_time\" content=\"2025-06-26T14:01:52+00:00\" \/>\n<meta property=\"og:image\" content=\"https:\/\/www.matrix-sa.com\/wp-content\/uploads\/2025\/03\/matrix-external-view.webp\" \/>\n\t<meta property=\"og:image:width\" content=\"2000\" \/>\n\t<meta property=\"og:image:height\" content=\"1004\" \/>\n\t<meta property=\"og:image:type\" content=\"image\/webp\" \/>\n<meta name=\"twitter:card\" content=\"summary_large_image\" \/>\n<meta name=\"twitter:label1\" content=\"Tiempo de lectura\" \/>\n\t<meta name=\"twitter:data1\" content=\"6 minuto\" \/>\n<script type=\"application\/ld+json\" class=\"yoast-schema-graph\">{\"@context\":\"https:\\\/\\\/schema.org\",\"@graph\":[{\"@type\":\"WebPage\",\"@id\":\"https:\\\/\\\/www.matrix-sa.com\\\/es\\\/politica-de-privacidad\\\/\",\"url\":\"https:\\\/\\\/www.matrix-sa.com\\\/es\\\/politica-de-privacidad\\\/\",\"name\":\"Pol\u00edtica de privacidad - Matrix\",\"isPartOf\":{\"@id\":\"https:\\\/\\\/www.matrix-sa.com\\\/es\\\/#website\"},\"datePublished\":\"2025-02-13T10:32:53+00:00\",\"dateModified\":\"2025-06-26T14:01:52+00:00\",\"breadcrumb\":{\"@id\":\"https:\\\/\\\/www.matrix-sa.com\\\/es\\\/politica-de-privacidad\\\/#breadcrumb\"},\"inLanguage\":\"es\",\"potentialAction\":[{\"@type\":\"ReadAction\",\"target\":[\"https:\\\/\\\/www.matrix-sa.com\\\/es\\\/politica-de-privacidad\\\/\"]}]},{\"@type\":\"BreadcrumbList\",\"@id\":\"https:\\\/\\\/www.matrix-sa.com\\\/es\\\/politica-de-privacidad\\\/#breadcrumb\",\"itemListElement\":[{\"@type\":\"ListItem\",\"position\":1,\"name\":\"Home\",\"item\":\"https:\\\/\\\/www.matrix-sa.com\\\/es\\\/inicio\\\/\"},{\"@type\":\"ListItem\",\"position\":2,\"name\":\"Pol\u00edtica de privacidad\"}]},{\"@type\":\"WebSite\",\"@id\":\"https:\\\/\\\/www.matrix-sa.com\\\/es\\\/#website\",\"url\":\"https:\\\/\\\/www.matrix-sa.com\\\/es\\\/\",\"name\":\"Matrix - Injection Moulds\",\"description\":\"MATRIX is a company dedicated to designing and manufacturing high precision injection moulds using the most advanced technology integrated in CAD\\\/CAM\\\/CAE.\",\"publisher\":{\"@id\":\"https:\\\/\\\/www.matrix-sa.com\\\/es\\\/#organization\"},\"potentialAction\":[{\"@type\":\"SearchAction\",\"target\":{\"@type\":\"EntryPoint\",\"urlTemplate\":\"https:\\\/\\\/www.matrix-sa.com\\\/es\\\/?s={search_term_string}\"},\"query-input\":{\"@type\":\"PropertyValueSpecification\",\"valueRequired\":true,\"valueName\":\"search_term_string\"}}],\"inLanguage\":\"es\"},{\"@type\":\"Organization\",\"@id\":\"https:\\\/\\\/www.matrix-sa.com\\\/es\\\/#organization\",\"name\":\"Matrix\",\"url\":\"https:\\\/\\\/www.matrix-sa.com\\\/es\\\/\",\"logo\":{\"@type\":\"ImageObject\",\"inLanguage\":\"es\",\"@id\":\"https:\\\/\\\/www.matrix-sa.com\\\/es\\\/#\\\/schema\\\/logo\\\/image\\\/\",\"url\":\"https:\\\/\\\/www.matrix-sa.com\\\/wp-content\\\/uploads\\\/2025\\\/02\\\/Favicon.svg\",\"contentUrl\":\"https:\\\/\\\/www.matrix-sa.com\\\/wp-content\\\/uploads\\\/2025\\\/02\\\/Favicon.svg\",\"width\":44,\"height\":44,\"caption\":\"Matrix\"},\"image\":{\"@id\":\"https:\\\/\\\/www.matrix-sa.com\\\/es\\\/#\\\/schema\\\/logo\\\/image\\\/\"}}]}<\/script>\n<!-- \/ Yoast SEO plugin. -->","yoast_head_json":{"title":"Pol\u00edtica de privacidad - Matrix","robots":{"index":"noindex","follow":"nofollow"},"og_locale":"es_ES","og_type":"article","og_title":"Pol\u00edtica de privacidad - Matrix","og_description":"\u00daltima actualizaci\u00f3n: 25 de junio de 2025 &nbsp; 1.OBJETO La presente pol\u00edtica de privacidad regula el tratamiento de datos personales que se realiza a trav\u00e9s de la p\u00e1gina web https:\/\/www.matrix-sa.com (en adelante, la \u201cp\u00e1gina web\u201d). &nbsp; 2. RESPONSABLE DEL TRATAMIENTO El responsable del tratamiento de los datos personales es MATRIX, S.A.U., con domicilio en el [&hellip;]","og_url":"https:\/\/www.matrix-sa.com\/es\/politica-de-privacidad\/","og_site_name":"Matrix","article_modified_time":"2025-06-26T14:01:52+00:00","og_image":[{"width":2000,"height":1004,"url":"https:\/\/www.matrix-sa.com\/wp-content\/uploads\/2025\/03\/matrix-external-view.webp","type":"image\/webp"}],"twitter_card":"summary_large_image","twitter_misc":{"Tiempo de lectura":"6 minuto"},"schema":{"@context":"https:\/\/schema.org","@graph":[{"@type":"WebPage","@id":"https:\/\/www.matrix-sa.com\/es\/politica-de-privacidad\/","url":"https:\/\/www.matrix-sa.com\/es\/politica-de-privacidad\/","name":"Pol\u00edtica de privacidad - Matrix","isPartOf":{"@id":"https:\/\/www.matrix-sa.com\/es\/#website"},"datePublished":"2025-02-13T10:32:53+00:00","dateModified":"2025-06-26T14:01:52+00:00","breadcrumb":{"@id":"https:\/\/www.matrix-sa.com\/es\/politica-de-privacidad\/#breadcrumb"},"inLanguage":"es","potentialAction":[{"@type":"ReadAction","target":["https:\/\/www.matrix-sa.com\/es\/politica-de-privacidad\/"]}]},{"@type":"BreadcrumbList","@id":"https:\/\/www.matrix-sa.com\/es\/politica-de-privacidad\/#breadcrumb","itemListElement":[{"@type":"ListItem","position":1,"name":"Home","item":"https:\/\/www.matrix-sa.com\/es\/inicio\/"},{"@type":"ListItem","position":2,"name":"Pol\u00edtica de privacidad"}]},{"@type":"WebSite","@id":"https:\/\/www.matrix-sa.com\/es\/#website","url":"https:\/\/www.matrix-sa.com\/es\/","name":"Matrix - Injection Moulds","description":"MATRIX is a company dedicated to designing and manufacturing high precision injection moulds using the most advanced technology integrated in CAD\/CAM\/CAE.","publisher":{"@id":"https:\/\/www.matrix-sa.com\/es\/#organization"},"potentialAction":[{"@type":"SearchAction","target":{"@type":"EntryPoint","urlTemplate":"https:\/\/www.matrix-sa.com\/es\/?s={search_term_string}"},"query-input":{"@type":"PropertyValueSpecification","valueRequired":true,"valueName":"search_term_string"}}],"inLanguage":"es"},{"@type":"Organization","@id":"https:\/\/www.matrix-sa.com\/es\/#organization","name":"Matrix","url":"https:\/\/www.matrix-sa.com\/es\/","logo":{"@type":"ImageObject","inLanguage":"es","@id":"https:\/\/www.matrix-sa.com\/es\/#\/schema\/logo\/image\/","url":"https:\/\/www.matrix-sa.com\/wp-content\/uploads\/2025\/02\/Favicon.svg","contentUrl":"https:\/\/www.matrix-sa.com\/wp-content\/uploads\/2025\/02\/Favicon.svg","width":44,"height":44,"caption":"Matrix"},"image":{"@id":"https:\/\/www.matrix-sa.com\/es\/#\/schema\/logo\/image\/"}}]}},"_links":{"self":[{"href":"https:\/\/www.matrix-sa.com\/es\/wp-json\/wp\/v2\/pages\/4547","targetHints":{"allow":["GET"]}}],"collection":[{"href":"https:\/\/www.matrix-sa.com\/es\/wp-json\/wp\/v2\/pages"}],"about":[{"href":"https:\/\/www.matrix-sa.com\/es\/wp-json\/wp\/v2\/types\/page"}],"author":[{"embeddable":true,"href":"https:\/\/www.matrix-sa.com\/es\/wp-json\/wp\/v2\/users\/1"}],"replies":[{"embeddable":true,"href":"https:\/\/www.matrix-sa.com\/es\/wp-json\/wp\/v2\/comments?post=4547"}],"version-history":[{"count":4,"href":"https:\/\/www.matrix-sa.com\/es\/wp-json\/wp\/v2\/pages\/4547\/revisions"}],"predecessor-version":[{"id":4740,"href":"https:\/\/www.matrix-sa.com\/es\/wp-json\/wp\/v2\/pages\/4547\/revisions\/4740"}],"wp:attachment":[{"href":"https:\/\/www.matrix-sa.com\/es\/wp-json\/wp\/v2\/media?parent=4547"}],"curies":[{"name":"wp","href":"https:\/\/api.w.org\/{rel}","templated":true}]}}