{"id":3839,"date":"2025-03-25T09:48:28","date_gmt":"2025-03-25T08:48:28","guid":{"rendered":"https:\/\/www.matrix-sa.com\/atelier-de-pointe\/"},"modified":"2025-07-31T12:15:23","modified_gmt":"2025-07-31T10:15:23","slug":"atelier-de-pointe","status":"publish","type":"page","link":"https:\/\/www.matrix-sa.com\/fr\/atelier-de-pointe\/","title":{"rendered":"Atelier de pointe"},"content":{"rendered":"\t\t<div data-elementor-type=\"wp-page\" data-elementor-id=\"3839\" class=\"elementor elementor-3839 elementor-2199\" data-elementor-post-type=\"page\">\n\t\t\t\t<div class=\"elementor-element elementor-element-ab05af7 e-flex e-con-boxed e-con e-parent\" data-id=\"ab05af7\" data-element_type=\"container\">\n\t\t\t\t\t<div class=\"e-con-inner\">\n\t\t\t\t<div class=\"elementor-element elementor-element-547d742 breadcrumbsmatrix elementor-widget elementor-widget-dce-breadcrumbs\" data-id=\"547d742\" data-element_type=\"widget\" data-widget_type=\"dce-breadcrumbs.default\">\n\t\t\t\t<div class=\"elementor-widget-container\">\n\t\t\t\t\t<div><span><span><a href=\"https:\/\/www.matrix-sa.com\/fr\/accueil\/\">Maison<\/a><\/span><\/span><\/div>\t\t\t\t<\/div>\n\t\t\t\t<\/div>\n\t\t\t\t\t<\/div>\n\t\t\t\t<\/div>\n\t\t<div data-dce-background-overlay-color=\"#000000\" data-dce-background-image-url=\"https:\/\/matrix-sa.com\/wp-content\/uploads\/2025\/03\/02_capsalera_inhouse.webp\" class=\"elementor-element elementor-element-704c799 e-flex e-con-boxed e-con e-parent\" data-id=\"704c799\" data-element_type=\"container\" data-settings=\"{&quot;background_background&quot;:&quot;classic&quot;}\">\n\t\t\t\t\t<div class=\"e-con-inner\">\n\t\t\t\t<div class=\"elementor-element elementor-element-16200eb elementor-widget elementor-widget-heading\" data-id=\"16200eb\" data-element_type=\"widget\" data-widget_type=\"heading.default\">\n\t\t\t\t<div class=\"elementor-widget-container\">\n\t\t\t\t\t<h1 class=\"elementor-heading-title elementor-size-default\">Nous croyons en une fabrication de haute qualit\u00e9<\/h1>\t\t\t\t<\/div>\n\t\t\t\t<\/div>\n\t\t\t\t\t<\/div>\n\t\t\t\t<\/div>\n\t\t<div class=\"elementor-element elementor-element-962cac5 e-grid e-con-boxed e-con e-parent\" data-id=\"962cac5\" data-element_type=\"container\">\n\t\t\t\t\t<div class=\"e-con-inner\">\n\t\t\t\t<div class=\"elementor-element elementor-element-da15084 dce_masking-none elementor-widget elementor-widget-image\" data-id=\"da15084\" data-element_type=\"widget\" data-widget_type=\"image.default\">\n\t\t\t\t<div class=\"elementor-widget-container\">\n\t\t\t\t\t\t\t\t\t\t\t\t\t\t\t<img decoding=\"async\" width=\"600\" height=\"2\" src=\"https:\/\/www.matrix-sa.com\/wp-content\/uploads\/2025\/02\/fake.webp\" class=\"attachment-large size-large wp-image-2862\" alt=\"\" srcset=\"https:\/\/www.matrix-sa.com\/wp-content\/uploads\/2025\/02\/fake.webp 600w, https:\/\/www.matrix-sa.com\/wp-content\/uploads\/2025\/02\/fake-300x1.webp 300w, https:\/\/www.matrix-sa.com\/wp-content\/uploads\/2025\/02\/fake-150x2.webp 150w\" sizes=\"(max-width: 600px) 100vw, 600px\" \/>\t\t\t\t\t\t\t\t\t\t\t\t\t\t\t<\/div>\n\t\t\t\t<\/div>\n\t\t<div class=\"elementor-element elementor-element-e714aed e-con-full e-flex e-con e-child\" data-id=\"e714aed\" data-element_type=\"container\">\n\t\t\t\t<div data-dce-title-color=\"#1A1A1A\" class=\"elementor-element elementor-element-31861e6 elementor-widget elementor-widget-heading\" data-id=\"31861e6\" data-element_type=\"widget\" data-widget_type=\"heading.default\">\n\t\t\t\t<div class=\"elementor-widget-container\">\n\t\t\t\t\t<h2 class=\"elementor-heading-title elementor-size-default\">Chez Matrix, nous croyons en une fabrication de haute qualit\u00e9, c'est pourquoi notre atelier est le c\u0153ur de notre entreprise.<\/h2>\t\t\t\t<\/div>\n\t\t\t\t<\/div>\n\t\t\t\t<div data-dce-text-color=\"#424242\" class=\"elementor-element elementor-element-d13117a elementor-widget elementor-widget-text-editor\" data-id=\"d13117a\" data-element_type=\"widget\" data-widget_type=\"text-editor.default\">\n\t\t\t\t<div class=\"elementor-widget-container\">\n\t\t\t\t\t\t\t\t\t<p>Nos op\u00e9rateurs, qui travaillent en trois \u00e9quipes, sont hautement qualifi\u00e9s et form\u00e9s pour r\u00e9pondre aux normes les plus strictes en mati\u00e8re de pr\u00e9cision et d&rsquo;excellence.<\/p><p>L&rsquo;atelier Matrix est un espace enti\u00e8rement climatis\u00e9, lumineux et organis\u00e9, con\u00e7u pour garantir un environnement de travail optimal qui refl\u00e8te notre engagement en faveur de la qualit\u00e9 et de la satisfaction du client.<\/p>\t\t\t\t\t\t\t\t<\/div>\n\t\t\t\t<\/div>\n\t\t\t\t<\/div>\n\t\t\t\t<div class=\"elementor-element elementor-element-0db0fa6 dce_masking-none elementor-widget elementor-widget-image\" data-id=\"0db0fa6\" data-element_type=\"widget\" data-widget_type=\"image.default\">\n\t\t\t\t<div class=\"elementor-widget-container\">\n\t\t\t\t\t\t\t\t\t\t\t\t\t\t\t<img decoding=\"async\" width=\"600\" height=\"2\" src=\"https:\/\/www.matrix-sa.com\/wp-content\/uploads\/2025\/02\/fake.webp\" class=\"attachment-large size-large wp-image-2862\" alt=\"\" srcset=\"https:\/\/www.matrix-sa.com\/wp-content\/uploads\/2025\/02\/fake.webp 600w, https:\/\/www.matrix-sa.com\/wp-content\/uploads\/2025\/02\/fake-300x1.webp 300w, https:\/\/www.matrix-sa.com\/wp-content\/uploads\/2025\/02\/fake-150x2.webp 150w\" sizes=\"(max-width: 600px) 100vw, 600px\" \/>\t\t\t\t\t\t\t\t\t\t\t\t\t\t\t<\/div>\n\t\t\t\t<\/div>\n\t\t\t\t\t<\/div>\n\t\t\t\t<\/div>\n\t\t<div class=\"elementor-element elementor-element-3149aa0 e-flex e-con-boxed e-con e-parent\" data-id=\"3149aa0\" data-element_type=\"container\">\n\t\t\t\t\t<div class=\"e-con-inner\">\n\t\t\t\t<div data-dce-title-color=\"#1A1A1A\" class=\"elementor-element elementor-element-de68373 elementor-widget elementor-widget-heading\" data-id=\"de68373\" data-element_type=\"widget\" data-widget_type=\"heading.default\">\n\t\t\t\t<div class=\"elementor-widget-container\">\n\t\t\t\t\t<h2 class=\"elementor-heading-title elementor-size-default\">Les piliers de notre atelier<\/h2>\t\t\t\t<\/div>\n\t\t\t\t<\/div>\n\t\t\t\t\t<\/div>\n\t\t\t\t<\/div>\n\t\t<div class=\"elementor-element elementor-element-7b69ca1 e-flex e-con-boxed e-con e-parent\" data-id=\"7b69ca1\" data-element_type=\"container\">\n\t\t\t\t\t<div class=\"e-con-inner\">\n\t\t<div class=\"elementor-element elementor-element-c9ed68a e-con-full e-flex e-con e-child\" data-id=\"c9ed68a\" data-element_type=\"container\" data-settings=\"{&quot;background_background&quot;:&quot;video&quot;,&quot;background_video_link&quot;:&quot;https:\\\/\\\/youtu.be\\\/SL7GCqiFPeg&quot;,&quot;background_play_on_mobile&quot;:&quot;yes&quot;}\">\n\t\t<div class=\"elementor-background-video-container\" aria-hidden=\"true\">\n\t\t\t\t\t\t\t<div class=\"elementor-background-video-embed\"><\/div>\n\t\t\t\t\t\t<\/div>\t\t<\/div>\n\t\t<div class=\"elementor-element elementor-element-a4a214e e-con-full e-flex e-con e-child\" data-id=\"a4a214e\" data-element_type=\"container\">\n\t\t\t\t<div class=\"elementor-element elementor-element-97e50c9 ratlla49x2esquerra elementor-widget elementor-widget-heading\" data-id=\"97e50c9\" data-element_type=\"widget\" data-widget_type=\"heading.default\">\n\t\t\t\t<div class=\"elementor-widget-container\">\n\t\t\t\t\t<h3 class=\"elementor-heading-title elementor-size-default\">Infrastructure avanc\u00e9e<\/h3>\t\t\t\t<\/div>\n\t\t\t\t<\/div>\n\t\t\t\t<div class=\"elementor-element elementor-element-0c9c0e7 elementor-widget elementor-widget-text-editor\" data-id=\"0c9c0e7\" data-element_type=\"widget\" data-widget_type=\"text-editor.default\">\n\t\t\t\t<div class=\"elementor-widget-container\">\n\t\t\t\t\t\t\t\t\t<p>Nous utilisons des <strong>\u00e9quipements d&rsquo;usinage de pointe<\/strong>, mis \u00e0 jour selon un plan d&rsquo;investissement strat\u00e9gique afin de garantir une efficacit\u00e9 et une pr\u00e9cision maximales.<\/p><p>Nos <strong>cellules automatis\u00e9es<\/strong> nous permettent d&rsquo;optimiser les processus de fabrication, en fonctionnant 24 heures sur 24 et 7 jours sur 7.<\/p>\t\t\t\t\t\t\t\t<\/div>\n\t\t\t\t<\/div>\n\t\t\t\t<\/div>\n\t\t\t\t\t<\/div>\n\t\t\t\t<\/div>\n\t\t<div class=\"elementor-element elementor-element-1ac7a30 e-flex e-con-boxed e-con e-parent\" data-id=\"1ac7a30\" data-element_type=\"container\">\n\t\t\t\t\t<div class=\"e-con-inner\">\n\t\t<div data-dce-background-image-url=\"https:\/\/matrix-sa.com\/wp-content\/uploads\/2025\/03\/02_inHouse_staff.jpg\" class=\"elementor-element elementor-element-f068ec2 e-con-full e-flex e-con e-child\" data-id=\"f068ec2\" data-element_type=\"container\" data-settings=\"{&quot;background_background&quot;:&quot;classic&quot;}\">\n\t\t\t\t<\/div>\n\t\t<div class=\"elementor-element elementor-element-cf428b0 e-con-full e-flex e-con e-child\" data-id=\"cf428b0\" data-element_type=\"container\">\n\t\t\t\t<div class=\"elementor-element elementor-element-8ff0e6b ratlla49x2esquerra elementor-widget elementor-widget-heading\" data-id=\"8ff0e6b\" data-element_type=\"widget\" data-widget_type=\"heading.default\">\n\t\t\t\t<div class=\"elementor-widget-container\">\n\t\t\t\t\t<h3 class=\"elementor-heading-title elementor-size-default\">Une main-d'\u0153uvre qualifi\u00e9e gr\u00e2ce \u00e0 une formation continue<\/h3>\t\t\t\t<\/div>\n\t\t\t\t<\/div>\n\t\t\t\t<div class=\"elementor-element elementor-element-6b159c5 elementor-widget elementor-widget-text-editor\" data-id=\"6b159c5\" data-element_type=\"widget\" data-widget_type=\"text-editor.default\">\n\t\t\t\t<div class=\"elementor-widget-container\">\n\t\t\t\t\t\t\t\t\t<p>Nos op\u00e9rateurs re\u00e7oivent une <strong>formation continue<\/strong> afin de rester au fait des derni\u00e8res technologies et techniques de fabrication.<\/p><p>Nous collaborons avec des <strong>centres de formation en alternance<\/strong> pour int\u00e9grer des apprentis qui apportent \u00e0 notre \u00e9quipe des perspectives nouvelles et des innovations.<\/p>\t\t\t\t\t\t\t\t<\/div>\n\t\t\t\t<\/div>\n\t\t\t\t<\/div>\n\t\t\t\t\t<\/div>\n\t\t\t\t<\/div>\n\t\t<div class=\"elementor-element elementor-element-d1b00f0 e-flex e-con-boxed e-con e-parent\" data-id=\"d1b00f0\" data-element_type=\"container\">\n\t\t\t\t\t<div class=\"e-con-inner\">\n\t\t<div data-dce-background-image-url=\"https:\/\/matrix-sa.com\/wp-content\/uploads\/2025\/03\/02_inHouse_digitalization.webp\" class=\"elementor-element elementor-element-d212f8b e-con-full e-flex e-con e-child\" data-id=\"d212f8b\" data-element_type=\"container\" data-settings=\"{&quot;background_background&quot;:&quot;classic&quot;}\">\n\t\t\t\t<\/div>\n\t\t<div class=\"elementor-element elementor-element-ed3ccb3 e-con-full e-flex e-con e-child\" data-id=\"ed3ccb3\" data-element_type=\"container\">\n\t\t\t\t<div class=\"elementor-element elementor-element-ada2652 ratlla49x2esquerra elementor-widget elementor-widget-heading\" data-id=\"ada2652\" data-element_type=\"widget\" data-widget_type=\"heading.default\">\n\t\t\t\t<div class=\"elementor-widget-container\">\n\t\t\t\t\t<h3 class=\"elementor-heading-title elementor-size-default\">Num\u00e9risation et innovation<\/h3>\t\t\t\t<\/div>\n\t\t\t\t<\/div>\n\t\t\t\t<div class=\"elementor-element elementor-element-2293b4c elementor-widget elementor-widget-text-editor\" data-id=\"2293b4c\" data-element_type=\"widget\" data-widget_type=\"text-editor.default\">\n\t\t\t\t<div class=\"elementor-widget-container\">\n\t\t\t\t\t\t\t\t\t<p>Nous avons mis en place des syst\u00e8mes de num\u00e9risation avanc\u00e9s pour <strong>surveiller et contr\u00f4ler le<\/strong> flux de fabrication en <strong>temps r\u00e9el.<\/strong><\/p>\t\t\t\t\t\t\t\t<\/div>\n\t\t\t\t<\/div>\n\t\t\t\t<\/div>\n\t\t\t\t\t<\/div>\n\t\t\t\t<\/div>\n\t\t<div class=\"elementor-element elementor-element-f7d46f7 e-flex e-con-boxed e-con e-parent\" data-id=\"f7d46f7\" data-element_type=\"container\">\n\t\t\t\t\t<div class=\"e-con-inner\">\n\t\t<div class=\"elementor-element elementor-element-cd96a3d e-con-full e-flex e-con e-child\" data-id=\"cd96a3d\" data-element_type=\"container\">\n\t\t<div class=\"elementor-element elementor-element-73bbf99 e-con-full e-flex e-con e-child\" data-id=\"73bbf99\" data-element_type=\"container\">\n\t\t<div class=\"elementor-element elementor-element-cb82a7b e-grid e-con-full e-con e-child\" data-id=\"cb82a7b\" data-element_type=\"container\">\n\t\t\t\t<div class=\"elementor-element elementor-element-a38f3a7 dce_masking-none elementor-widget elementor-widget-image\" data-id=\"a38f3a7\" data-element_type=\"widget\" data-widget_type=\"image.default\">\n\t\t\t\t<div class=\"elementor-widget-container\">\n\t\t\t\t\t\t\t\t\t\t\t\t\t\t\t<img decoding=\"async\" width=\"600\" height=\"2\" src=\"https:\/\/www.matrix-sa.com\/wp-content\/uploads\/2025\/07\/fake.webp\" class=\"attachment-large size-large wp-image-5116\" alt=\"\" srcset=\"https:\/\/www.matrix-sa.com\/wp-content\/uploads\/2025\/07\/fake.webp 600w, https:\/\/www.matrix-sa.com\/wp-content\/uploads\/2025\/07\/fake-300x1.webp 300w, https:\/\/www.matrix-sa.com\/wp-content\/uploads\/2025\/07\/fake-150x2.webp 150w\" sizes=\"(max-width: 600px) 100vw, 600px\" \/>\t\t\t\t\t\t\t\t\t\t\t\t\t\t\t<\/div>\n\t\t\t\t<\/div>\n\t\t<div class=\"elementor-element elementor-element-b9572de e-con-full e-flex e-con e-child\" data-id=\"b9572de\" data-element_type=\"container\">\n\t\t<a class=\"elementor-element elementor-element-568b085 e-con-full e-flex e-con e-child\" data-id=\"568b085\" data-element_type=\"container\" href=\"https:\/\/www.matrix-sa.com\/fr\/services-dingenierie\/\">\n\t\t\t\t<div class=\"elementor-element elementor-element-e005240 dce_masking-none elementor-widget elementor-widget-image\" data-id=\"e005240\" data-element_type=\"widget\" data-widget_type=\"image.default\">\n\t\t\t\t<div class=\"elementor-widget-container\">\n\t\t\t\t\t\t\t\t\t\t\t\t\t\t\t<img decoding=\"async\" width=\"64\" height=\"64\" src=\"https:\/\/www.matrix-sa.com\/wp-content\/uploads\/2025\/07\/button-circle-left.svg\" class=\"attachment-large size-large wp-image-5124\" alt=\"\" \/>\t\t\t\t\t\t\t\t\t\t\t\t\t\t\t<\/div>\n\t\t\t\t<\/div>\n\t\t\t\t<div data-dce-text-color=\"#424242\" class=\"elementor-element elementor-element-dce102a elementor-widget elementor-widget-text-editor\" data-id=\"dce102a\" data-element_type=\"widget\" data-widget_type=\"text-editor.default\">\n\t\t\t\t<div class=\"elementor-widget-container\">\n\t\t\t\t\t\t\t\t\t<p>Services d&rsquo;ing\u00e9nierie<\/p>\t\t\t\t\t\t\t\t<\/div>\n\t\t\t\t<\/div>\n\t\t\t\t<\/a>\n\t\t<a class=\"elementor-element elementor-element-a042575 e-con-full e-flex e-con e-child\" data-id=\"a042575\" data-element_type=\"container\" href=\"https:\/\/www.matrix-sa.com\/fr\/laboratoire-de-qualite\/\">\n\t\t\t\t<div data-dce-text-color=\"#424242\" class=\"elementor-element elementor-element-1d4534a elementor-widget elementor-widget-text-editor\" data-id=\"1d4534a\" data-element_type=\"widget\" data-widget_type=\"text-editor.default\">\n\t\t\t\t<div class=\"elementor-widget-container\">\n\t\t\t\t\t\t\t\t\t<p>Laboratoire de qualit\u00e9<\/p>\t\t\t\t\t\t\t\t<\/div>\n\t\t\t\t<\/div>\n\t\t\t\t<div class=\"elementor-element elementor-element-156a498 dce_masking-none elementor-widget elementor-widget-image\" data-id=\"156a498\" data-element_type=\"widget\" data-widget_type=\"image.default\">\n\t\t\t\t<div class=\"elementor-widget-container\">\n\t\t\t\t\t\t\t\t\t\t\t\t\t\t\t<img loading=\"lazy\" decoding=\"async\" width=\"64\" height=\"64\" src=\"https:\/\/www.matrix-sa.com\/wp-content\/uploads\/2025\/02\/button-circle-right.svg\" class=\"attachment-large size-large wp-image-2871\" alt=\"\" \/>\t\t\t\t\t\t\t\t\t\t\t\t\t\t\t<\/div>\n\t\t\t\t<\/div>\n\t\t\t\t<\/a>\n\t\t\t\t<\/div>\n\t\t\t\t<div class=\"elementor-element elementor-element-a51f6bd dce_masking-none elementor-widget elementor-widget-image\" data-id=\"a51f6bd\" data-element_type=\"widget\" data-widget_type=\"image.default\">\n\t\t\t\t<div class=\"elementor-widget-container\">\n\t\t\t\t\t\t\t\t\t\t\t\t\t\t\t<img decoding=\"async\" width=\"600\" height=\"2\" src=\"https:\/\/www.matrix-sa.com\/wp-content\/uploads\/2025\/07\/fake.webp\" class=\"attachment-large size-large wp-image-5116\" alt=\"\" srcset=\"https:\/\/www.matrix-sa.com\/wp-content\/uploads\/2025\/07\/fake.webp 600w, https:\/\/www.matrix-sa.com\/wp-content\/uploads\/2025\/07\/fake-300x1.webp 300w, https:\/\/www.matrix-sa.com\/wp-content\/uploads\/2025\/07\/fake-150x2.webp 150w\" sizes=\"(max-width: 600px) 100vw, 600px\" \/>\t\t\t\t\t\t\t\t\t\t\t\t\t\t\t<\/div>\n\t\t\t\t<\/div>\n\t\t\t\t<\/div>\n\t\t\t\t<\/div>\n\t\t\t\t<\/div>\n\t\t\t\t\t<\/div>\n\t\t\t\t<\/div>\n\t\t\t\t<\/div>\n\t\t","protected":false},"excerpt":{"rendered":"<p>Maison Nous croyons en une fabrication de haute qualit\u00e9 Chez Matrix, nous croyons en une fabrication de haute qualit\u00e9, c&rsquo;est pourquoi notre atelier est le c\u0153ur de notre entreprise. Nos op\u00e9rateurs, qui travaillent en trois \u00e9quipes, sont hautement qualifi\u00e9s et form\u00e9s pour r\u00e9pondre aux normes les plus strictes en mati\u00e8re de pr\u00e9cision et d&rsquo;excellence. L&rsquo;atelier [&hellip;]<\/p>\n","protected":false},"author":1,"featured_media":0,"parent":0,"menu_order":0,"comment_status":"closed","ping_status":"closed","template":"","meta":{"product_image_gallery":"","footnotes":""},"class_list":["post-3839","page","type-page","status-publish","hentry"],"yoast_head":"<!-- This site is optimized with the Yoast SEO plugin v27.3 - https:\/\/yoast.com\/product\/yoast-seo-wordpress\/ -->\n<title>Atelier de pointe<\/title>\n<meta name=\"description\" content=\"Chez Matrix, nous croyons en une fabrication de haute qualit\u00e9, c&#039;est pourquoi notre atelier est le c\u0153ur de notre entreprise.\" \/>\n<meta name=\"robots\" content=\"index, follow, max-snippet:-1, max-image-preview:large, max-video-preview:-1\" \/>\n<link rel=\"canonical\" href=\"https:\/\/www.matrix-sa.com\/fr\/atelier-de-pointe\/\" \/>\n<meta property=\"og:locale\" content=\"fr_FR\" \/>\n<meta property=\"og:type\" content=\"article\" \/>\n<meta property=\"og:title\" content=\"Atelier de pointe\" \/>\n<meta property=\"og:description\" content=\"Chez Matrix, nous croyons en une fabrication de haute qualit\u00e9, c&#039;est pourquoi notre atelier est le c\u0153ur de notre entreprise.\" \/>\n<meta property=\"og:url\" content=\"https:\/\/www.matrix-sa.com\/fr\/atelier-de-pointe\/\" \/>\n<meta property=\"og:site_name\" content=\"Matrix\" \/>\n<meta property=\"article:modified_time\" content=\"2025-07-31T10:15:23+00:00\" \/>\n<meta property=\"og:image\" content=\"https:\/\/www.matrix-sa.com\/wp-content\/uploads\/2025\/02\/fake.webp\" \/>\n\t<meta property=\"og:image:width\" content=\"600\" \/>\n\t<meta property=\"og:image:height\" content=\"2\" \/>\n\t<meta property=\"og:image:type\" content=\"image\/webp\" \/>\n<meta name=\"twitter:card\" content=\"summary_large_image\" \/>\n<meta name=\"twitter:label1\" content=\"Dur\u00e9e de lecture estim\u00e9e\" \/>\n\t<meta name=\"twitter:data1\" content=\"1 minute\" \/>\n<script type=\"application\/ld+json\" class=\"yoast-schema-graph\">{\"@context\":\"https:\\\/\\\/schema.org\",\"@graph\":[{\"@type\":\"WebPage\",\"@id\":\"https:\\\/\\\/www.matrix-sa.com\\\/fr\\\/atelier-de-pointe\\\/\",\"url\":\"https:\\\/\\\/www.matrix-sa.com\\\/fr\\\/atelier-de-pointe\\\/\",\"name\":\"Atelier de pointe\",\"isPartOf\":{\"@id\":\"https:\\\/\\\/www.matrix-sa.com\\\/fr\\\/#website\"},\"primaryImageOfPage\":{\"@id\":\"https:\\\/\\\/www.matrix-sa.com\\\/fr\\\/atelier-de-pointe\\\/#primaryimage\"},\"image\":{\"@id\":\"https:\\\/\\\/www.matrix-sa.com\\\/fr\\\/atelier-de-pointe\\\/#primaryimage\"},\"thumbnailUrl\":\"https:\\\/\\\/www.matrix-sa.com\\\/wp-content\\\/uploads\\\/2025\\\/02\\\/fake.webp\",\"datePublished\":\"2025-03-25T08:48:28+00:00\",\"dateModified\":\"2025-07-31T10:15:23+00:00\",\"description\":\"Chez Matrix, nous croyons en une fabrication de haute qualit\u00e9, c'est pourquoi notre atelier est le c\u0153ur de notre entreprise.\",\"breadcrumb\":{\"@id\":\"https:\\\/\\\/www.matrix-sa.com\\\/fr\\\/atelier-de-pointe\\\/#breadcrumb\"},\"inLanguage\":\"fr-FR\",\"potentialAction\":[{\"@type\":\"ReadAction\",\"target\":[\"https:\\\/\\\/www.matrix-sa.com\\\/fr\\\/atelier-de-pointe\\\/\"]}]},{\"@type\":\"ImageObject\",\"inLanguage\":\"fr-FR\",\"@id\":\"https:\\\/\\\/www.matrix-sa.com\\\/fr\\\/atelier-de-pointe\\\/#primaryimage\",\"url\":\"https:\\\/\\\/www.matrix-sa.com\\\/wp-content\\\/uploads\\\/2025\\\/02\\\/fake.webp\",\"contentUrl\":\"https:\\\/\\\/www.matrix-sa.com\\\/wp-content\\\/uploads\\\/2025\\\/02\\\/fake.webp\"},{\"@type\":\"BreadcrumbList\",\"@id\":\"https:\\\/\\\/www.matrix-sa.com\\\/fr\\\/atelier-de-pointe\\\/#breadcrumb\",\"itemListElement\":[{\"@type\":\"ListItem\",\"position\":1,\"name\":\"Maison\",\"item\":\"https:\\\/\\\/www.matrix-sa.com\\\/fr\\\/accueil\\\/\"},{\"@type\":\"ListItem\",\"position\":2,\"name\":\"Atelier de pointe\"}]},{\"@type\":\"WebSite\",\"@id\":\"https:\\\/\\\/www.matrix-sa.com\\\/fr\\\/#website\",\"url\":\"https:\\\/\\\/www.matrix-sa.com\\\/fr\\\/\",\"name\":\"Matrix - Injection Moulds\",\"description\":\"MATRIX is a company dedicated to designing and manufacturing high precision injection moulds using the most advanced technology integrated in CAD\\\/CAM\\\/CAE.\",\"publisher\":{\"@id\":\"https:\\\/\\\/www.matrix-sa.com\\\/fr\\\/#organization\"},\"potentialAction\":[{\"@type\":\"SearchAction\",\"target\":{\"@type\":\"EntryPoint\",\"urlTemplate\":\"https:\\\/\\\/www.matrix-sa.com\\\/fr\\\/?s={search_term_string}\"},\"query-input\":{\"@type\":\"PropertyValueSpecification\",\"valueRequired\":true,\"valueName\":\"search_term_string\"}}],\"inLanguage\":\"fr-FR\"},{\"@type\":\"Organization\",\"@id\":\"https:\\\/\\\/www.matrix-sa.com\\\/fr\\\/#organization\",\"name\":\"Matrix\",\"url\":\"https:\\\/\\\/www.matrix-sa.com\\\/fr\\\/\",\"logo\":{\"@type\":\"ImageObject\",\"inLanguage\":\"fr-FR\",\"@id\":\"https:\\\/\\\/www.matrix-sa.com\\\/fr\\\/#\\\/schema\\\/logo\\\/image\\\/\",\"url\":\"https:\\\/\\\/www.matrix-sa.com\\\/wp-content\\\/uploads\\\/2025\\\/02\\\/Favicon.svg\",\"contentUrl\":\"https:\\\/\\\/www.matrix-sa.com\\\/wp-content\\\/uploads\\\/2025\\\/02\\\/Favicon.svg\",\"width\":44,\"height\":44,\"caption\":\"Matrix\"},\"image\":{\"@id\":\"https:\\\/\\\/www.matrix-sa.com\\\/fr\\\/#\\\/schema\\\/logo\\\/image\\\/\"}}]}<\/script>\n<!-- \/ Yoast SEO plugin. -->","yoast_head_json":{"title":"Atelier de pointe","description":"Chez Matrix, nous croyons en une fabrication de haute qualit\u00e9, c'est pourquoi notre atelier est le c\u0153ur de notre entreprise.","robots":{"index":"index","follow":"follow","max-snippet":"max-snippet:-1","max-image-preview":"max-image-preview:large","max-video-preview":"max-video-preview:-1"},"canonical":"https:\/\/www.matrix-sa.com\/fr\/atelier-de-pointe\/","og_locale":"fr_FR","og_type":"article","og_title":"Atelier de pointe","og_description":"Chez Matrix, nous croyons en une fabrication de haute qualit\u00e9, c'est pourquoi notre atelier est le c\u0153ur de notre entreprise.","og_url":"https:\/\/www.matrix-sa.com\/fr\/atelier-de-pointe\/","og_site_name":"Matrix","article_modified_time":"2025-07-31T10:15:23+00:00","og_image":[{"width":600,"height":2,"url":"https:\/\/www.matrix-sa.com\/wp-content\/uploads\/2025\/02\/fake.webp","type":"image\/webp"}],"twitter_card":"summary_large_image","twitter_misc":{"Dur\u00e9e de lecture estim\u00e9e":"1 minute"},"schema":{"@context":"https:\/\/schema.org","@graph":[{"@type":"WebPage","@id":"https:\/\/www.matrix-sa.com\/fr\/atelier-de-pointe\/","url":"https:\/\/www.matrix-sa.com\/fr\/atelier-de-pointe\/","name":"Atelier de pointe","isPartOf":{"@id":"https:\/\/www.matrix-sa.com\/fr\/#website"},"primaryImageOfPage":{"@id":"https:\/\/www.matrix-sa.com\/fr\/atelier-de-pointe\/#primaryimage"},"image":{"@id":"https:\/\/www.matrix-sa.com\/fr\/atelier-de-pointe\/#primaryimage"},"thumbnailUrl":"https:\/\/www.matrix-sa.com\/wp-content\/uploads\/2025\/02\/fake.webp","datePublished":"2025-03-25T08:48:28+00:00","dateModified":"2025-07-31T10:15:23+00:00","description":"Chez Matrix, nous croyons en une fabrication de haute qualit\u00e9, c'est pourquoi notre atelier est le c\u0153ur de notre entreprise.","breadcrumb":{"@id":"https:\/\/www.matrix-sa.com\/fr\/atelier-de-pointe\/#breadcrumb"},"inLanguage":"fr-FR","potentialAction":[{"@type":"ReadAction","target":["https:\/\/www.matrix-sa.com\/fr\/atelier-de-pointe\/"]}]},{"@type":"ImageObject","inLanguage":"fr-FR","@id":"https:\/\/www.matrix-sa.com\/fr\/atelier-de-pointe\/#primaryimage","url":"https:\/\/www.matrix-sa.com\/wp-content\/uploads\/2025\/02\/fake.webp","contentUrl":"https:\/\/www.matrix-sa.com\/wp-content\/uploads\/2025\/02\/fake.webp"},{"@type":"BreadcrumbList","@id":"https:\/\/www.matrix-sa.com\/fr\/atelier-de-pointe\/#breadcrumb","itemListElement":[{"@type":"ListItem","position":1,"name":"Maison","item":"https:\/\/www.matrix-sa.com\/fr\/accueil\/"},{"@type":"ListItem","position":2,"name":"Atelier de pointe"}]},{"@type":"WebSite","@id":"https:\/\/www.matrix-sa.com\/fr\/#website","url":"https:\/\/www.matrix-sa.com\/fr\/","name":"Matrix - Injection Moulds","description":"MATRIX is a company dedicated to designing and manufacturing high precision injection moulds using the most advanced technology integrated in CAD\/CAM\/CAE.","publisher":{"@id":"https:\/\/www.matrix-sa.com\/fr\/#organization"},"potentialAction":[{"@type":"SearchAction","target":{"@type":"EntryPoint","urlTemplate":"https:\/\/www.matrix-sa.com\/fr\/?s={search_term_string}"},"query-input":{"@type":"PropertyValueSpecification","valueRequired":true,"valueName":"search_term_string"}}],"inLanguage":"fr-FR"},{"@type":"Organization","@id":"https:\/\/www.matrix-sa.com\/fr\/#organization","name":"Matrix","url":"https:\/\/www.matrix-sa.com\/fr\/","logo":{"@type":"ImageObject","inLanguage":"fr-FR","@id":"https:\/\/www.matrix-sa.com\/fr\/#\/schema\/logo\/image\/","url":"https:\/\/www.matrix-sa.com\/wp-content\/uploads\/2025\/02\/Favicon.svg","contentUrl":"https:\/\/www.matrix-sa.com\/wp-content\/uploads\/2025\/02\/Favicon.svg","width":44,"height":44,"caption":"Matrix"},"image":{"@id":"https:\/\/www.matrix-sa.com\/fr\/#\/schema\/logo\/image\/"}}]}},"_links":{"self":[{"href":"https:\/\/www.matrix-sa.com\/fr\/wp-json\/wp\/v2\/pages\/3839","targetHints":{"allow":["GET"]}}],"collection":[{"href":"https:\/\/www.matrix-sa.com\/fr\/wp-json\/wp\/v2\/pages"}],"about":[{"href":"https:\/\/www.matrix-sa.com\/fr\/wp-json\/wp\/v2\/types\/page"}],"author":[{"embeddable":true,"href":"https:\/\/www.matrix-sa.com\/fr\/wp-json\/wp\/v2\/users\/1"}],"replies":[{"embeddable":true,"href":"https:\/\/www.matrix-sa.com\/fr\/wp-json\/wp\/v2\/comments?post=3839"}],"version-history":[{"count":4,"href":"https:\/\/www.matrix-sa.com\/fr\/wp-json\/wp\/v2\/pages\/3839\/revisions"}],"predecessor-version":[{"id":5265,"href":"https:\/\/www.matrix-sa.com\/fr\/wp-json\/wp\/v2\/pages\/3839\/revisions\/5265"}],"wp:attachment":[{"href":"https:\/\/www.matrix-sa.com\/fr\/wp-json\/wp\/v2\/media?parent=3839"}],"curies":[{"name":"wp","href":"https:\/\/api.w.org\/{rel}","templated":true}]}}