{"id":3884,"date":"2025-03-06T07:37:31","date_gmt":"2025-03-06T07:37:31","guid":{"rendered":"https:\/\/www.matrix-sa.com\/production-interne\/"},"modified":"2025-04-09T08:04:15","modified_gmt":"2025-04-09T08:04:15","slug":"production-interne","status":"publish","type":"page","link":"https:\/\/www.matrix-sa.com\/fr\/production-interne\/","title":{"rendered":"Production interne"},"content":{"rendered":"\t\t<div data-elementor-type=\"wp-page\" data-elementor-id=\"3884\" class=\"elementor elementor-3884 elementor-1424\" data-elementor-post-type=\"page\">\n\t\t\t\t<div class=\"elementor-element elementor-element-1c6a024 e-flex e-con-boxed e-con e-parent\" data-id=\"1c6a024\" data-element_type=\"container\">\n\t\t\t\t\t<div class=\"e-con-inner\">\n\t\t\t\t<div class=\"elementor-element elementor-element-1180d0f elementor-widget elementor-widget-dce-breadcrumbs\" data-id=\"1180d0f\" data-element_type=\"widget\" data-widget_type=\"dce-breadcrumbs.default\">\n\t\t\t\t<div class=\"elementor-widget-container\">\n\t\t\t\t\t<div><span><span><a href=\"https:\/\/www.matrix-sa.com\/fr\/accueil\/\">Maison<\/a><\/span><\/span><\/div>\t\t\t\t<\/div>\n\t\t\t\t<\/div>\n\t\t\t\t\t<\/div>\n\t\t\t\t<\/div>\n\t\t<div class=\"elementor-element elementor-element-088c02a e-flex e-con-boxed e-con e-parent\" data-id=\"088c02a\" data-element_type=\"container\">\n\t\t\t\t\t<div class=\"e-con-inner\">\n\t\t\t\t<div class=\"elementor-element elementor-element-15e782a elementor-widget elementor-widget-heading\" data-id=\"15e782a\" data-element_type=\"widget\" data-widget_type=\"heading.default\">\n\t\t\t\t<div class=\"elementor-widget-container\">\n\t\t\t\t\t<h1 class=\"elementor-heading-title elementor-size-default\">Production interne<\/h1>\t\t\t\t<\/div>\n\t\t\t\t<\/div>\n\t\t\t\t\t<\/div>\n\t\t\t\t<\/div>\n\t\t<div data-dce-background-image-url=\"https:\/\/matrix-sa.com\/wp-content\/uploads\/2025\/02\/presentacio.webp\" class=\"elementor-element elementor-element-cc486bb e-flex e-con-boxed e-con e-parent\" data-id=\"cc486bb\" data-element_type=\"container\" data-settings=\"{&quot;background_background&quot;:&quot;classic&quot;}\">\n\t\t\t\t\t<div class=\"e-con-inner\">\n\t\t\t\t\t<\/div>\n\t\t\t\t<\/div>\n\t\t<div class=\"elementor-element elementor-element-080424d e-grid e-con-boxed e-con e-parent\" data-id=\"080424d\" data-element_type=\"container\">\n\t\t\t\t\t<div class=\"e-con-inner\">\n\t\t\t\t<div class=\"elementor-element elementor-element-648d9d8 dce_masking-none elementor-widget elementor-widget-image\" data-id=\"648d9d8\" data-element_type=\"widget\" data-widget_type=\"image.default\">\n\t\t\t\t<div class=\"elementor-widget-container\">\n\t\t\t\t\t\t\t\t\t\t\t\t\t\t\t<img decoding=\"async\" width=\"600\" height=\"2\" src=\"https:\/\/www.matrix-sa.com\/wp-content\/uploads\/2025\/02\/fake.webp\" class=\"attachment-large size-large wp-image-2862\" alt=\"\" srcset=\"https:\/\/www.matrix-sa.com\/wp-content\/uploads\/2025\/02\/fake.webp 600w, https:\/\/www.matrix-sa.com\/wp-content\/uploads\/2025\/02\/fake-300x1.webp 300w, https:\/\/www.matrix-sa.com\/wp-content\/uploads\/2025\/02\/fake-150x2.webp 150w\" sizes=\"(max-width: 600px) 100vw, 600px\" \/>\t\t\t\t\t\t\t\t\t\t\t\t\t\t\t<\/div>\n\t\t\t\t<\/div>\n\t\t<div class=\"elementor-element elementor-element-a162eb9 e-con-full e-flex e-con e-child\" data-id=\"a162eb9\" data-element_type=\"container\">\n\t\t\t\t<div data-dce-text-color=\"#424242\" class=\"elementor-element elementor-element-382b5bf elementor-widget elementor-widget-text-editor\" data-id=\"382b5bf\" data-element_type=\"widget\" data-widget_type=\"text-editor.default\">\n\t\t\t\t<div class=\"elementor-widget-container\">\n\t\t\t\t\t\t\t\t\t<p>A Matrix, nous nous sommes cr\u00e9\u00e9s dans la <strong>fabrication de qualit\u00e9<\/strong>, et c&rsquo;est pour cela que notre magasin est le <strong>c\u0153ur de notre entreprise<\/strong>. Nos op\u00e9rateurs, organis\u00e9s en <strong>trois groupes de travail<\/strong>, sont \u00e9galement qualifi\u00e9s pour travailler avec les <strong>normes les plus strictes en mati\u00e8re de pr\u00e9cision et d&rsquo;exigence<\/strong>. <\/p><p>L&rsquo;atelier de Matrix est un espace <strong>totalement climatis\u00e9, \u00e9clair\u00e9 et ordonn\u00e9<\/strong>, con\u00e7u pour garantir un niveau de service optimal qui refl\u00e8te notre engagement \u00e0 l&rsquo;\u00e9gard de la qualit\u00e9 et de la satisfaction de nos clients.<\/p>\t\t\t\t\t\t\t\t<\/div>\n\t\t\t\t<\/div>\n\t\t\t\t<\/div>\n\t\t\t\t<div class=\"elementor-element elementor-element-c5b40eb dce_masking-none elementor-widget elementor-widget-image\" data-id=\"c5b40eb\" data-element_type=\"widget\" data-widget_type=\"image.default\">\n\t\t\t\t<div class=\"elementor-widget-container\">\n\t\t\t\t\t\t\t\t\t\t\t\t\t\t\t<img decoding=\"async\" width=\"600\" height=\"2\" src=\"https:\/\/www.matrix-sa.com\/wp-content\/uploads\/2025\/02\/fake.webp\" class=\"attachment-large size-large wp-image-2862\" alt=\"\" srcset=\"https:\/\/www.matrix-sa.com\/wp-content\/uploads\/2025\/02\/fake.webp 600w, https:\/\/www.matrix-sa.com\/wp-content\/uploads\/2025\/02\/fake-300x1.webp 300w, https:\/\/www.matrix-sa.com\/wp-content\/uploads\/2025\/02\/fake-150x2.webp 150w\" sizes=\"(max-width: 600px) 100vw, 600px\" \/>\t\t\t\t\t\t\t\t\t\t\t\t\t\t\t<\/div>\n\t\t\t\t<\/div>\n\t\t\t\t\t<\/div>\n\t\t\t\t<\/div>\n\t\t\t\t<\/div>\n\t\t","protected":false},"excerpt":{"rendered":"<p>Production interne A Matrix, nous nous sommes cr\u00e9\u00e9s dans la fabrication de qualit\u00e9, et c&rsquo;est pour cela que notre magasin est le c\u0153ur de notre entreprise. Nos op\u00e9rateurs, organis\u00e9s en trois groupes de travail, sont \u00e9galement qualifi\u00e9s pour travailler avec les normes les plus strictes en mati\u00e8re de pr\u00e9cision et d&rsquo;exigence. L&rsquo;atelier de Matrix est [&hellip;]<\/p>\n","protected":false},"author":1,"featured_media":0,"parent":0,"menu_order":0,"comment_status":"closed","ping_status":"closed","template":"","meta":{"product_image_gallery":"","footnotes":""},"class_list":["post-3884","page","type-page","status-publish","hentry"],"yoast_head":"<!-- This site is optimized with the Yoast SEO plugin v27.3 - https:\/\/yoast.com\/product\/yoast-seo-wordpress\/ -->\n<title>Production interne - Matrix<\/title>\n<meta name=\"robots\" content=\"index, follow, max-snippet:-1, max-image-preview:large, max-video-preview:-1\" \/>\n<link rel=\"canonical\" href=\"https:\/\/www.matrix-sa.com\/fr\/production-interne\/\" \/>\n<meta property=\"og:locale\" content=\"fr_FR\" \/>\n<meta property=\"og:type\" content=\"article\" \/>\n<meta property=\"og:title\" content=\"Production interne - Matrix\" \/>\n<meta property=\"og:description\" content=\"Production interne A Matrix, nous nous sommes cr\u00e9\u00e9s dans la fabrication de qualit\u00e9, et c&rsquo;est pour cela que notre magasin est le c\u0153ur de notre entreprise. Nos op\u00e9rateurs, organis\u00e9s en trois groupes de travail, sont \u00e9galement qualifi\u00e9s pour travailler avec les normes les plus strictes en mati\u00e8re de pr\u00e9cision et d&rsquo;exigence. L&rsquo;atelier de Matrix est [&hellip;]\" \/>\n<meta property=\"og:url\" content=\"https:\/\/www.matrix-sa.com\/fr\/production-interne\/\" \/>\n<meta property=\"og:site_name\" content=\"Matrix\" \/>\n<meta property=\"article:modified_time\" content=\"2025-04-09T08:04:15+00:00\" \/>\n<meta property=\"og:image\" content=\"https:\/\/www.matrix-sa.com\/wp-content\/uploads\/2025\/02\/fake.webp\" \/>\n<meta name=\"twitter:card\" content=\"summary_large_image\" \/>\n<script type=\"application\/ld+json\" class=\"yoast-schema-graph\">{\"@context\":\"https:\\\/\\\/schema.org\",\"@graph\":[{\"@type\":\"WebPage\",\"@id\":\"https:\\\/\\\/www.matrix-sa.com\\\/fr\\\/production-interne\\\/\",\"url\":\"https:\\\/\\\/www.matrix-sa.com\\\/fr\\\/production-interne\\\/\",\"name\":\"Production interne - Matrix\",\"isPartOf\":{\"@id\":\"https:\\\/\\\/www.matrix-sa.com\\\/fr\\\/#website\"},\"primaryImageOfPage\":{\"@id\":\"https:\\\/\\\/www.matrix-sa.com\\\/fr\\\/production-interne\\\/#primaryimage\"},\"image\":{\"@id\":\"https:\\\/\\\/www.matrix-sa.com\\\/fr\\\/production-interne\\\/#primaryimage\"},\"thumbnailUrl\":\"https:\\\/\\\/www.matrix-sa.com\\\/wp-content\\\/uploads\\\/2025\\\/02\\\/fake.webp\",\"datePublished\":\"2025-03-06T07:37:31+00:00\",\"dateModified\":\"2025-04-09T08:04:15+00:00\",\"breadcrumb\":{\"@id\":\"https:\\\/\\\/www.matrix-sa.com\\\/fr\\\/production-interne\\\/#breadcrumb\"},\"inLanguage\":\"fr-FR\",\"potentialAction\":[{\"@type\":\"ReadAction\",\"target\":[\"https:\\\/\\\/www.matrix-sa.com\\\/fr\\\/production-interne\\\/\"]}]},{\"@type\":\"ImageObject\",\"inLanguage\":\"fr-FR\",\"@id\":\"https:\\\/\\\/www.matrix-sa.com\\\/fr\\\/production-interne\\\/#primaryimage\",\"url\":\"https:\\\/\\\/www.matrix-sa.com\\\/wp-content\\\/uploads\\\/2025\\\/02\\\/fake.webp\",\"contentUrl\":\"https:\\\/\\\/www.matrix-sa.com\\\/wp-content\\\/uploads\\\/2025\\\/02\\\/fake.webp\"},{\"@type\":\"BreadcrumbList\",\"@id\":\"https:\\\/\\\/www.matrix-sa.com\\\/fr\\\/production-interne\\\/#breadcrumb\",\"itemListElement\":[{\"@type\":\"ListItem\",\"position\":1,\"name\":\"Maison\",\"item\":\"https:\\\/\\\/www.matrix-sa.com\\\/fr\\\/accueil\\\/\"},{\"@type\":\"ListItem\",\"position\":2,\"name\":\"Production interne\"}]},{\"@type\":\"WebSite\",\"@id\":\"https:\\\/\\\/www.matrix-sa.com\\\/fr\\\/#website\",\"url\":\"https:\\\/\\\/www.matrix-sa.com\\\/fr\\\/\",\"name\":\"Matrix - Injection Moulds\",\"description\":\"MATRIX is a company dedicated to designing and manufacturing high precision injection moulds using the most advanced technology integrated in CAD\\\/CAM\\\/CAE.\",\"publisher\":{\"@id\":\"https:\\\/\\\/www.matrix-sa.com\\\/fr\\\/#organization\"},\"potentialAction\":[{\"@type\":\"SearchAction\",\"target\":{\"@type\":\"EntryPoint\",\"urlTemplate\":\"https:\\\/\\\/www.matrix-sa.com\\\/fr\\\/?s={search_term_string}\"},\"query-input\":{\"@type\":\"PropertyValueSpecification\",\"valueRequired\":true,\"valueName\":\"search_term_string\"}}],\"inLanguage\":\"fr-FR\"},{\"@type\":\"Organization\",\"@id\":\"https:\\\/\\\/www.matrix-sa.com\\\/fr\\\/#organization\",\"name\":\"Matrix\",\"url\":\"https:\\\/\\\/www.matrix-sa.com\\\/fr\\\/\",\"logo\":{\"@type\":\"ImageObject\",\"inLanguage\":\"fr-FR\",\"@id\":\"https:\\\/\\\/www.matrix-sa.com\\\/fr\\\/#\\\/schema\\\/logo\\\/image\\\/\",\"url\":\"https:\\\/\\\/www.matrix-sa.com\\\/wp-content\\\/uploads\\\/2025\\\/02\\\/Favicon.svg\",\"contentUrl\":\"https:\\\/\\\/www.matrix-sa.com\\\/wp-content\\\/uploads\\\/2025\\\/02\\\/Favicon.svg\",\"width\":44,\"height\":44,\"caption\":\"Matrix\"},\"image\":{\"@id\":\"https:\\\/\\\/www.matrix-sa.com\\\/fr\\\/#\\\/schema\\\/logo\\\/image\\\/\"}}]}<\/script>\n<!-- \/ Yoast SEO plugin. -->","yoast_head_json":{"title":"Production interne - Matrix","robots":{"index":"index","follow":"follow","max-snippet":"max-snippet:-1","max-image-preview":"max-image-preview:large","max-video-preview":"max-video-preview:-1"},"canonical":"https:\/\/www.matrix-sa.com\/fr\/production-interne\/","og_locale":"fr_FR","og_type":"article","og_title":"Production interne - Matrix","og_description":"Production interne A Matrix, nous nous sommes cr\u00e9\u00e9s dans la fabrication de qualit\u00e9, et c&rsquo;est pour cela que notre magasin est le c\u0153ur de notre entreprise. Nos op\u00e9rateurs, organis\u00e9s en trois groupes de travail, sont \u00e9galement qualifi\u00e9s pour travailler avec les normes les plus strictes en mati\u00e8re de pr\u00e9cision et d&rsquo;exigence. L&rsquo;atelier de Matrix est [&hellip;]","og_url":"https:\/\/www.matrix-sa.com\/fr\/production-interne\/","og_site_name":"Matrix","article_modified_time":"2025-04-09T08:04:15+00:00","og_image":[{"url":"https:\/\/www.matrix-sa.com\/wp-content\/uploads\/2025\/02\/fake.webp","type":"","width":"","height":""}],"twitter_card":"summary_large_image","schema":{"@context":"https:\/\/schema.org","@graph":[{"@type":"WebPage","@id":"https:\/\/www.matrix-sa.com\/fr\/production-interne\/","url":"https:\/\/www.matrix-sa.com\/fr\/production-interne\/","name":"Production interne - Matrix","isPartOf":{"@id":"https:\/\/www.matrix-sa.com\/fr\/#website"},"primaryImageOfPage":{"@id":"https:\/\/www.matrix-sa.com\/fr\/production-interne\/#primaryimage"},"image":{"@id":"https:\/\/www.matrix-sa.com\/fr\/production-interne\/#primaryimage"},"thumbnailUrl":"https:\/\/www.matrix-sa.com\/wp-content\/uploads\/2025\/02\/fake.webp","datePublished":"2025-03-06T07:37:31+00:00","dateModified":"2025-04-09T08:04:15+00:00","breadcrumb":{"@id":"https:\/\/www.matrix-sa.com\/fr\/production-interne\/#breadcrumb"},"inLanguage":"fr-FR","potentialAction":[{"@type":"ReadAction","target":["https:\/\/www.matrix-sa.com\/fr\/production-interne\/"]}]},{"@type":"ImageObject","inLanguage":"fr-FR","@id":"https:\/\/www.matrix-sa.com\/fr\/production-interne\/#primaryimage","url":"https:\/\/www.matrix-sa.com\/wp-content\/uploads\/2025\/02\/fake.webp","contentUrl":"https:\/\/www.matrix-sa.com\/wp-content\/uploads\/2025\/02\/fake.webp"},{"@type":"BreadcrumbList","@id":"https:\/\/www.matrix-sa.com\/fr\/production-interne\/#breadcrumb","itemListElement":[{"@type":"ListItem","position":1,"name":"Maison","item":"https:\/\/www.matrix-sa.com\/fr\/accueil\/"},{"@type":"ListItem","position":2,"name":"Production interne"}]},{"@type":"WebSite","@id":"https:\/\/www.matrix-sa.com\/fr\/#website","url":"https:\/\/www.matrix-sa.com\/fr\/","name":"Matrix - Injection Moulds","description":"MATRIX is a company dedicated to designing and manufacturing high precision injection moulds using the most advanced technology integrated in CAD\/CAM\/CAE.","publisher":{"@id":"https:\/\/www.matrix-sa.com\/fr\/#organization"},"potentialAction":[{"@type":"SearchAction","target":{"@type":"EntryPoint","urlTemplate":"https:\/\/www.matrix-sa.com\/fr\/?s={search_term_string}"},"query-input":{"@type":"PropertyValueSpecification","valueRequired":true,"valueName":"search_term_string"}}],"inLanguage":"fr-FR"},{"@type":"Organization","@id":"https:\/\/www.matrix-sa.com\/fr\/#organization","name":"Matrix","url":"https:\/\/www.matrix-sa.com\/fr\/","logo":{"@type":"ImageObject","inLanguage":"fr-FR","@id":"https:\/\/www.matrix-sa.com\/fr\/#\/schema\/logo\/image\/","url":"https:\/\/www.matrix-sa.com\/wp-content\/uploads\/2025\/02\/Favicon.svg","contentUrl":"https:\/\/www.matrix-sa.com\/wp-content\/uploads\/2025\/02\/Favicon.svg","width":44,"height":44,"caption":"Matrix"},"image":{"@id":"https:\/\/www.matrix-sa.com\/fr\/#\/schema\/logo\/image\/"}}]}},"_links":{"self":[{"href":"https:\/\/www.matrix-sa.com\/fr\/wp-json\/wp\/v2\/pages\/3884","targetHints":{"allow":["GET"]}}],"collection":[{"href":"https:\/\/www.matrix-sa.com\/fr\/wp-json\/wp\/v2\/pages"}],"about":[{"href":"https:\/\/www.matrix-sa.com\/fr\/wp-json\/wp\/v2\/types\/page"}],"author":[{"embeddable":true,"href":"https:\/\/www.matrix-sa.com\/fr\/wp-json\/wp\/v2\/users\/1"}],"replies":[{"embeddable":true,"href":"https:\/\/www.matrix-sa.com\/fr\/wp-json\/wp\/v2\/comments?post=3884"}],"version-history":[{"count":1,"href":"https:\/\/www.matrix-sa.com\/fr\/wp-json\/wp\/v2\/pages\/3884\/revisions"}],"predecessor-version":[{"id":3885,"href":"https:\/\/www.matrix-sa.com\/fr\/wp-json\/wp\/v2\/pages\/3884\/revisions\/3885"}],"wp:attachment":[{"href":"https:\/\/www.matrix-sa.com\/fr\/wp-json\/wp\/v2\/media?parent=3884"}],"curies":[{"name":"wp","href":"https:\/\/api.w.org\/{rel}","templated":true}]}}