{"id":4024,"date":"2025-03-11T15:55:24","date_gmt":"2025-03-11T15:55:24","guid":{"rendered":"https:\/\/www.matrix-sa.com\/chaine-ethique-matrix\/"},"modified":"2025-04-14T10:50:23","modified_gmt":"2025-04-14T10:50:23","slug":"chaine-ethique-matrix","status":"publish","type":"page","link":"https:\/\/www.matrix-sa.com\/fr\/chaine-ethique-matrix\/","title":{"rendered":"Cha\u00eene \u00e9thique Matrix"},"content":{"rendered":"\t\t<div data-elementor-type=\"wp-page\" data-elementor-id=\"4024\" class=\"elementor elementor-4024 elementor-1604\" data-elementor-post-type=\"page\">\n\t\t\t\t<div class=\"elementor-element elementor-element-34c2a05e e-flex e-con-boxed e-con e-parent\" data-id=\"34c2a05e\" data-element_type=\"container\">\n\t\t\t\t\t<div class=\"e-con-inner\">\n\t\t\t\t<div class=\"elementor-element elementor-element-18bc2310 elementor-widget elementor-widget-text-editor\" data-id=\"18bc2310\" data-element_type=\"widget\" data-widget_type=\"text-editor.default\">\n\t\t\t\t<div class=\"elementor-widget-container\">\n\t\t\t\t\t\t\t\t\t<p>L&rsquo;objectif principal du <b>canal d&rsquo;\u00e9thique de Matrix<\/b> est de promouvoir une culture de la transparence et de prot\u00e9ger les personnes qui signalent ou divulguent la commission d&rsquo;infractions ou de d\u00e9lits, conform\u00e9ment \u00e0 la <b>loi<\/b> espagnole <b>2\/2023<\/b>.<\/p><p>Par le biais du <b>canal de d\u00e9nonciation<\/b>, les d\u00e9nonciateurs (qui ne sont pas n\u00e9cessairement des employ\u00e9s) peuvent signaler toute infraction ou irr\u00e9gularit\u00e9 dans le cadre de leur travail ou de leur profession.<\/p><p>Pour garantir la confidentialit\u00e9 de l&rsquo;identit\u00e9 du d\u00e9nonciateur, les signalements peuvent \u00eatre effectu\u00e9s de mani\u00e8re totalement anonyme. L&rsquo;application supprime les m\u00e9tadonn\u00e9es pour pr\u00e9server l&rsquo;anonymat. <\/p><p> <strong><a style=\"background-color: #f0f0f0;\" href=\"https:\/\/denuncias.lapsowork.com\/c\/17e36cad-f469-4a61-8857-49b8971dba14\" target=\"_blank\" rel=\"noopener\">&gt;&gt; Acc\u00e9der au canal de d\u00e9nonciation &lt;&lt;<\/a><\/strong><br><br>Lorsqu&rsquo;un rapport est re\u00e7u, un accus\u00e9 de r\u00e9ception doit \u00eatre envoy\u00e9 au d\u00e9nonciateur dans les <b>sept jours calendaires<\/b> suivant la r\u00e9ception du rapport.<\/p><p>Gr\u00e2ce \u00e0 la communication avec le d\u00e9nonciateur, le droit de la personne concern\u00e9e d&rsquo;\u00eatre inform\u00e9e des actions ou omissions qui lui sont imput\u00e9es est garanti et elle peut \u00eatre entendue \u00e0 tout moment.<\/p><p>Le gestionnaire de cas dispose d&rsquo;un d\u00e9lai maximum de <b>trois mois<\/b> pour fournir une r\u00e9ponse concernant les mesures d&rsquo;enqu\u00eate prises.<\/p>\t\t\t\t\t\t\t\t<\/div>\n\t\t\t\t<\/div>\n\t\t\t\t\t<\/div>\n\t\t\t\t<\/div>\n\t\t\t\t<\/div>\n\t\t","protected":false},"excerpt":{"rendered":"<p>L&rsquo;objectif principal du canal d&rsquo;\u00e9thique de Matrix est de promouvoir une culture de la transparence et de prot\u00e9ger les personnes qui signalent ou divulguent la commission d&rsquo;infractions ou de d\u00e9lits, conform\u00e9ment \u00e0 la loi espagnole 2\/2023. Par le biais du canal de d\u00e9nonciation, les d\u00e9nonciateurs (qui ne sont pas n\u00e9cessairement des employ\u00e9s) peuvent signaler toute [&hellip;]<\/p>\n","protected":false},"author":1,"featured_media":0,"parent":0,"menu_order":0,"comment_status":"closed","ping_status":"closed","template":"","meta":{"product_image_gallery":"","footnotes":""},"class_list":["post-4024","page","type-page","status-publish","hentry"],"yoast_head":"<!-- This site is optimized with the Yoast SEO plugin v27.3 - https:\/\/yoast.com\/product\/yoast-seo-wordpress\/ -->\n<title>Cha\u00eene \u00e9thique Matrix - Matrix<\/title>\n<meta name=\"robots\" content=\"index, follow, max-snippet:-1, max-image-preview:large, max-video-preview:-1\" \/>\n<link rel=\"canonical\" href=\"https:\/\/www.matrix-sa.com\/fr\/chaine-ethique-matrix\/\" \/>\n<meta property=\"og:locale\" content=\"fr_FR\" \/>\n<meta property=\"og:type\" content=\"article\" \/>\n<meta property=\"og:title\" content=\"Cha\u00eene \u00e9thique Matrix - Matrix\" \/>\n<meta property=\"og:description\" content=\"L&rsquo;objectif principal du canal d&rsquo;\u00e9thique de Matrix est de promouvoir une culture de la transparence et de prot\u00e9ger les personnes qui signalent ou divulguent la commission d&rsquo;infractions ou de d\u00e9lits, conform\u00e9ment \u00e0 la loi espagnole 2\/2023. Par le biais du canal de d\u00e9nonciation, les d\u00e9nonciateurs (qui ne sont pas n\u00e9cessairement des employ\u00e9s) peuvent signaler toute [&hellip;]\" \/>\n<meta property=\"og:url\" content=\"https:\/\/www.matrix-sa.com\/fr\/chaine-ethique-matrix\/\" \/>\n<meta property=\"og:site_name\" content=\"Matrix\" \/>\n<meta property=\"article:modified_time\" content=\"2025-04-14T10:50:23+00:00\" \/>\n<meta property=\"og:image\" content=\"https:\/\/www.matrix-sa.com\/wp-content\/uploads\/2025\/03\/matrix-external-view.webp\" \/>\n\t<meta property=\"og:image:width\" content=\"2000\" \/>\n\t<meta property=\"og:image:height\" content=\"1004\" \/>\n\t<meta property=\"og:image:type\" content=\"image\/webp\" \/>\n<meta name=\"twitter:card\" content=\"summary_large_image\" \/>\n<meta name=\"twitter:label1\" content=\"Dur\u00e9e de lecture estim\u00e9e\" \/>\n\t<meta name=\"twitter:data1\" content=\"1 minute\" \/>\n<script type=\"application\/ld+json\" class=\"yoast-schema-graph\">{\"@context\":\"https:\\\/\\\/schema.org\",\"@graph\":[{\"@type\":\"WebPage\",\"@id\":\"https:\\\/\\\/www.matrix-sa.com\\\/fr\\\/chaine-ethique-matrix\\\/\",\"url\":\"https:\\\/\\\/www.matrix-sa.com\\\/fr\\\/chaine-ethique-matrix\\\/\",\"name\":\"Cha\u00eene \u00e9thique Matrix - Matrix\",\"isPartOf\":{\"@id\":\"https:\\\/\\\/www.matrix-sa.com\\\/fr\\\/#website\"},\"datePublished\":\"2025-03-11T15:55:24+00:00\",\"dateModified\":\"2025-04-14T10:50:23+00:00\",\"breadcrumb\":{\"@id\":\"https:\\\/\\\/www.matrix-sa.com\\\/fr\\\/chaine-ethique-matrix\\\/#breadcrumb\"},\"inLanguage\":\"fr-FR\",\"potentialAction\":[{\"@type\":\"ReadAction\",\"target\":[\"https:\\\/\\\/www.matrix-sa.com\\\/fr\\\/chaine-ethique-matrix\\\/\"]}]},{\"@type\":\"BreadcrumbList\",\"@id\":\"https:\\\/\\\/www.matrix-sa.com\\\/fr\\\/chaine-ethique-matrix\\\/#breadcrumb\",\"itemListElement\":[{\"@type\":\"ListItem\",\"position\":1,\"name\":\"Maison\",\"item\":\"https:\\\/\\\/www.matrix-sa.com\\\/fr\\\/accueil\\\/\"},{\"@type\":\"ListItem\",\"position\":2,\"name\":\"Cha\u00eene \u00e9thique Matrix\"}]},{\"@type\":\"WebSite\",\"@id\":\"https:\\\/\\\/www.matrix-sa.com\\\/fr\\\/#website\",\"url\":\"https:\\\/\\\/www.matrix-sa.com\\\/fr\\\/\",\"name\":\"Matrix - Injection Moulds\",\"description\":\"MATRIX is a company dedicated to designing and manufacturing high precision injection moulds using the most advanced technology integrated in CAD\\\/CAM\\\/CAE.\",\"publisher\":{\"@id\":\"https:\\\/\\\/www.matrix-sa.com\\\/fr\\\/#organization\"},\"potentialAction\":[{\"@type\":\"SearchAction\",\"target\":{\"@type\":\"EntryPoint\",\"urlTemplate\":\"https:\\\/\\\/www.matrix-sa.com\\\/fr\\\/?s={search_term_string}\"},\"query-input\":{\"@type\":\"PropertyValueSpecification\",\"valueRequired\":true,\"valueName\":\"search_term_string\"}}],\"inLanguage\":\"fr-FR\"},{\"@type\":\"Organization\",\"@id\":\"https:\\\/\\\/www.matrix-sa.com\\\/fr\\\/#organization\",\"name\":\"Matrix\",\"url\":\"https:\\\/\\\/www.matrix-sa.com\\\/fr\\\/\",\"logo\":{\"@type\":\"ImageObject\",\"inLanguage\":\"fr-FR\",\"@id\":\"https:\\\/\\\/www.matrix-sa.com\\\/fr\\\/#\\\/schema\\\/logo\\\/image\\\/\",\"url\":\"https:\\\/\\\/www.matrix-sa.com\\\/wp-content\\\/uploads\\\/2025\\\/02\\\/Favicon.svg\",\"contentUrl\":\"https:\\\/\\\/www.matrix-sa.com\\\/wp-content\\\/uploads\\\/2025\\\/02\\\/Favicon.svg\",\"width\":44,\"height\":44,\"caption\":\"Matrix\"},\"image\":{\"@id\":\"https:\\\/\\\/www.matrix-sa.com\\\/fr\\\/#\\\/schema\\\/logo\\\/image\\\/\"}}]}<\/script>\n<!-- \/ Yoast SEO plugin. -->","yoast_head_json":{"title":"Cha\u00eene \u00e9thique Matrix - Matrix","robots":{"index":"index","follow":"follow","max-snippet":"max-snippet:-1","max-image-preview":"max-image-preview:large","max-video-preview":"max-video-preview:-1"},"canonical":"https:\/\/www.matrix-sa.com\/fr\/chaine-ethique-matrix\/","og_locale":"fr_FR","og_type":"article","og_title":"Cha\u00eene \u00e9thique Matrix - Matrix","og_description":"L&rsquo;objectif principal du canal d&rsquo;\u00e9thique de Matrix est de promouvoir une culture de la transparence et de prot\u00e9ger les personnes qui signalent ou divulguent la commission d&rsquo;infractions ou de d\u00e9lits, conform\u00e9ment \u00e0 la loi espagnole 2\/2023. Par le biais du canal de d\u00e9nonciation, les d\u00e9nonciateurs (qui ne sont pas n\u00e9cessairement des employ\u00e9s) peuvent signaler toute [&hellip;]","og_url":"https:\/\/www.matrix-sa.com\/fr\/chaine-ethique-matrix\/","og_site_name":"Matrix","article_modified_time":"2025-04-14T10:50:23+00:00","og_image":[{"width":2000,"height":1004,"url":"https:\/\/www.matrix-sa.com\/wp-content\/uploads\/2025\/03\/matrix-external-view.webp","type":"image\/webp"}],"twitter_card":"summary_large_image","twitter_misc":{"Dur\u00e9e de lecture estim\u00e9e":"1 minute"},"schema":{"@context":"https:\/\/schema.org","@graph":[{"@type":"WebPage","@id":"https:\/\/www.matrix-sa.com\/fr\/chaine-ethique-matrix\/","url":"https:\/\/www.matrix-sa.com\/fr\/chaine-ethique-matrix\/","name":"Cha\u00eene \u00e9thique Matrix - Matrix","isPartOf":{"@id":"https:\/\/www.matrix-sa.com\/fr\/#website"},"datePublished":"2025-03-11T15:55:24+00:00","dateModified":"2025-04-14T10:50:23+00:00","breadcrumb":{"@id":"https:\/\/www.matrix-sa.com\/fr\/chaine-ethique-matrix\/#breadcrumb"},"inLanguage":"fr-FR","potentialAction":[{"@type":"ReadAction","target":["https:\/\/www.matrix-sa.com\/fr\/chaine-ethique-matrix\/"]}]},{"@type":"BreadcrumbList","@id":"https:\/\/www.matrix-sa.com\/fr\/chaine-ethique-matrix\/#breadcrumb","itemListElement":[{"@type":"ListItem","position":1,"name":"Maison","item":"https:\/\/www.matrix-sa.com\/fr\/accueil\/"},{"@type":"ListItem","position":2,"name":"Cha\u00eene \u00e9thique Matrix"}]},{"@type":"WebSite","@id":"https:\/\/www.matrix-sa.com\/fr\/#website","url":"https:\/\/www.matrix-sa.com\/fr\/","name":"Matrix - Injection Moulds","description":"MATRIX is a company dedicated to designing and manufacturing high precision injection moulds using the most advanced technology integrated in CAD\/CAM\/CAE.","publisher":{"@id":"https:\/\/www.matrix-sa.com\/fr\/#organization"},"potentialAction":[{"@type":"SearchAction","target":{"@type":"EntryPoint","urlTemplate":"https:\/\/www.matrix-sa.com\/fr\/?s={search_term_string}"},"query-input":{"@type":"PropertyValueSpecification","valueRequired":true,"valueName":"search_term_string"}}],"inLanguage":"fr-FR"},{"@type":"Organization","@id":"https:\/\/www.matrix-sa.com\/fr\/#organization","name":"Matrix","url":"https:\/\/www.matrix-sa.com\/fr\/","logo":{"@type":"ImageObject","inLanguage":"fr-FR","@id":"https:\/\/www.matrix-sa.com\/fr\/#\/schema\/logo\/image\/","url":"https:\/\/www.matrix-sa.com\/wp-content\/uploads\/2025\/02\/Favicon.svg","contentUrl":"https:\/\/www.matrix-sa.com\/wp-content\/uploads\/2025\/02\/Favicon.svg","width":44,"height":44,"caption":"Matrix"},"image":{"@id":"https:\/\/www.matrix-sa.com\/fr\/#\/schema\/logo\/image\/"}}]}},"_links":{"self":[{"href":"https:\/\/www.matrix-sa.com\/fr\/wp-json\/wp\/v2\/pages\/4024","targetHints":{"allow":["GET"]}}],"collection":[{"href":"https:\/\/www.matrix-sa.com\/fr\/wp-json\/wp\/v2\/pages"}],"about":[{"href":"https:\/\/www.matrix-sa.com\/fr\/wp-json\/wp\/v2\/types\/page"}],"author":[{"embeddable":true,"href":"https:\/\/www.matrix-sa.com\/fr\/wp-json\/wp\/v2\/users\/1"}],"replies":[{"embeddable":true,"href":"https:\/\/www.matrix-sa.com\/fr\/wp-json\/wp\/v2\/comments?post=4024"}],"version-history":[{"count":4,"href":"https:\/\/www.matrix-sa.com\/fr\/wp-json\/wp\/v2\/pages\/4024\/revisions"}],"predecessor-version":[{"id":4041,"href":"https:\/\/www.matrix-sa.com\/fr\/wp-json\/wp\/v2\/pages\/4024\/revisions\/4041"}],"wp:attachment":[{"href":"https:\/\/www.matrix-sa.com\/fr\/wp-json\/wp\/v2\/media?parent=4024"}],"curies":[{"name":"wp","href":"https:\/\/api.w.org\/{rel}","templated":true}]}}