{"id":4550,"date":"2025-02-13T11:32:53","date_gmt":"2025-02-13T10:32:53","guid":{"rendered":"https:\/\/www.matrix-sa.com\/politique-de-confidentialite\/"},"modified":"2025-06-26T15:48:13","modified_gmt":"2025-06-26T13:48:13","slug":"politique-de-confidentialite","status":"publish","type":"page","link":"https:\/\/www.matrix-sa.com\/fr\/politique-de-confidentialite\/","title":{"rendered":"Politique de confidentialit\u00e9"},"content":{"rendered":"<p style=\"padding-left: 40px;\">Derni\u00e8re mise \u00e0 jour : 25 juin 2025<\/p>\n<p>&nbsp;<\/p>\n<p style=\"padding-left: 40px;\"><strong>1. OBJET<\/strong><\/p>\n<p style=\"padding-left: 40px;\">La pr\u00e9sente politique de confidentialit\u00e9 r\u00e9git le traitement des donn\u00e9es \u00e0 caract\u00e8re personnel effectu\u00e9 par le biais du site web <a href=\"https:\/\/www.matrix-sa.com\/fr\/\">https:\/\/www.matrix-sa.com<\/a> (ci-apr\u00e8s, le \u00ab Site \u00bb).<\/p>\n<p>&nbsp;<\/p>\n<p style=\"padding-left: 40px;\"><strong>2. RESPONSABLE DU TRAITEMENT DES DONN\u00c9ES<\/strong><\/p>\n<p style=\"padding-left: 40px;\">Le responsable du traitement est MATRIX, S.A.U., dont le si\u00e8ge social est situ\u00e9 Pol\u00edgon Industrial La Barricona, Ctra. C-26, km 195, 17500 Ripoll (Espagne), num\u00e9ro de NIF A17024720, et adresse \u00e9lectronique : privacy@matrix-sa.com. <\/p>\n<p style=\"padding-left: 40px;\">MATRIX, S.A.U. se r\u00e9serve le droit de modifier la pr\u00e9sente politique de confidentialit\u00e9 \u00e0 sa seule discr\u00e9tion ou en raison d\u2019un changement l\u00e9gislatif, jurisprudentiel ou r\u00e9glementaire impos\u00e9 par les autorit\u00e9s de contr\u00f4le comp\u00e9tentes. L\u2019utilisation du Site apr\u00e8s de telles modifications constitue l\u2019acceptation de celles-ci. <\/p>\n<p style=\"padding-left: 40px;\">Le Site peut contenir des liens vers des sites externes. MATRIX, S.A.U. d\u00e9cline toute responsabilit\u00e9 quant au contenu ou \u00e0 tout autre aspect de ces sites web externes. <\/p>\n<p>&nbsp;<\/p>\n<p style=\"padding-left: 40px;\"><strong>3. DONN\u00c9ES \u00c0 CARACT\u00c8RE PERSONNEL<\/strong><\/p>\n<p style=\"padding-left: 40px;\">MATRIX, S.A.U. ne collectera que les donn\u00e9es personnelles ad\u00e9quates, pertinentes et limit\u00e9es \u00e0 ce qui est n\u00e9cessaire au regard des finalit\u00e9s pour lesquelles elles sont trait\u00e9es, selon le cas.<\/p>\n<p style=\"padding-left: 40px;\">L\u2019utilisateur garantit l\u2019authenticit\u00e9 des donn\u00e9es fournies et sera seul responsable de toute d\u00e9claration fausse ou inexacte.<\/p>\n<p>&nbsp;<\/p>\n<p style=\"padding-left: 40px;\"><strong>4. FINALIT\u00c9S DU TRAITEMENT<\/strong><\/p>\n<p style=\"padding-left: 40px;\">Les donn\u00e9es personnelles seront trait\u00e9es par le responsable du traitement pour les finalit\u00e9s suivantes, selon le cas :<\/p>\n<p style=\"padding-left: 40px;\">\u00b7 Traiter, le cas \u00e9ch\u00e9ant, enqu\u00eater et r\u00e9pondre aux messages re\u00e7us.<br \/>\n\u00b7 R\u00e9pondre aux personnes ayant contact\u00e9 MATRIX, S.A.U. avec un int\u00e9r\u00eat potentiel \u00e0 devenir clients, distributeurs ou fournisseurs.<br \/>\n\u00b7 Gestion commerciale et administrative de la relation contractuelle existante avec les clients et fournisseurs, incluant l\u2019\u00e9mission et la gestion des devis, commandes et autres documents contractuels, ainsi que l\u2019\u00e9mission et le suivi des paiements et encaissements de factures.<br \/>\n\u00b7 Maintien de la relation contractuelle avec la personne concern\u00e9e ou avec l\u2019entreprise ou l\u2019organisation pour laquelle elle travaille ou collabore.<br \/>\n\u00b7 R\u00e9vision et \u00e9valuation des informations et\/ou documents fournis afin de participer \u00e0 un processus de recrutement pour un poste vacant actuel ou futur, ou pour soumettre une candidature spontan\u00e9e. Si cela pr\u00e9sente un int\u00e9r\u00eat pour MATRIX, S.A.U., l\u2019entreprise pourra contacter le candidat afin d\u2019\u00e9valuer sa candidature. En cas de refus, les donn\u00e9es pourront \u00eatre conserv\u00e9es pendant une p\u00e9riode suppl\u00e9mentaire d\u2019un an \u00e0 compter de leur r\u00e9ception.<br \/>\n\u00b7 Pr\u00e9vention, d\u00e9tection et contr\u00f4le des abus et fraudes commis sur le Site ou par son interm\u00e9diaire.<br \/>\n\u00b7 Gestion du respect des obligations l\u00e9gales \u00e9tablies.<\/p>\n<p>&nbsp;<\/p>\n<p style=\"padding-left: 40px;\"><strong>5. BASE L\u00c9GALE DU TRAITEMENT<\/strong><\/p>\n<p style=\"padding-left: 40px;\">La base l\u00e9gale du traitement des donn\u00e9es personnelles est le consentement de l\u2019utilisateur, lorsqu\u2019il est fourni, pour les finalit\u00e9s suivantes :<\/p>\n<p style=\"padding-left: 40px;\">\u00b7 Traitement et r\u00e9ponse aux messages re\u00e7us.<br \/>\n\u00b7 Conservation des informations et\/ou documents fournis pour participer \u00e0 des processus de recrutement pendant une p\u00e9riode suppl\u00e9mentaire d\u2019un an \u00e0 compter de leur r\u00e9ception.<\/p>\n<p style=\"padding-left: 40px;\">L\u2019utilisateur peut retirer son consentement \u00e0 tout moment, sans que cela n\u2019affecte la lic\u00e9it\u00e9 du traitement effectu\u00e9 avant ce retrait.<\/p>\n<p style=\"padding-left: 40px;\">La base l\u00e9gale sera le respect d\u2019une obligation l\u00e9gale, dans les cas suivants :<\/p>\n<p style=\"padding-left: 40px;\">\u00b7 Gestion administrative de la relation contractuelle existante avec les clients, incluant l\u2019\u00e9mission des factures.<br \/>\n\u00b7 Gestion du respect des obligations l\u00e9gales \u00e9tablies.<\/p>\n<p style=\"padding-left: 40px;\">Ce traitement est n\u00e9cessaire pour permettre \u00e0 MATRIX, S.A.U. de se conformer \u00e0 la l\u00e9gislation applicable.<\/p>\n<p style=\"padding-left: 40px;\">La base l\u00e9gale peut \u00e9galement \u00eatre l\u2019ex\u00e9cution de mesures pr\u00e9contractuelles demand\u00e9es par la personne concern\u00e9e, l\u2019intention de conclure un contrat avec le responsable du traitement ou l\u2019ex\u00e9cution de ce contrat, dans les cas suivants :<\/p>\n<p style=\"padding-left: 40px;\">\u00b7 R\u00e9pondre aux personnes ayant contact\u00e9 MATRIX, S.A.U. avec l\u2019intention potentielle de devenir clients, distributeurs ou fournisseurs de MATRIX, S.A.U.<br \/>\n\u00b7 Gestion commerciale et administrative de la relation contractuelle existante avec ses clients, incluant l\u2019\u00e9mission et la gestion des devis, commandes et autres documents contractuels, ainsi que le suivi des encaissements de factures.<br \/>\n\u00b7 Gestion commerciale et administrative de la relation contractuelle existante avec ses fournisseurs, incluant la gestion des devis, commandes et autres documents contractuels, ainsi que le suivi des paiements de factures.<br \/>\n\u00b7 R\u00e9vision et \u00e9valuation des informations et\/ou documents fournis afin de participer \u00e0 un processus de recrutement pour un poste vacant actuel ou futur, ou pour soumettre une candidature spontan\u00e9e. Si cela pr\u00e9sente un int\u00e9r\u00eat pour MATRIX, S.A.U., l\u2019entreprise contactera le candidat pour \u00e9valuer sa candidature. <\/p>\n<p style=\"padding-left: 40px;\">Le traitement des donn\u00e9es pour ces finalit\u00e9s est n\u00e9cessaire pour appliquer les mesures pr\u00e9contractuelles et pour conclure ou ex\u00e9cuter un contrat entre MATRIX, S.A.U. et ses clients et\/ou fournisseurs.<\/p>\n<p style=\"padding-left: 40px;\">Enfin, la base l\u00e9gale peut \u00eatre l\u2019int\u00e9r\u00eat l\u00e9gitime du responsable du traitement, pour les finalit\u00e9s suivantes :<\/p>\n<p style=\"padding-left: 40px;\">\u00b7 Maintien de la relation contractuelle avec la personne concern\u00e9e ou avec l\u2019entreprise ou organisation pour laquelle elle travaille ou collabore. Cet int\u00e9r\u00eat l\u00e9gitime est reconnu par la l\u00e9gislation applicable.<br \/>\n\u00b7 Pr\u00e9vention, d\u00e9tection et contr\u00f4le des abus et fraudes sur le Site. L\u2019int\u00e9r\u00eat l\u00e9gitime ici repose sur la n\u00e9cessit\u00e9 de garantir un espace web s\u00e9curis\u00e9. <\/p>\n<p>&nbsp;<\/p>\n<p style=\"padding-left: 40px;\"><strong>6. DESTINATAIRES<\/strong><\/p>\n<p style=\"padding-left: 40px;\">MATRIX, S.A.U. ne communiquera pas les donn\u00e9es personnelles \u00e0 des tiers, sauf en cas d\u2019obligation l\u00e9gale ou de recours \u00e0 des prestataires sous-traitants.<\/p>\n<p>&nbsp;<\/p>\n<p style=\"padding-left: 40px;\"><strong>7. DUR\u00c9E DE CONSERVATION DES DONN\u00c9ES<\/strong><\/p>\n<p style=\"padding-left: 40px;\">Lorsque la base l\u00e9gale du traitement est le consentement de l\u2019utilisateur, les donn\u00e9es seront conserv\u00e9es tant que ledit consentement ne sera pas retir\u00e9.<\/p>\n<p style=\"padding-left: 40px;\">Les CV seront conserv\u00e9s pendant une dur\u00e9e maximale de 12 mois afin d\u2019\u00eatre pris en compte pour de futurs processus de recrutement, sauf si l\u2019utilisateur retire son consentement au pr\u00e9alable.<\/p>\n<p style=\"padding-left: 40px;\">Lorsque la base l\u00e9gale est le respect d\u2019une obligation l\u00e9gale ou un int\u00e9r\u00eat l\u00e9gitime, les donn\u00e9es seront conserv\u00e9es pendant la dur\u00e9e n\u00e9cessaire pour satisfaire ces obligations.<\/p>\n<p style=\"padding-left: 40px;\">Si la base l\u00e9gale est l\u2019application de mesures pr\u00e9contractuelles ou l\u2019ex\u00e9cution d\u2019un contrat, les donn\u00e9es seront conserv\u00e9es tant que ces mesures ne seront pas annul\u00e9es ou pendant la dur\u00e9e n\u00e9cessaire \u00e0 l\u2019ex\u00e9cution du contrat.<\/p>\n<p style=\"padding-left: 40px;\">En tout \u00e9tat de cause, les donn\u00e9es personnelles seront conserv\u00e9es pendant la p\u00e9riode pendant laquelle le responsable du traitement pourrait \u00eatre tenu pour responsable, conform\u00e9ment \u00e0 la l\u00e9gislation applicable. Le cas \u00e9ch\u00e9ant, les donn\u00e9es seront bloqu\u00e9es jusqu\u2019\u00e0 expiration du d\u00e9lai de prescription correspondant. <\/p>\n<p>&nbsp;<\/p>\n<p style=\"padding-left: 40px;\"><strong>8. DROITS DE L&rsquo;UTILISATEUR<\/strong><\/p>\n<p style=\"padding-left: 40px;\">Vous pouvez exercer \u00e0 tout moment vos droits d\u2019acc\u00e8s, de rectification, de suppression, de limitation, d\u2019opposition et de portabilit\u00e9, conform\u00e9ment \u00e0 la l\u00e9gislation sur la protection des donn\u00e9es, en envoyant un courrier \u00e0 l\u2019adresse suivante : Pol\u00edgon Industrial La Barricona, Ctra. C-26, km 195, 17500 Ripoll (Espagne), ou par courrier \u00e9lectronique \u00e0 : <a href=\"mailto:privacy@matrix-sa.com\">privacy@matrix-sa.com<\/a>. <\/p>\n<p style=\"padding-left: 40px;\">Plus pr\u00e9cis\u00e9ment, vous pouvez :<\/p>\n<p style=\"padding-left: 40px;\">\u00b7 Acc\u00e9der \u00e0 vos donn\u00e9es personnelles.<br \/>\n\u00b7 Rectifier des donn\u00e9es inexactes ou incompl\u00e8tes.<br \/>\n\u00b7 Demander la suppression de vos donn\u00e9es lorsque, notamment, elles ne sont plus n\u00e9cessaires aux finalit\u00e9s pour lesquelles elles ont \u00e9t\u00e9 collect\u00e9es.<br \/>\n\u00b7 Demander la limitation du traitement dans certaines conditions pr\u00e9vues par la l\u00e9gislation sur la protection des donn\u00e9es.<br \/>\n\u00b7 Vous opposer au traitement de vos donn\u00e9es pour des raisons tenant \u00e0 votre situation particuli\u00e8re. Dans ce cas, MATRIX, S.A.U. cessera le traitement des donn\u00e9es, sauf en cas de motifs l\u00e9gitimes imp\u00e9rieux ou pour l\u2019exercice ou la d\u00e9fense de droits en justice.<br \/>\n\u00b7 Obtenir une intervention humaine, exprimer votre point de vue et contester les d\u00e9cisions automatis\u00e9es prises par MATRIX, S.A.U., le cas \u00e9ch\u00e9ant.<br \/>\n\u00b7 Demander la portabilit\u00e9 de vos donn\u00e9es.<\/p>\n<p style=\"padding-left: 40px;\">Si vous n\u2019\u00eates pas d\u2019accord avec la mani\u00e8re dont vos donn\u00e9es sont trait\u00e9es, vous pouvez d\u00e9poser une r\u00e9clamation aupr\u00e8s de l\u2019Agence Espagnole de Protection des Donn\u00e9es : <a href=\"http:\/\/www.aepd.es\">www.aepd.es.<\/a><\/p>\n","protected":false},"excerpt":{"rendered":"<p>Derni\u00e8re mise \u00e0 jour : 25 juin 2025 &nbsp; 1. OBJET La pr\u00e9sente politique de confidentialit\u00e9 r\u00e9git le traitement des donn\u00e9es \u00e0 caract\u00e8re personnel effectu\u00e9 par le biais du site web https:\/\/www.matrix-sa.com (ci-apr\u00e8s, le \u00ab Site \u00bb). &nbsp; 2. RESPONSABLE DU TRAITEMENT DES DONN\u00c9ES Le responsable du traitement est MATRIX, S.A.U., dont le si\u00e8ge social [&hellip;]<\/p>\n","protected":false},"author":1,"featured_media":0,"parent":0,"menu_order":0,"comment_status":"closed","ping_status":"open","template":"","meta":{"product_image_gallery":"","footnotes":""},"class_list":["post-4550","page","type-page","status-publish","hentry"],"yoast_head":"<!-- This site is optimized with the Yoast SEO plugin v27.3 - https:\/\/yoast.com\/product\/yoast-seo-wordpress\/ -->\n<title>Politique de confidentialit\u00e9 - Matrix<\/title>\n<meta name=\"robots\" content=\"noindex, nofollow\" \/>\n<meta property=\"og:locale\" content=\"fr_FR\" \/>\n<meta property=\"og:type\" content=\"article\" \/>\n<meta property=\"og:title\" content=\"Politique de confidentialit\u00e9 - Matrix\" \/>\n<meta property=\"og:description\" content=\"Derni\u00e8re mise \u00e0 jour : 25 juin 2025 &nbsp; 1. OBJET La pr\u00e9sente politique de confidentialit\u00e9 r\u00e9git le traitement des donn\u00e9es \u00e0 caract\u00e8re personnel effectu\u00e9 par le biais du site web https:\/\/www.matrix-sa.com (ci-apr\u00e8s, le \u00ab Site \u00bb). &nbsp; 2. RESPONSABLE DU TRAITEMENT DES DONN\u00c9ES Le responsable du traitement est MATRIX, S.A.U., dont le si\u00e8ge social [&hellip;]\" \/>\n<meta property=\"og:url\" content=\"https:\/\/www.matrix-sa.com\/fr\/politique-de-confidentialite\/\" \/>\n<meta property=\"og:site_name\" content=\"Matrix\" \/>\n<meta property=\"article:modified_time\" content=\"2025-06-26T13:48:13+00:00\" \/>\n<meta property=\"og:image\" content=\"https:\/\/www.matrix-sa.com\/wp-content\/uploads\/2025\/03\/matrix-external-view.webp\" \/>\n\t<meta property=\"og:image:width\" content=\"2000\" \/>\n\t<meta property=\"og:image:height\" content=\"1004\" \/>\n\t<meta property=\"og:image:type\" content=\"image\/webp\" \/>\n<meta name=\"twitter:card\" content=\"summary_large_image\" \/>\n<meta name=\"twitter:label1\" content=\"Dur\u00e9e de lecture estim\u00e9e\" \/>\n\t<meta name=\"twitter:data1\" content=\"6 minutes\" \/>\n<script type=\"application\/ld+json\" class=\"yoast-schema-graph\">{\"@context\":\"https:\\\/\\\/schema.org\",\"@graph\":[{\"@type\":\"WebPage\",\"@id\":\"https:\\\/\\\/www.matrix-sa.com\\\/fr\\\/politique-de-confidentialite\\\/\",\"url\":\"https:\\\/\\\/www.matrix-sa.com\\\/fr\\\/politique-de-confidentialite\\\/\",\"name\":\"Politique de confidentialit\u00e9 - Matrix\",\"isPartOf\":{\"@id\":\"https:\\\/\\\/www.matrix-sa.com\\\/fr\\\/#website\"},\"datePublished\":\"2025-02-13T10:32:53+00:00\",\"dateModified\":\"2025-06-26T13:48:13+00:00\",\"breadcrumb\":{\"@id\":\"https:\\\/\\\/www.matrix-sa.com\\\/fr\\\/politique-de-confidentialite\\\/#breadcrumb\"},\"inLanguage\":\"fr-FR\",\"potentialAction\":[{\"@type\":\"ReadAction\",\"target\":[\"https:\\\/\\\/www.matrix-sa.com\\\/fr\\\/politique-de-confidentialite\\\/\"]}]},{\"@type\":\"BreadcrumbList\",\"@id\":\"https:\\\/\\\/www.matrix-sa.com\\\/fr\\\/politique-de-confidentialite\\\/#breadcrumb\",\"itemListElement\":[{\"@type\":\"ListItem\",\"position\":1,\"name\":\"Maison\",\"item\":\"https:\\\/\\\/www.matrix-sa.com\\\/fr\\\/accueil\\\/\"},{\"@type\":\"ListItem\",\"position\":2,\"name\":\"Politique de confidentialit\u00e9\"}]},{\"@type\":\"WebSite\",\"@id\":\"https:\\\/\\\/www.matrix-sa.com\\\/fr\\\/#website\",\"url\":\"https:\\\/\\\/www.matrix-sa.com\\\/fr\\\/\",\"name\":\"Matrix - Injection Moulds\",\"description\":\"MATRIX is a company dedicated to designing and manufacturing high precision injection moulds using the most advanced technology integrated in CAD\\\/CAM\\\/CAE.\",\"publisher\":{\"@id\":\"https:\\\/\\\/www.matrix-sa.com\\\/fr\\\/#organization\"},\"potentialAction\":[{\"@type\":\"SearchAction\",\"target\":{\"@type\":\"EntryPoint\",\"urlTemplate\":\"https:\\\/\\\/www.matrix-sa.com\\\/fr\\\/?s={search_term_string}\"},\"query-input\":{\"@type\":\"PropertyValueSpecification\",\"valueRequired\":true,\"valueName\":\"search_term_string\"}}],\"inLanguage\":\"fr-FR\"},{\"@type\":\"Organization\",\"@id\":\"https:\\\/\\\/www.matrix-sa.com\\\/fr\\\/#organization\",\"name\":\"Matrix\",\"url\":\"https:\\\/\\\/www.matrix-sa.com\\\/fr\\\/\",\"logo\":{\"@type\":\"ImageObject\",\"inLanguage\":\"fr-FR\",\"@id\":\"https:\\\/\\\/www.matrix-sa.com\\\/fr\\\/#\\\/schema\\\/logo\\\/image\\\/\",\"url\":\"https:\\\/\\\/www.matrix-sa.com\\\/wp-content\\\/uploads\\\/2025\\\/02\\\/Favicon.svg\",\"contentUrl\":\"https:\\\/\\\/www.matrix-sa.com\\\/wp-content\\\/uploads\\\/2025\\\/02\\\/Favicon.svg\",\"width\":44,\"height\":44,\"caption\":\"Matrix\"},\"image\":{\"@id\":\"https:\\\/\\\/www.matrix-sa.com\\\/fr\\\/#\\\/schema\\\/logo\\\/image\\\/\"}}]}<\/script>\n<!-- \/ Yoast SEO plugin. -->","yoast_head_json":{"title":"Politique de confidentialit\u00e9 - Matrix","robots":{"index":"noindex","follow":"nofollow"},"og_locale":"fr_FR","og_type":"article","og_title":"Politique de confidentialit\u00e9 - Matrix","og_description":"Derni\u00e8re mise \u00e0 jour : 25 juin 2025 &nbsp; 1. OBJET La pr\u00e9sente politique de confidentialit\u00e9 r\u00e9git le traitement des donn\u00e9es \u00e0 caract\u00e8re personnel effectu\u00e9 par le biais du site web https:\/\/www.matrix-sa.com (ci-apr\u00e8s, le \u00ab Site \u00bb). &nbsp; 2. RESPONSABLE DU TRAITEMENT DES DONN\u00c9ES Le responsable du traitement est MATRIX, S.A.U., dont le si\u00e8ge social [&hellip;]","og_url":"https:\/\/www.matrix-sa.com\/fr\/politique-de-confidentialite\/","og_site_name":"Matrix","article_modified_time":"2025-06-26T13:48:13+00:00","og_image":[{"width":2000,"height":1004,"url":"https:\/\/www.matrix-sa.com\/wp-content\/uploads\/2025\/03\/matrix-external-view.webp","type":"image\/webp"}],"twitter_card":"summary_large_image","twitter_misc":{"Dur\u00e9e de lecture estim\u00e9e":"6 minutes"},"schema":{"@context":"https:\/\/schema.org","@graph":[{"@type":"WebPage","@id":"https:\/\/www.matrix-sa.com\/fr\/politique-de-confidentialite\/","url":"https:\/\/www.matrix-sa.com\/fr\/politique-de-confidentialite\/","name":"Politique de confidentialit\u00e9 - Matrix","isPartOf":{"@id":"https:\/\/www.matrix-sa.com\/fr\/#website"},"datePublished":"2025-02-13T10:32:53+00:00","dateModified":"2025-06-26T13:48:13+00:00","breadcrumb":{"@id":"https:\/\/www.matrix-sa.com\/fr\/politique-de-confidentialite\/#breadcrumb"},"inLanguage":"fr-FR","potentialAction":[{"@type":"ReadAction","target":["https:\/\/www.matrix-sa.com\/fr\/politique-de-confidentialite\/"]}]},{"@type":"BreadcrumbList","@id":"https:\/\/www.matrix-sa.com\/fr\/politique-de-confidentialite\/#breadcrumb","itemListElement":[{"@type":"ListItem","position":1,"name":"Maison","item":"https:\/\/www.matrix-sa.com\/fr\/accueil\/"},{"@type":"ListItem","position":2,"name":"Politique de confidentialit\u00e9"}]},{"@type":"WebSite","@id":"https:\/\/www.matrix-sa.com\/fr\/#website","url":"https:\/\/www.matrix-sa.com\/fr\/","name":"Matrix - Injection Moulds","description":"MATRIX is a company dedicated to designing and manufacturing high precision injection moulds using the most advanced technology integrated in CAD\/CAM\/CAE.","publisher":{"@id":"https:\/\/www.matrix-sa.com\/fr\/#organization"},"potentialAction":[{"@type":"SearchAction","target":{"@type":"EntryPoint","urlTemplate":"https:\/\/www.matrix-sa.com\/fr\/?s={search_term_string}"},"query-input":{"@type":"PropertyValueSpecification","valueRequired":true,"valueName":"search_term_string"}}],"inLanguage":"fr-FR"},{"@type":"Organization","@id":"https:\/\/www.matrix-sa.com\/fr\/#organization","name":"Matrix","url":"https:\/\/www.matrix-sa.com\/fr\/","logo":{"@type":"ImageObject","inLanguage":"fr-FR","@id":"https:\/\/www.matrix-sa.com\/fr\/#\/schema\/logo\/image\/","url":"https:\/\/www.matrix-sa.com\/wp-content\/uploads\/2025\/02\/Favicon.svg","contentUrl":"https:\/\/www.matrix-sa.com\/wp-content\/uploads\/2025\/02\/Favicon.svg","width":44,"height":44,"caption":"Matrix"},"image":{"@id":"https:\/\/www.matrix-sa.com\/fr\/#\/schema\/logo\/image\/"}}]}},"_links":{"self":[{"href":"https:\/\/www.matrix-sa.com\/fr\/wp-json\/wp\/v2\/pages\/4550","targetHints":{"allow":["GET"]}}],"collection":[{"href":"https:\/\/www.matrix-sa.com\/fr\/wp-json\/wp\/v2\/pages"}],"about":[{"href":"https:\/\/www.matrix-sa.com\/fr\/wp-json\/wp\/v2\/types\/page"}],"author":[{"embeddable":true,"href":"https:\/\/www.matrix-sa.com\/fr\/wp-json\/wp\/v2\/users\/1"}],"replies":[{"embeddable":true,"href":"https:\/\/www.matrix-sa.com\/fr\/wp-json\/wp\/v2\/comments?post=4550"}],"version-history":[{"count":3,"href":"https:\/\/www.matrix-sa.com\/fr\/wp-json\/wp\/v2\/pages\/4550\/revisions"}],"predecessor-version":[{"id":4738,"href":"https:\/\/www.matrix-sa.com\/fr\/wp-json\/wp\/v2\/pages\/4550\/revisions\/4738"}],"wp:attachment":[{"href":"https:\/\/www.matrix-sa.com\/fr\/wp-json\/wp\/v2\/media?parent=4550"}],"curies":[{"name":"wp","href":"https:\/\/api.w.org\/{rel}","templated":true}]}}